{"id":539580,"date":"2025-09-05T17:38:18","date_gmt":"2025-09-05T14:38:18","guid":{"rendered":"https:\/\/staging.nbg.eu\/product\/or-leupold-delta-point-mounting-kit-for-l-02-w-02-steel-black\/"},"modified":"2025-09-30T14:24:40","modified_gmt":"2025-09-30T11:24:40","slug":"or-leupold-delta-point-montazna-suprava-pre-l-02-w-02-ocel-cierna","status":"publish","type":"product","link":"https:\/\/staging.nbg.eu\/sk\/produkt\/or-leupold-delta-point-montazna-suprava-pre-l-02-w-02-ocel-cierna\/","title":{"rendered":"OR LEUPOLD DELTA POINT mont\u00e1\u017ena s\u00faprava pre L-02, W-02, oce\u013e \u010dierna"},"content":{"rendered":"<div class=\"product-description\">\n<h2>OR LEUPOLD DELTA POINT PRO MONT\u00c1\u017dNA S\u00daPRAVA LW64<\/h2>\n<p><strong>Referencia:<\/strong> 0091-01207-0001<\/p>\n<p><strong>Zna\u010dka:<\/strong> KMR Precision Arms<\/p>\n<h2>Popis<\/h2>\n<p>Mont\u00e1\u017ena s\u00faprava OR LEUPOLD DELTA POINT PRO LW64 je ur\u010den\u00e1 pre pi\u0161tole KMR L-02 alebo W-02. T\u00e1to z\u00e1klad\u0148ov\u00e1 doska je navrhnut\u00e1 pre modely pi\u0161tol\u00ed KMR L-02 a W-02 pripraven\u00e9 na optiku (OR) a je kompatibiln\u00e1 s optikou s p\u00e4tkou Leupold DeltaPoint Pro.<\/p>\n<h2>Detaily produktu<\/h2>\n<ul>\n<li>Materi\u00e1l: Oce\u013e<\/li>\n<li>Farba: \u010cierna<\/li>\n<li>Obsahuje dve in\u0161tala\u010dn\u00e9 skrutky M4<\/li>\n<\/ul>\n<h2>In\u0161tal\u00e1cia<\/h2>\n<ol>\n<li>Odskrutkujte p\u00f4vodn\u00fa z\u00e1klad\u0148ov\u00fa dosku z pi\u0161tole<\/li>\n<li>D\u00f4kladne o\u010distite miesto mont\u00e1\u017ee dosky<\/li>\n<li>Nain\u0161talujte nov\u00fa z\u00e1klad\u0148ov\u00fa dosku<\/li>\n<li>Utiahnite dve prilo\u017een\u00e9 skrutky M4 pomocou zais\u0165ova\u010da z\u00e1vitov<\/li>\n<\/ol>\n<p><strong>D\u00f4le\u017eit\u00e9:<\/strong> NEPOU\u017d\u00cdVAJTE \u010cERVEN\u00dd LOCTITE!<\/p>\n<h2>Kompatibiln\u00e9 kolim\u00e1tory<\/h2>\n<p>T\u00e1to mont\u00e1\u017ena s\u00faprava je kompatibiln\u00e1 s r\u00f4znymi kolim\u00e1tormi, ktor\u00e9 pou\u017e\u00edvaj\u00fa mont\u00e1\u017eny \u0161tandard Leupold DeltaPoint Pro, vr\u00e1tane:<\/p>\n<ul>\n<li>Leupold DeltaPoint Pro<\/li>\n<li>Vortex Defender XL<\/li>\n<li>Eotech Eflx<\/li>\n<li>Holosun SCS 320<\/li>\n<li>A mnoh\u00e9 \u010fal\u0161ie<\/li>\n<\/ul>\n<p>T\u00e1to mont\u00e1\u017ena s\u00faprava umo\u017e\u0148uje pripevni\u0165 preferovan\u00fd kolim\u00e1tor na va\u0161u pi\u0161to\u013e KMR L-02 alebo W-02.<\/p>\n<\/div>\n","protected":false},"excerpt":{"rendered":"<p>Oce\u013eov\u00e1 z\u00e1kladn\u00e1 doska pre pi\u0161tole KMR L-02\/W-02, vhodn\u00e1 pre optiku DeltaPoint Pro<\/p>\n","protected":false},"featured_media":497558,"template":"","meta":{"_acf_changed":false},"product_brand":[11505],"product_cat":[13349],"product_tag":[],"class_list":{"0":"post-539580","1":"product","2":"type-product","3":"status-publish","4":"has-post-thumbnail","6":"product_brand-kmr-precision","7":"product_cat-kmr-diely","9":"first","10":"instock","11":"taxable","12":"shipping-taxable","13":"purchasable","14":"product-type-simple"},"acf":[],"_links":{"self":[{"href":"https:\/\/staging.nbg.eu\/sk\/wp-json\/wp\/v2\/product\/539580","targetHints":{"allow":["GET"]}}],"collection":[{"href":"https:\/\/staging.nbg.eu\/sk\/wp-json\/wp\/v2\/product"}],"about":[{"href":"https:\/\/staging.nbg.eu\/sk\/wp-json\/wp\/v2\/types\/product"}],"wp:featuredmedia":[{"embeddable":true,"href":"https:\/\/staging.nbg.eu\/sk\/wp-json\/wp\/v2\/media\/497558"}],"wp:attachment":[{"href":"https:\/\/staging.nbg.eu\/sk\/wp-json\/wp\/v2\/media?parent=539580"}],"wp:term":[{"taxonomy":"product_brand","embeddable":true,"href":"https:\/\/staging.nbg.eu\/sk\/wp-json\/wp\/v2\/product_brand?post=539580"},{"taxonomy":"product_cat","embeddable":true,"href":"https:\/\/staging.nbg.eu\/sk\/wp-json\/wp\/v2\/product_cat?post=539580"},{"taxonomy":"product_tag","embeddable":true,"href":"https:\/\/staging.nbg.eu\/sk\/wp-json\/wp\/v2\/product_tag?post=539580"}],"curies":[{"name":"wp","href":"https:\/\/api.w.org\/{rel}","templated":true}]}}