{"id":53904,"date":"2024-03-04T08:23:25","date_gmt":"2024-09-13T12:54:33","guid":{"rendered":"https:\/\/staging.nbg.eu\/product\/bore-tech-bronze-rifle-brush-3-pack-multiple-calibers\/"},"modified":"2024-09-13T12:55:38","modified_gmt":"2024-09-13T12:55:38","slug":"bore-tech-bronzova-puskarska-kefa-3-kusy-viacero-kalibrov","status":"publish","type":"product","link":"https:\/\/staging.nbg.eu\/sk\/produkt\/bore-tech-bronzova-puskarska-kefa-3-kusy-viacero-kalibrov\/","title":{"rendered":"Bore Tech Bronzov\u00e1 Pu\u0161k\u00e1rska Kefa (3 Kusy, Viacero Kalibrov)"},"content":{"rendered":"<p>\nPu\u0161kov\u00e1 kefa Bore Tech Bronze m\u00e1 kvalitn\u00fa kon\u0161trukciu a technick\u00e9 vlastnosti. M\u00e1 dvojn\u00e1sobn\u00e9 mno\u017estvo fosforovo-bronzov\u00fdch \u0161tet\u00edn pre lep\u0161ie \u010distenie a pon\u00faka:<\/p>\n<ul>\n<li>Slu\u010dkovan\u00e9 zakon\u010denie a dvojito vinut\u00e9 jadro pre bezpe\u010dnos\u0165 hlavne<\/li>\n<li>Hlin\u00edkov\u00e9 \u010dapy leteckej kvality<\/li>\n<li>Priemery \u0161tet\u00edn \u0161pecifick\u00e9 pre jednotliv\u00e9 kalibre<\/li>\n<li>Dostupn\u00e9 pre kalibre od .17 do .50<\/li>\n<\/ul>\n<p>Kefy Bore Tech umo\u017e\u0148uj\u00fa r\u00fdchlej\u0161ie a efekt\u00edvnej\u0161ie \u010distenie.<\/p>\n","protected":false},"excerpt":{"rendered":"<p>Pr\u00e9miov\u00e1 bronzov\u00e1 kefa na pu\u0161ku pre efekt\u00edvne a bezpe\u010dn\u00e9 \u010distenie hlavne.<\/p>\n","protected":false},"featured_media":53905,"template":"","meta":{"_acf_changed":false},"product_brand":[11161],"product_cat":[13378,13405],"product_tag":[],"class_list":{"0":"post-53904","1":"product","2":"type-product","3":"status-publish","4":"has-post-thumbnail","6":"product_brand-boretech","7":"product_cat-cistenie-zbrani","8":"product_cat-kefky","10":"first","11":"instock","12":"taxable","13":"shipping-taxable","14":"purchasable","15":"product-type-variable","16":"wvs-archive-product-wrapper"},"acf":[],"_links":{"self":[{"href":"https:\/\/staging.nbg.eu\/sk\/wp-json\/wp\/v2\/product\/53904","targetHints":{"allow":["GET"]}}],"collection":[{"href":"https:\/\/staging.nbg.eu\/sk\/wp-json\/wp\/v2\/product"}],"about":[{"href":"https:\/\/staging.nbg.eu\/sk\/wp-json\/wp\/v2\/types\/product"}],"wp:featuredmedia":[{"embeddable":true,"href":"https:\/\/staging.nbg.eu\/sk\/wp-json\/wp\/v2\/media\/53905"}],"wp:attachment":[{"href":"https:\/\/staging.nbg.eu\/sk\/wp-json\/wp\/v2\/media?parent=53904"}],"wp:term":[{"taxonomy":"product_brand","embeddable":true,"href":"https:\/\/staging.nbg.eu\/sk\/wp-json\/wp\/v2\/product_brand?post=53904"},{"taxonomy":"product_cat","embeddable":true,"href":"https:\/\/staging.nbg.eu\/sk\/wp-json\/wp\/v2\/product_cat?post=53904"},{"taxonomy":"product_tag","embeddable":true,"href":"https:\/\/staging.nbg.eu\/sk\/wp-json\/wp\/v2\/product_tag?post=53904"}],"curies":[{"name":"wp","href":"https:\/\/api.w.org\/{rel}","templated":true}]}}