{"id":538960,"date":"2025-09-05T17:38:05","date_gmt":"2025-09-05T14:38:05","guid":{"rendered":"https:\/\/staging.nbg.eu\/product\/ar-15-bolt-catch-roll-pin\/"},"modified":"2025-09-30T13:40:19","modified_gmt":"2025-09-30T10:40:19","slug":"ar-15-valcovy-kolik-zachytu-zaveru","status":"publish","type":"product","link":"https:\/\/staging.nbg.eu\/sk\/produkt\/ar-15-valcovy-kolik-zachytu-zaveru\/","title":{"rendered":"AR-15 valcov\u00fd kol\u00edk z\u00e1chytu z\u00e1veru"},"content":{"rendered":"<div class=\"product-description\">\n<h2>Kol\u00edk z\u00e1chytu z\u00e1veru pre AR-15<\/h2>\n<p>Tento kol\u00edk z\u00e1chytu z\u00e1veru je s\u00fa\u010das\u0165ou AR-15. Vyroben\u00fd v USA, tento komponent zabezpe\u010duje spo\u013eahliv\u00fa funkciu zbrane.<\/p>\n<ul>\n<li><strong>\u010c\u00edslo Brownells:<\/strong> 100044599<\/li>\n<li><strong>\u010c\u00edslo v\u00fdrobcu:<\/strong> 55CA547<\/li>\n<li><strong>UPC:<\/strong> 810046231234<\/li>\n<li><strong>Kompatibilita:<\/strong> Univerz\u00e1lny pre AR-15<\/li>\n<\/ul>\n<p>Tento kol\u00edk je navrhnut\u00fd na univerz\u00e1lne pou\u017eitie pre platformy AR-15, \u010do ho rob\u00ed vhodn\u00fdm pre r\u00f4zne modely. Je vyroben\u00fd tak, aby sp\u013a\u0148al \u0161tandardy kvality a poskytoval pevn\u00e9 spojenie pre zostavu z\u00e1chytu z\u00e1veru.<\/p>\n","protected":false},"excerpt":{"rendered":"<p>\u010cap z\u00e1padky z\u00e1vorn\u00edka AR-15 vyroben\u00fd v USA. Nevyhnutn\u00fd pre in\u0161tal\u00e1ciu z\u00e1padky z\u00e1vorn\u00edka.<\/p>\n","protected":false},"featured_media":497328,"template":"","meta":{"_acf_changed":false},"product_brand":[],"product_cat":[13397,13346],"product_tag":[],"class_list":{"0":"post-538960","1":"product","2":"type-product","3":"status-publish","4":"has-post-thumbnail","6":"product_cat-puska","7":"product_cat-rifle-tuning","9":"first","10":"instock","11":"taxable","12":"shipping-taxable","13":"purchasable","14":"product-type-simple"},"acf":[],"_links":{"self":[{"href":"https:\/\/staging.nbg.eu\/sk\/wp-json\/wp\/v2\/product\/538960","targetHints":{"allow":["GET"]}}],"collection":[{"href":"https:\/\/staging.nbg.eu\/sk\/wp-json\/wp\/v2\/product"}],"about":[{"href":"https:\/\/staging.nbg.eu\/sk\/wp-json\/wp\/v2\/types\/product"}],"wp:featuredmedia":[{"embeddable":true,"href":"https:\/\/staging.nbg.eu\/sk\/wp-json\/wp\/v2\/media\/497328"}],"wp:attachment":[{"href":"https:\/\/staging.nbg.eu\/sk\/wp-json\/wp\/v2\/media?parent=538960"}],"wp:term":[{"taxonomy":"product_brand","embeddable":true,"href":"https:\/\/staging.nbg.eu\/sk\/wp-json\/wp\/v2\/product_brand?post=538960"},{"taxonomy":"product_cat","embeddable":true,"href":"https:\/\/staging.nbg.eu\/sk\/wp-json\/wp\/v2\/product_cat?post=538960"},{"taxonomy":"product_tag","embeddable":true,"href":"https:\/\/staging.nbg.eu\/sk\/wp-json\/wp\/v2\/product_tag?post=538960"}],"curies":[{"name":"wp","href":"https:\/\/api.w.org\/{rel}","templated":true}]}}