{"id":538005,"date":"2025-09-05T17:25:46","date_gmt":"2025-09-05T14:25:46","guid":{"rendered":"https:\/\/staging.nbg.eu\/product\/recoil-spring-kmr-45-extra-extrasoft-8\/"},"modified":"2025-09-30T12:20:44","modified_gmt":"2025-09-30T09:20:44","slug":"pruzina-vratna-kmr-45-extra-extrasoft-8","status":"publish","type":"product","link":"https:\/\/staging.nbg.eu\/sk\/produkt\/pruzina-vratna-kmr-45-extra-extrasoft-8\/","title":{"rendered":"Pru\u017eina vratn\u00e1 KMR 4,5&#8243; extra extrasoft (8)"},"content":{"rendered":"<h2>VRATN\u00c1 PRU\u017dINA KMR 4,5&#8243; EXTRA EXTRA M\u00c4KK\u00c1 (8)<\/h2>\n<p>VRATN\u00c1 PRU\u017dINA KMR 4,5&#8243; EXTRA EXTRA M\u00c4KK\u00c1 (8) od KMR Precision Arms je ur\u010den\u00e1 pre 4,5-palcov\u00e9 streln\u00e9 zbrane.<\/p>\n<h2>Vlastnosti produktu:<\/h2>\n<ul>\n<li>Zna\u010dka: KMR Precision Arms<\/li>\n<li>Referencia: 0730-05801-0000<\/li>\n<li>D\u013a\u017eka: 4,5 palca<\/li>\n<li>Typ: Extra extra m\u00e4kk\u00e1<\/li>\n<li>Mno\u017estvo: 8 pru\u017e\u00edn v balen\u00ed<\/li>\n<\/ul>\n<p>T\u00e1to extra extra m\u00e4kk\u00e1 vratn\u00e1 pru\u017eina je navrhnut\u00e1 na zn\u00ed\u017eenie sp\u00e4tn\u00e9ho r\u00e1zu. Je vhodn\u00e1 pre s\u00fa\u0165a\u017en\u00fdch strelcov a nad\u0161encov, ktor\u00ed chc\u00fa upravi\u0165 v\u00fdkon svojej zbrane. Pru\u017eina KMR 4,5&#8243; EXTRA EXTRA M\u00c4KK\u00c1 zabezpe\u010duje plynul\u00fd cyklus a spo\u013eahliv\u00fa prev\u00e1dzku.<\/p>\n","protected":false},"excerpt":{"rendered":"<p>Mimoriadne m\u00e4kk\u00e1 sp\u00e4tn\u00e1 pru\u017eina pre presn\u00e9 zbrane KMR 4,5&#8243;. Plynul\u00fd chod.<\/p>\n","protected":false},"featured_media":496966,"template":"","meta":{"_acf_changed":false},"product_brand":[11505],"product_cat":[13349],"product_tag":[],"class_list":{"0":"post-538005","1":"product","2":"type-product","3":"status-publish","4":"has-post-thumbnail","6":"product_brand-kmr-precision","7":"product_cat-kmr-diely","9":"first","10":"instock","11":"taxable","12":"shipping-taxable","13":"purchasable","14":"product-type-simple"},"acf":[],"_links":{"self":[{"href":"https:\/\/staging.nbg.eu\/sk\/wp-json\/wp\/v2\/product\/538005","targetHints":{"allow":["GET"]}}],"collection":[{"href":"https:\/\/staging.nbg.eu\/sk\/wp-json\/wp\/v2\/product"}],"about":[{"href":"https:\/\/staging.nbg.eu\/sk\/wp-json\/wp\/v2\/types\/product"}],"wp:featuredmedia":[{"embeddable":true,"href":"https:\/\/staging.nbg.eu\/sk\/wp-json\/wp\/v2\/media\/496966"}],"wp:attachment":[{"href":"https:\/\/staging.nbg.eu\/sk\/wp-json\/wp\/v2\/media?parent=538005"}],"wp:term":[{"taxonomy":"product_brand","embeddable":true,"href":"https:\/\/staging.nbg.eu\/sk\/wp-json\/wp\/v2\/product_brand?post=538005"},{"taxonomy":"product_cat","embeddable":true,"href":"https:\/\/staging.nbg.eu\/sk\/wp-json\/wp\/v2\/product_cat?post=538005"},{"taxonomy":"product_tag","embeddable":true,"href":"https:\/\/staging.nbg.eu\/sk\/wp-json\/wp\/v2\/product_tag?post=538005"}],"curies":[{"name":"wp","href":"https:\/\/api.w.org\/{rel}","templated":true}]}}