{"id":537763,"date":"2025-09-05T00:17:22","date_gmt":"2025-09-04T21:17:22","guid":{"rendered":"https:\/\/staging.nbg.eu\/product\/badger-ordnance-34mm-condition-one-accessory-ring-cap-tan-700-34\/"},"modified":"2025-09-30T11:50:49","modified_gmt":"2025-09-30T08:50:49","slug":"badger-ordnance-34mm-condition-one-kryt-pomocneho-kruzku-tan-700-34","status":"publish","type":"product","link":"https:\/\/staging.nbg.eu\/sk\/produkt\/badger-ordnance-34mm-condition-one-kryt-pomocneho-kruzku-tan-700-34\/","title":{"rendered":"BADGER ORDNANCE 34MM CONDITION ONE Kryt pomocn\u00e9ho kr\u00fa\u017eku TAN (700-34)"},"content":{"rendered":"<div class=\"product-description\">\n<h2>BADGER ORDNANCE 34MM CONDITION ONE PR\u00cdSLU\u0160ENSTVO KR\u00da\u017dOK KRYT TAN (700-34)<\/h2>\n<p>Dopl\u0148te svoj Condition One Modul\u00e1rny Dr\u017eiak pr\u00edslu\u0161enstvom Badger Ordnance Condition One Kryt Pr\u00edslu\u0161enstva Kr\u00fa\u017eku (C1 ARC). Toto pr\u00edslu\u0161enstvo pon\u00faka:<\/p>\n<ul>\n<li>Integr\u00e1cia s Condition One Modul\u00e1rnymi Dr\u017eiakmi<\/li>\n<li>Mo\u017enosti upevnenia &#8211; predn\u00e1 alebo zadn\u00e1 poz\u00edcia<\/li>\n<li>Kompatibilita s r\u00f4znym pr\u00edslu\u0161enstvom, vr\u00e1tane ko\u013eajn\u00edc pre laserov\u00fd dia\u013ekomer a optiky \u010derven\u00e9ho bodu na 12 hodin\u00e1ch<\/li>\n<li>Pripojenie\/odpojenie bez naru\u0161enia nastavenia prim\u00e1rnej optiky<\/li>\n<li>Tan povrchov\u00e1 \u00faprava pre taktick\u00e9 pou\u017eitie<\/li>\n<\/ul>\n<p>Vylep\u0161ite svoje optick\u00e9 nastavenie s C1 ARC, navrhnut\u00fdm pre prisp\u00f4sobenie a funk\u010dnos\u0165 pre strelcov a profesion\u00e1lov.<\/p>\n<\/div>\n","protected":false},"excerpt":{"rendered":"<p>Prisp\u00f4sobite\u013en\u00e1 34mm kr\u00fa\u017ekov\u00e1 krytka pre dr\u017eiaky Condition One. V\u0161estrann\u00e9 pr\u00edslu\u0161enstvo na pripevnenie.<\/p>\n","protected":false},"featured_media":496490,"template":"","meta":{"_acf_changed":false},"product_brand":[11097],"product_cat":[13373,13330],"product_tag":[],"class_list":{"0":"post-537763","1":"product","2":"type-product","3":"status-publish","4":"has-post-thumbnail","6":"product_brand-badger-ordnance","7":"product_cat-mierenie","8":"product_cat-mierenske-prislusenstvo","10":"first","11":"instock","12":"taxable","13":"shipping-taxable","14":"purchasable","15":"product-type-simple"},"acf":[],"_links":{"self":[{"href":"https:\/\/staging.nbg.eu\/sk\/wp-json\/wp\/v2\/product\/537763","targetHints":{"allow":["GET"]}}],"collection":[{"href":"https:\/\/staging.nbg.eu\/sk\/wp-json\/wp\/v2\/product"}],"about":[{"href":"https:\/\/staging.nbg.eu\/sk\/wp-json\/wp\/v2\/types\/product"}],"wp:featuredmedia":[{"embeddable":true,"href":"https:\/\/staging.nbg.eu\/sk\/wp-json\/wp\/v2\/media\/496490"}],"wp:attachment":[{"href":"https:\/\/staging.nbg.eu\/sk\/wp-json\/wp\/v2\/media?parent=537763"}],"wp:term":[{"taxonomy":"product_brand","embeddable":true,"href":"https:\/\/staging.nbg.eu\/sk\/wp-json\/wp\/v2\/product_brand?post=537763"},{"taxonomy":"product_cat","embeddable":true,"href":"https:\/\/staging.nbg.eu\/sk\/wp-json\/wp\/v2\/product_cat?post=537763"},{"taxonomy":"product_tag","embeddable":true,"href":"https:\/\/staging.nbg.eu\/sk\/wp-json\/wp\/v2\/product_tag?post=537763"}],"curies":[{"name":"wp","href":"https:\/\/api.w.org\/{rel}","templated":true}]}}