{"id":535427,"date":"2025-09-04T23:53:51","date_gmt":"2025-09-04T20:53:51","guid":{"rendered":"https:\/\/staging.nbg.eu\/product\/law-tactical-llc-ar-15-m16-gen3-m-folding-stock-adapter-99312\/"},"modified":"2025-09-29T15:52:08","modified_gmt":"2025-09-29T12:52:08","slug":"law-tactical-llc-ar-15m16-gen3-m-adapter-skladacej-pazby-99312","status":"publish","type":"product","link":"https:\/\/staging.nbg.eu\/sk\/produkt\/law-tactical-llc-ar-15m16-gen3-m-adapter-skladacej-pazby-99312\/","title":{"rendered":"LAW TACTICAL LLC AR-15\/M16 Gen3-M Adapt\u00e9r skladacej pa\u017eby (99312)"},"content":{"rendered":"<h2>LAW TACTICAL LLC AR-15\/M16 Gen3-M Adapt\u00e9r skladacej pa\u017eby (99312)<\/h2>\n<p>Adapt\u00e9r skladacej pa\u017eby kompatibiln\u00fd s pu\u0161kami AR. Funguje s priamym n\u00e1razom aj s plynov\u00fdm piestov\u00fdm syst\u00e9mom, vhodn\u00fd pre A2, karab\u00ednov\u00e9, mil-spec alebo komer\u010dn\u00e9 pufry a pa\u017eby.<\/p>\n<ul>\n<li>Kompatibiln\u00fd so \u0161tandardn\u00fdmi nosn\u00fdmi skupinami z\u00e1veru (plne automatick\u00e9, poloautomatick\u00e9, od 5,56 do .308)<\/li>\n<li>Vhodn\u00fd pre prepravu s n\u00edzkym profilom<\/li>\n<li>Jednoduch\u00fd mechanizmus skladania s jedn\u00fdm tla\u010didlom<\/li>\n<li>Automatick\u00e9 uzamykanie v rozlo\u017eenom stave<\/li>\n<li>CNC obr\u00e1ban\u00e9 z ocele 4140<\/li>\n<li>Navrhnut\u00e9, vyroben\u00e9 a zmontovan\u00e9 v USA<\/li>\n<li>Integrovan\u00e9 upevnenie jednobodov\u00e9ho popruhu<\/li>\n<\/ul>\n<p>Zv\u00fd\u0161te v\u0161estrannos\u0165 va\u0161ej pu\u0161ky AR bez obmedzenia funk\u010dnosti.<\/p>\n","protected":false},"excerpt":{"rendered":"<p>Kompaktn\u00fd skladac\u00ed adapt\u00e9r pa\u017eby pre AR-15\/M16 na prepravu s n\u00edzkym profilom.<\/p>\n","protected":false},"featured_media":496062,"template":"","meta":{"_acf_changed":false},"product_brand":[],"product_cat":[13357,13397,13346],"product_tag":[],"class_list":{"0":"post-535427","1":"product","2":"type-product","3":"status-publish","4":"has-post-thumbnail","6":"product_cat-pazby-pusiek","7":"product_cat-puska","8":"product_cat-rifle-tuning","10":"first","11":"instock","12":"taxable","13":"shipping-taxable","14":"purchasable","15":"product-type-simple"},"acf":[],"_links":{"self":[{"href":"https:\/\/staging.nbg.eu\/sk\/wp-json\/wp\/v2\/product\/535427","targetHints":{"allow":["GET"]}}],"collection":[{"href":"https:\/\/staging.nbg.eu\/sk\/wp-json\/wp\/v2\/product"}],"about":[{"href":"https:\/\/staging.nbg.eu\/sk\/wp-json\/wp\/v2\/types\/product"}],"wp:featuredmedia":[{"embeddable":true,"href":"https:\/\/staging.nbg.eu\/sk\/wp-json\/wp\/v2\/media\/496062"}],"wp:attachment":[{"href":"https:\/\/staging.nbg.eu\/sk\/wp-json\/wp\/v2\/media?parent=535427"}],"wp:term":[{"taxonomy":"product_brand","embeddable":true,"href":"https:\/\/staging.nbg.eu\/sk\/wp-json\/wp\/v2\/product_brand?post=535427"},{"taxonomy":"product_cat","embeddable":true,"href":"https:\/\/staging.nbg.eu\/sk\/wp-json\/wp\/v2\/product_cat?post=535427"},{"taxonomy":"product_tag","embeddable":true,"href":"https:\/\/staging.nbg.eu\/sk\/wp-json\/wp\/v2\/product_tag?post=535427"}],"curies":[{"name":"wp","href":"https:\/\/api.w.org\/{rel}","templated":true}]}}