{"id":535317,"date":"2025-09-04T23:53:23","date_gmt":"2025-09-04T20:53:23","guid":{"rendered":"https:\/\/staging.nbg.eu\/product\/bravo-company-bcmgunfighter-quick-detach-sling-swivel-heavy-duty-design-bcm-qdss-2\/"},"modified":"2025-09-29T15:43:09","modified_gmt":"2025-09-29T12:43:09","slug":"bravo-company-bcmgunfighter-rychloupinacie-ocko-na-popruh-heavy-duty-dizajn-bcm-qdss-2","status":"publish","type":"product","link":"https:\/\/staging.nbg.eu\/sk\/produkt\/bravo-company-bcmgunfighter-rychloupinacie-ocko-na-popruh-heavy-duty-dizajn-bcm-qdss-2\/","title":{"rendered":"BRAVO COMPANY BCMGUNFIGHTER R\u00fdchloup\u00ednacie o\u010dko na popruh Heavy Duty dizajn (BCM-QDSs-2)"},"content":{"rendered":"<h2>BCMGUNFIGHTER\u2122 R\u00fdchlo odpojite\u013en\u00fd popruh (Odoln\u00fd dizajn)<\/h2>\n<p>BCMGUNFIGHTER\u2122 R\u00fdchlo odpojite\u013en\u00fd popruh (BCM-QDSs-2) je ur\u010den\u00fd pre popruhy so \u0161\u00edrkou 1-1\/4&#8243;.<\/p>\n<ul>\n<li>Zapusten\u00fd piest zabra\u0148uje n\u00e1hodn\u00e9mu uvo\u013eneniu<\/li>\n<li>Povrch je opieskovan\u00fd pre hladk\u00fd povrch<\/li>\n<li>Vyroben\u00fd z uhl\u00edkovej ocele s mang\u00e1nov\u00fdm fosf\u00e1tov\u00fdm povrchom<\/li>\n<li>Kompatibiln\u00fd s 1-1\/4&#8243; popruhmi<\/li>\n<\/ul>\n<p>Tento popruh je vyroben\u00fd v USA.<\/p>\n","protected":false},"excerpt":{"rendered":"<p>Odoln\u00fd r\u00fdchlo odpojite\u013en\u00fd popruhov\u00fd kr\u00fa\u017eok vyroben\u00fd v USA pre 1,25&#8243; popruhy. Bezpe\u010dn\u00fd a trvanliv\u00fd.<\/p>\n","protected":false},"featured_media":495901,"template":"","meta":{"_acf_changed":false},"product_brand":[11071],"product_cat":[13397,13360,13346],"product_tag":[],"class_list":{"0":"post-535317","1":"product","2":"type-product","3":"status-publish","4":"has-post-thumbnail","6":"product_brand-bcm","7":"product_cat-puska","8":"product_cat-remene","9":"product_cat-rifle-tuning","11":"first","12":"outofstock","13":"taxable","14":"shipping-taxable","15":"purchasable","16":"product-type-simple"},"acf":[],"_links":{"self":[{"href":"https:\/\/staging.nbg.eu\/sk\/wp-json\/wp\/v2\/product\/535317","targetHints":{"allow":["GET"]}}],"collection":[{"href":"https:\/\/staging.nbg.eu\/sk\/wp-json\/wp\/v2\/product"}],"about":[{"href":"https:\/\/staging.nbg.eu\/sk\/wp-json\/wp\/v2\/types\/product"}],"wp:featuredmedia":[{"embeddable":true,"href":"https:\/\/staging.nbg.eu\/sk\/wp-json\/wp\/v2\/media\/495901"}],"wp:attachment":[{"href":"https:\/\/staging.nbg.eu\/sk\/wp-json\/wp\/v2\/media?parent=535317"}],"wp:term":[{"taxonomy":"product_brand","embeddable":true,"href":"https:\/\/staging.nbg.eu\/sk\/wp-json\/wp\/v2\/product_brand?post=535317"},{"taxonomy":"product_cat","embeddable":true,"href":"https:\/\/staging.nbg.eu\/sk\/wp-json\/wp\/v2\/product_cat?post=535317"},{"taxonomy":"product_tag","embeddable":true,"href":"https:\/\/staging.nbg.eu\/sk\/wp-json\/wp\/v2\/product_tag?post=535317"}],"curies":[{"name":"wp","href":"https:\/\/api.w.org\/{rel}","templated":true}]}}