{"id":535097,"date":"2025-09-04T20:17:18","date_gmt":"2025-09-04T17:17:18","guid":{"rendered":"https:\/\/staging.nbg.eu\/product\/sprinco-usa-308-m4-extension-tube-cs-xp-buffer-spring-in-hard-tube-25762-orange\/"},"modified":"2025-09-29T15:16:51","modified_gmt":"2025-09-29T12:16:51","slug":"sprinco-usa-308-m4-predlzena-trubka-cs-xp-pruzina-tlumica-v-pevnej-tube-25762-oranzova","status":"publish","type":"product","link":"https:\/\/staging.nbg.eu\/sk\/produkt\/sprinco-usa-308-m4-predlzena-trubka-cs-xp-pruzina-tlumica-v-pevnej-tube-25762-oranzova\/","title":{"rendered":"SPRINCO USA 308 M4 PRED\u0139\u017dEN\u00c1 TRUBKA CS XP PRU\u017dINA TLUMI\u010cA V PEVNEJ TUBE (25762) Oran\u017eov\u00e1"},"content":{"rendered":"<div class=\"product-description\">\n<h2>SPRINCO USA 308 M4 predl\u017eovacia trubica CS XP pru\u017eina tlmi\u010da v tvrdej trubici (25762) Oran\u017eov\u00e1<\/h2>\n<p>Pru\u017eina tlmi\u010da pre ve\u013ek\u00e9 karab\u00edny, tento produkt Sprinco USA je navrhnut\u00fd pre pou\u017eitie v r\u00f4znych konfigur\u00e1ci\u00e1ch:<\/p>\n<ul>\n<li>DPMS vzor .308 \/ 6.5 CM so \u0161tandardnou 7&#8243; M4 trubicou tlmi\u010da a 2.5&#8243; kr\u00e1tkym tlmi\u010dom<\/li>\n<li>SR-25 \/ Armalite vzor stredne dlh\u00e9 karab\u00edny s 3.25&#8243; tlmi\u010dmi<\/li>\n<li>\u0160tandardn\u00e9 7&#8243; M4 trubice v karab\u00ednach s nadmern\u00fdm odvodom plynov (5.56, 6.8 SPC, 6.5 Grendel, at\u010f.)<\/li>\n<\/ul>\n<p>Pru\u017eina tlmi\u010da pre zlep\u0161enie v\u00fdkonu strelnej zbrane. Balen\u00e9 v tvrdej trubici pre ochranu po\u010das prepravy a skladovania.<\/p>\n<\/div>\n","protected":false},"excerpt":{"rendered":"<p>Univerz\u00e1lna pru\u017eina tlmi\u010da pre karab\u00edny kalibru .308\/6,5 CM a preplynen\u00e9 pu\u0161ky.<\/p>\n","protected":false},"featured_media":495555,"template":"","meta":{"_acf_changed":false},"product_brand":[],"product_cat":[13408,13397,13346],"product_tag":[],"class_list":{"0":"post-535097","1":"product","2":"type-product","3":"status-publish","4":"has-post-thumbnail","6":"product_cat-pruziny","7":"product_cat-puska","8":"product_cat-rifle-tuning","10":"first","11":"instock","12":"taxable","13":"shipping-taxable","14":"purchasable","15":"product-type-simple"},"acf":[],"_links":{"self":[{"href":"https:\/\/staging.nbg.eu\/sk\/wp-json\/wp\/v2\/product\/535097","targetHints":{"allow":["GET"]}}],"collection":[{"href":"https:\/\/staging.nbg.eu\/sk\/wp-json\/wp\/v2\/product"}],"about":[{"href":"https:\/\/staging.nbg.eu\/sk\/wp-json\/wp\/v2\/types\/product"}],"wp:featuredmedia":[{"embeddable":true,"href":"https:\/\/staging.nbg.eu\/sk\/wp-json\/wp\/v2\/media\/495555"}],"wp:attachment":[{"href":"https:\/\/staging.nbg.eu\/sk\/wp-json\/wp\/v2\/media?parent=535097"}],"wp:term":[{"taxonomy":"product_brand","embeddable":true,"href":"https:\/\/staging.nbg.eu\/sk\/wp-json\/wp\/v2\/product_brand?post=535097"},{"taxonomy":"product_cat","embeddable":true,"href":"https:\/\/staging.nbg.eu\/sk\/wp-json\/wp\/v2\/product_cat?post=535097"},{"taxonomy":"product_tag","embeddable":true,"href":"https:\/\/staging.nbg.eu\/sk\/wp-json\/wp\/v2\/product_tag?post=535097"}],"curies":[{"name":"wp","href":"https:\/\/api.w.org\/{rel}","templated":true}]}}