{"id":534983,"date":"2025-09-04T20:17:18","date_gmt":"2025-09-04T17:17:18","guid":{"rendered":"https:\/\/staging.nbg.eu\/product\/sprinco-usa-ar-308-buferna-pruzhina-25004-cherveno\/"},"modified":"2025-09-29T14:59:19","modified_gmt":"2025-09-29T11:59:19","slug":"sprinco-usa-ar-308-buferova-pruzina-25004-cherveno","status":"publish","type":"product","link":"https:\/\/staging.nbg.eu\/sk\/produkt\/sprinco-usa-ar-308-buferova-pruzina-25004-cherveno\/","title":{"rendered":"SPRINCO USA AR .308 Buferova Pruzina (25004) Cherveno"},"content":{"rendered":"<div class=\"product-description\">\n<h2>SPRINCO USA AR .308 Tlmiaca pru\u017eina (25004) \u010cerven\u00e1<\/h2>\n<p>SPRINCO USA AR .308 Tlmiaca pru\u017eina (25004) \u010cerven\u00e1 pre pu\u0161ky typu AR. T\u00e1to chr\u00f3movo-silik\u00f3nov\u00e1 pru\u017eina pon\u00faka:<\/p>\n<ul>\n<li>Vy\u0161\u0161iu odolnos\u0165 a \u017eivotnos\u0165 v porovnan\u00ed so \u0161tandardn\u00fdmi pru\u017einami<\/li>\n<li>Zlep\u0161en\u00fa spo\u013eahlivos\u0165 a cyklus, najm\u00e4 v syst\u00e9moch s nadmern\u00fdm plynom<\/li>\n<li>Zn\u00ed\u017een\u00fd odraz z\u00e1veru pre plynulej\u0161iu prev\u00e1dzku<\/li>\n<li>Lep\u0161ie zvl\u00e1danie sp\u00e4tn\u00e9ho r\u00e1zu<\/li>\n<li>Kompatibilita so zbra\u0148ami s tlmi\u010dom<\/li>\n<\/ul>\n<p>Navrhnut\u00e1 pre tlmiace syst\u00e9my M4 a CAR-15, t\u00e1to pru\u017eina m\u00e1 \u010derven\u00fa farbu pre \u013eahk\u00fa identifik\u00e1ciu. Balen\u00e1 v ochrannej tvrdej trubici, je vhodn\u00e1 pre pu\u0161ky typu AR-15.<\/p>\n<\/div>\n","protected":false},"excerpt":{"rendered":"<p>Vysokov\u00fdkonn\u00e1 AR .308 pru\u017eina z\u00e1sobn\u00edka. \u010cerven\u00e1 farba, zvy\u0161uje spo\u013eahlivos\u0165.<\/p>\n","protected":false},"featured_media":495532,"template":"","meta":{"_acf_changed":false},"product_brand":[],"product_cat":[13408,13346],"product_tag":[],"class_list":{"0":"post-534983","1":"product","2":"type-product","3":"status-publish","4":"has-post-thumbnail","6":"product_cat-pruziny","7":"product_cat-rifle-tuning","9":"first","10":"instock","11":"taxable","12":"shipping-taxable","13":"purchasable","14":"product-type-simple"},"acf":[],"_links":{"self":[{"href":"https:\/\/staging.nbg.eu\/sk\/wp-json\/wp\/v2\/product\/534983","targetHints":{"allow":["GET"]}}],"collection":[{"href":"https:\/\/staging.nbg.eu\/sk\/wp-json\/wp\/v2\/product"}],"about":[{"href":"https:\/\/staging.nbg.eu\/sk\/wp-json\/wp\/v2\/types\/product"}],"wp:featuredmedia":[{"embeddable":true,"href":"https:\/\/staging.nbg.eu\/sk\/wp-json\/wp\/v2\/media\/495532"}],"wp:attachment":[{"href":"https:\/\/staging.nbg.eu\/sk\/wp-json\/wp\/v2\/media?parent=534983"}],"wp:term":[{"taxonomy":"product_brand","embeddable":true,"href":"https:\/\/staging.nbg.eu\/sk\/wp-json\/wp\/v2\/product_brand?post=534983"},{"taxonomy":"product_cat","embeddable":true,"href":"https:\/\/staging.nbg.eu\/sk\/wp-json\/wp\/v2\/product_cat?post=534983"},{"taxonomy":"product_tag","embeddable":true,"href":"https:\/\/staging.nbg.eu\/sk\/wp-json\/wp\/v2\/product_tag?post=534983"}],"curies":[{"name":"wp","href":"https:\/\/api.w.org\/{rel}","templated":true}]}}