{"id":534878,"date":"2025-09-04T20:17:18","date_gmt":"2025-09-04T17:17:18","guid":{"rendered":"https:\/\/staging.nbg.eu\/product\/sprinco-usa-enhanced-4-coil-bolt-carrier-extractor-cs-spring-3-pak-25435-red\/"},"modified":"2025-09-29T14:50:19","modified_gmt":"2025-09-29T11:50:19","slug":"sprinco-usa-vylepsena-4-zavitova-pruzina-extraktora-zaveroveho-nosica-3-balenie-25435-cervena","status":"publish","type":"product","link":"https:\/\/staging.nbg.eu\/sk\/produkt\/sprinco-usa-vylepsena-4-zavitova-pruzina-extraktora-zaveroveho-nosica-3-balenie-25435-cervena\/","title":{"rendered":"SPRINCO USA VYLEP\u0160EN\u00c1 4-Z\u00c1VITOV\u00c1 PRU\u017dINA EXTRAKTOR\u0410 Z\u00c1VEROV\u00c9HO NOSI\u010cA 3-BALENIE (25435) \u010cerven\u00e1"},"content":{"rendered":"<div class=\"product-description\">\n<h2>SPRINCO USA 4-cievkov\u00e1 pru\u017eina extraktora pre nosi\u010d z\u00e1veru, 3 balenie (25435) \u010cerven\u00e1<\/h2>\n<p>Pru\u017einy Sprinco vyroben\u00e9 v USA pre extraktor nosi\u010da z\u00e1veru. Vyroben\u00e9 z tepelne upraven\u00e9ho, odstresen\u00e9ho chr\u00f3m-krem\u00edkov\u00e9ho dr\u00f4tu, spracovan\u00e9 kryog\u00e9nne a s povrchovou \u00fapravou z mikronizovan\u00e9ho disulfidu molybd\u00e9nu.<\/p>\n<ul>\n<li>Udr\u017eiava pred\u013a\u017een\u00fd pracovn\u00fd cyklus novej vojenskej pru\u017einy<\/li>\n<li>Vhodn\u00e9 pre hlavne dlh\u0161ie ako 18&#8243; a zber n\u00e1bojn\u00edc<\/li>\n<li>Odoln\u00e9 vo\u010di teplot\u00e1m do 398\u00b0C<\/li>\n<li>Dlh\u00e9 pracovn\u00e9 cykly s konzistentn\u00fdm v\u00fdkonom<\/li>\n<li>Dlhotrvaj\u00face rie\u0161enie na okam\u017eit\u00e9 pou\u017eitie<\/li>\n<\/ul>\n<p>Pru\u017einy extraktora Sprinco pre skupinu nosi\u010da z\u00e1veru na zlep\u0161enie fungovania a \u017eivotnosti zbrane.<\/p>\n<\/div>\n","protected":false},"excerpt":{"rendered":"<p>Odoln\u00e9 4-cievkov\u00e9 vy\u0165ahovacie pru\u017einy pre pred\u013a\u017een\u00e9 pracovn\u00e9 cykly. Vyroben\u00e9 v USA.<\/p>\n","protected":false},"featured_media":495506,"template":"","meta":{"_acf_changed":false},"product_brand":[],"product_cat":[13413],"product_tag":[],"class_list":{"0":"post-534878","1":"product","2":"type-product","3":"status-publish","4":"has-post-thumbnail","6":"product_cat-nezaradene","8":"first","9":"instock","10":"taxable","11":"shipping-taxable","12":"purchasable","13":"product-type-simple"},"acf":[],"_links":{"self":[{"href":"https:\/\/staging.nbg.eu\/sk\/wp-json\/wp\/v2\/product\/534878","targetHints":{"allow":["GET"]}}],"collection":[{"href":"https:\/\/staging.nbg.eu\/sk\/wp-json\/wp\/v2\/product"}],"about":[{"href":"https:\/\/staging.nbg.eu\/sk\/wp-json\/wp\/v2\/types\/product"}],"wp:featuredmedia":[{"embeddable":true,"href":"https:\/\/staging.nbg.eu\/sk\/wp-json\/wp\/v2\/media\/495506"}],"wp:attachment":[{"href":"https:\/\/staging.nbg.eu\/sk\/wp-json\/wp\/v2\/media?parent=534878"}],"wp:term":[{"taxonomy":"product_brand","embeddable":true,"href":"https:\/\/staging.nbg.eu\/sk\/wp-json\/wp\/v2\/product_brand?post=534878"},{"taxonomy":"product_cat","embeddable":true,"href":"https:\/\/staging.nbg.eu\/sk\/wp-json\/wp\/v2\/product_cat?post=534878"},{"taxonomy":"product_tag","embeddable":true,"href":"https:\/\/staging.nbg.eu\/sk\/wp-json\/wp\/v2\/product_tag?post=534878"}],"curies":[{"name":"wp","href":"https:\/\/api.w.org\/{rel}","templated":true}]}}