{"id":53482,"date":"2024-03-04T08:51:50","date_gmt":"2024-09-13T12:50:10","guid":{"rendered":"https:\/\/staging.nbg.eu\/product\/bore-tech-proof-positive-bore-stix-multiple-calibers\/"},"modified":"2024-09-13T12:51:18","modified_gmt":"2024-09-13T12:51:18","slug":"bore-tech-proof-positive-bore-stix-viacero-kalibrov","status":"publish","type":"product","link":"https:\/\/staging.nbg.eu\/sk\/produkt\/bore-tech-proof-positive-bore-stix-viacero-kalibrov\/","title":{"rendered":"Bore Tech Proof-Positive Bore Stix (Viacero Kalibrov)"},"content":{"rendered":"<p>\n<strong>Bore Tech Proof-Positive Bore Stix (Viacero kalibrov)<\/strong><br \/>\n\u010cistiaca ty\u010d Bore Tech Proof-Positive Bore Stix\u2122. Vlastnosti:<\/p>\n<ul>\n<li>Rukov\u00e4te s gu\u013e\u00f4\u010dkov\u00fdmi lo\u017eiskami<\/li>\n<li>Vo\u013ene pl\u00e1vaj\u00faci dizajn pre sledovanie dr\u00e1\u017eok hlavne<\/li>\n<li>Farebne ozna\u010den\u00e9 gumov\u00e9 \u00fachyty<\/li>\n<li>Vymenite\u013en\u00fd, pre hlave\u0148 bezpe\u010dn\u00fd, nekovov\u00fd hrot<\/li>\n<li>Oce\u013eov\u00e9 jadro pre pevnos\u0165<\/li>\n<li>Povrchov\u00e1 \u00faprava s n\u00edzkym tren\u00edm<\/li>\n<li>Syst\u00e9m na identifik\u00e1ciu st\u00fapania v\u00fdvrtu hlavne<\/li>\n<\/ul>\n<p>Bore Tech Proof-Positive Bore Stix.<\/p>\n","protected":false},"excerpt":{"rendered":"<p>Presn\u00e9 \u010distiace ty\u010de s rukov\u00e4\u0165ami na gu\u013e\u00f4\u010dkov\u00fdch lo\u017eisk\u00e1ch a vymenite\u013en\u00fdmi hrotmi.<\/p>\n","protected":false},"featured_media":53483,"template":"","meta":{"_acf_changed":false},"product_brand":[11161],"product_cat":[13378,13337],"product_tag":[],"class_list":{"0":"post-53482","1":"product","2":"type-product","3":"status-publish","4":"has-post-thumbnail","6":"product_brand-boretech","7":"product_cat-cistenie-zbrani","8":"product_cat-cistiace-pruty","10":"first","11":"instock","12":"taxable","13":"shipping-taxable","14":"purchasable","15":"product-type-variable","16":"wvs-archive-product-wrapper"},"acf":[],"_links":{"self":[{"href":"https:\/\/staging.nbg.eu\/sk\/wp-json\/wp\/v2\/product\/53482","targetHints":{"allow":["GET"]}}],"collection":[{"href":"https:\/\/staging.nbg.eu\/sk\/wp-json\/wp\/v2\/product"}],"about":[{"href":"https:\/\/staging.nbg.eu\/sk\/wp-json\/wp\/v2\/types\/product"}],"wp:featuredmedia":[{"embeddable":true,"href":"https:\/\/staging.nbg.eu\/sk\/wp-json\/wp\/v2\/media\/53483"}],"wp:attachment":[{"href":"https:\/\/staging.nbg.eu\/sk\/wp-json\/wp\/v2\/media?parent=53482"}],"wp:term":[{"taxonomy":"product_brand","embeddable":true,"href":"https:\/\/staging.nbg.eu\/sk\/wp-json\/wp\/v2\/product_brand?post=53482"},{"taxonomy":"product_cat","embeddable":true,"href":"https:\/\/staging.nbg.eu\/sk\/wp-json\/wp\/v2\/product_cat?post=53482"},{"taxonomy":"product_tag","embeddable":true,"href":"https:\/\/staging.nbg.eu\/sk\/wp-json\/wp\/v2\/product_tag?post=53482"}],"curies":[{"name":"wp","href":"https:\/\/api.w.org\/{rel}","templated":true}]}}