{"id":534765,"date":"2025-09-04T20:17:18","date_gmt":"2025-09-04T17:17:18","guid":{"rendered":"https:\/\/staging.nbg.eu\/product\/law-tactical-llc-ar-15-m16-gen3-m-folding-stock-adapter-fde-99313\/"},"modified":"2025-09-29T13:46:39","modified_gmt":"2025-09-29T10:46:39","slug":"law-tactical-llc-ar-15m16-gen3-m-adapter-skladacej-pazby-fde-99313","status":"publish","type":"product","link":"https:\/\/staging.nbg.eu\/sk\/produkt\/law-tactical-llc-ar-15m16-gen3-m-adapter-skladacej-pazby-fde-99313\/","title":{"rendered":"LAW TACTICAL LLC AR-15\/M16 Gen3-M Adapt\u00e9r skladacej pa\u017eby FDE (99313)"},"content":{"rendered":"<div class=\"product-description\">\n<h2>LAW TACTICAL LLC AR-15\/M16 Gen3-M Adapt\u00e9r na skladaciu pa\u017ebu FDE (99313)<\/h2>\n<p>LAW TACTICAL Gen3-M adapt\u00e9r na skladaciu pa\u017ebu vyroben\u00fd v USA. Tento oce\u013eov\u00fd adapt\u00e9r umo\u017e\u0148uje in\u0161tal\u00e1ciu skladacej pa\u017eby, \u010do vytv\u00e1ra kompaktn\u00fa pu\u0161ku.<\/p>\n<ul>\n<li>Kompatibiln\u00fd so \u0161tandardn\u00fdmi plynov\u00fdmi syst\u00e9mami<\/li>\n<li>Prij\u00edma A2, mil-spec M4 a komer\u010dn\u00e9 karb\u00ednov\u00e9 predl\u017eovacie trubice<\/li>\n<li>Funguje so \u0161tandardn\u00fdmi nosn\u00fdmi skupinami z\u00e1veru, vr\u00e1tane plne automatick\u00fdch a ve\u013ekosti .308<\/li>\n<li>Ovl\u00e1danie jedn\u00fdm tla\u010didlom pre skladanie a rozkladanie<\/li>\n<li>Nastavite\u013en\u00e9 nap\u00e4tie z\u00e1vesu<\/li>\n<li>DLC povrchov\u00e1 \u00faprava<\/li>\n<li>Prid\u00e1va 1,3&#8243; k d\u013a\u017eke potiahnutia<\/li>\n<li>Hmotnos\u0165: 8,5 oz<\/li>\n<\/ul>\n<p><strong>Pozn\u00e1mka:<\/strong> Nestrie\u013eajte s pu\u0161kou so zlo\u017eenou pa\u017ebou. Kompatibiln\u00fd len s Centerfire a Mil-Spec nosi\u010dmi alebo kompatibiln\u00fdmi AR 9mm z\u00e1vermi.<\/p>\n<\/div>\n","protected":false},"excerpt":{"rendered":"<p>Kompaktn\u00fd skladac\u00ed adapt\u00e9r pa\u017eby pre AR-15 na \u013eahk\u00fa prepravu a skladovanie.<\/p>\n","protected":false},"featured_media":495391,"template":"","meta":{"_acf_changed":false},"product_brand":[],"product_cat":[13357,13397,13346],"product_tag":[],"class_list":{"0":"post-534765","1":"product","2":"type-product","3":"status-publish","4":"has-post-thumbnail","6":"product_cat-pazby-pusiek","7":"product_cat-puska","8":"product_cat-rifle-tuning","10":"first","11":"instock","12":"taxable","13":"shipping-taxable","14":"purchasable","15":"product-type-simple"},"acf":[],"_links":{"self":[{"href":"https:\/\/staging.nbg.eu\/sk\/wp-json\/wp\/v2\/product\/534765","targetHints":{"allow":["GET"]}}],"collection":[{"href":"https:\/\/staging.nbg.eu\/sk\/wp-json\/wp\/v2\/product"}],"about":[{"href":"https:\/\/staging.nbg.eu\/sk\/wp-json\/wp\/v2\/types\/product"}],"wp:featuredmedia":[{"embeddable":true,"href":"https:\/\/staging.nbg.eu\/sk\/wp-json\/wp\/v2\/media\/495391"}],"wp:attachment":[{"href":"https:\/\/staging.nbg.eu\/sk\/wp-json\/wp\/v2\/media?parent=534765"}],"wp:term":[{"taxonomy":"product_brand","embeddable":true,"href":"https:\/\/staging.nbg.eu\/sk\/wp-json\/wp\/v2\/product_brand?post=534765"},{"taxonomy":"product_cat","embeddable":true,"href":"https:\/\/staging.nbg.eu\/sk\/wp-json\/wp\/v2\/product_cat?post=534765"},{"taxonomy":"product_tag","embeddable":true,"href":"https:\/\/staging.nbg.eu\/sk\/wp-json\/wp\/v2\/product_tag?post=534765"}],"curies":[{"name":"wp","href":"https:\/\/api.w.org\/{rel}","templated":true}]}}