{"id":533776,"date":"2025-09-04T18:48:23","date_gmt":"2025-09-04T15:48:23","guid":{"rendered":"https:\/\/staging.nbg.eu\/product\/utg-h3-carbine-buffer-ar15-m4-rb-t6bfh3\/"},"modified":"2025-09-29T11:04:11","modified_gmt":"2025-09-29T08:04:11","slug":"utg-h3-karabinovy-tlmic-ar15-m4-rb-t6bfh3","status":"publish","type":"product","link":"https:\/\/staging.nbg.eu\/sk\/produkt\/utg-h3-karabinovy-tlmic-ar15-m4-rb-t6bfh3\/","title":{"rendered":"UTG &#8211; H3 Karab\u00ednov\u00fd tlmi\u010d &#8211; AR15 \/ M4 &#8211; RB-T6BFH3"},"content":{"rendered":"<div class=\"product-description\">\n<h2>UTG &#8211; H3 Karb\u00f3nov\u00fd tlmi\u010d &#8211; AR15 \/ M4 &#8211; RB-T6BFH3<\/h2>\n<p>Tlmi\u010d Leapers UTG H3 pre pu\u0161ku AR15 m\u00e1 tieto vlastnosti:<\/p>\n<ul>\n<li>3 \u0165a\u017ek\u00e9 volfr\u00e1mov\u00e9 z\u00e1va\u017eia<\/li>\n<li>Telo z hlin\u00edka 6061-T6 s tvrdou anodizovanou povrchovou \u00fapravou<\/li>\n<li>Pevne uchyten\u00fd koncov\u00fd n\u00e1razn\u00edk<\/li>\n<li>Predl\u017euje \u010das cyklu a u\u013eah\u010duje extrakciu<\/li>\n<li>Zni\u017euje sp\u00e4tn\u00fd r\u00e1z<\/li>\n<li>M\u00f4\u017ee zlep\u0161i\u0165 presnos\u0165 pri \u0165a\u017e\u0161\u00edch kalibroch<\/li>\n<\/ul>\n<p>Tlmi\u010d v\u00e1\u017ei 153 gramov. Je navrhnut\u00fd na zlep\u0161enie pohodlia a potenci\u00e1lne zv\u00fd\u0161enie presnosti platformy AR.<\/p>\n","protected":false},"excerpt":{"rendered":"<p>UTG H3 karb\u00f3nov\u00fd tlmi\u010d: Zni\u017euje sp\u00e4tn\u00fd r\u00e1z, zlep\u0161uje pohodlie pre AR15\/M4.<\/p>\n","protected":false},"featured_media":494327,"template":"","meta":{"_acf_changed":false},"product_brand":[],"product_cat":[13346],"product_tag":[],"class_list":{"0":"post-533776","1":"product","2":"type-product","3":"status-publish","4":"has-post-thumbnail","6":"product_cat-rifle-tuning","8":"first","9":"instock","10":"taxable","11":"shipping-taxable","12":"purchasable","13":"product-type-simple"},"acf":[],"_links":{"self":[{"href":"https:\/\/staging.nbg.eu\/sk\/wp-json\/wp\/v2\/product\/533776","targetHints":{"allow":["GET"]}}],"collection":[{"href":"https:\/\/staging.nbg.eu\/sk\/wp-json\/wp\/v2\/product"}],"about":[{"href":"https:\/\/staging.nbg.eu\/sk\/wp-json\/wp\/v2\/types\/product"}],"wp:featuredmedia":[{"embeddable":true,"href":"https:\/\/staging.nbg.eu\/sk\/wp-json\/wp\/v2\/media\/494327"}],"wp:attachment":[{"href":"https:\/\/staging.nbg.eu\/sk\/wp-json\/wp\/v2\/media?parent=533776"}],"wp:term":[{"taxonomy":"product_brand","embeddable":true,"href":"https:\/\/staging.nbg.eu\/sk\/wp-json\/wp\/v2\/product_brand?post=533776"},{"taxonomy":"product_cat","embeddable":true,"href":"https:\/\/staging.nbg.eu\/sk\/wp-json\/wp\/v2\/product_cat?post=533776"},{"taxonomy":"product_tag","embeddable":true,"href":"https:\/\/staging.nbg.eu\/sk\/wp-json\/wp\/v2\/product_tag?post=533776"}],"curies":[{"name":"wp","href":"https:\/\/api.w.org\/{rel}","templated":true}]}}