{"id":532924,"date":"2025-09-04T18:24:40","date_gmt":"2025-09-04T15:24:40","guid":{"rendered":"https:\/\/staging.nbg.eu\/product\/ftcs-reloading-handle-cap-ak-nrp-2-0-ak-platform\/"},"modified":"2025-09-29T10:02:59","modified_gmt":"2025-09-29T07:02:59","slug":"ftcs-kryt-nabijacej-paky-ak-nrp-20-ak-platforma","status":"publish","type":"product","link":"https:\/\/staging.nbg.eu\/sk\/produkt\/ftcs-kryt-nabijacej-paky-ak-nrp-20-ak-platforma\/","title":{"rendered":"FTCS &#8211; Kryt nab\u00edjacej p\u00e1ky AK NRP 2.0 &#8211; AK Platforma"},"content":{"rendered":"<h2>FTCS &#8211; Krytka nab\u00edjacej rukov\u00e4te AK NRP 2.0 &#8211; AK platforma<\/h2>\n<p>Zlep\u0161ite ergon\u00f3miu va\u0161ej AK pu\u0161ky pomocou krytky nab\u00edjacej rukov\u00e4te FTCS AK NRP 2.0. T\u00e1to hlin\u00edkov\u00e1 krytka je vhodn\u00e1 pre v\u00e4\u010d\u0161inu pu\u0161iek platformy AK a pon\u00faka lep\u0161\u00ed \u00fachop a manipul\u00e1ciu.<\/p>\n<h2>Hlavn\u00e9 vlastnosti:<\/h2>\n<ul>\n<li>Kompatibiln\u00e1 s v\u00e4\u010d\u0161inou pu\u0161iek platformy AK<\/li>\n<li>Odoln\u00e1 hlin\u00edkov\u00e1 kon\u0161trukcia<\/li>\n<li>Ryhovan\u00fd povrch pre lep\u0161\u00ed \u00fachop<\/li>\n<li>Jednoduch\u00e1 in\u0161tal\u00e1cia pomocou troch skrutiek<\/li>\n<li>\u010cierna povrchov\u00e1 \u00faprava<\/li>\n<\/ul>\n<p>Vylep\u0161ite nab\u00edjaciu rukov\u00e4\u0165 va\u0161ej AK pu\u0161ky touto ergonomickou krytkou, navrhnutou na zlep\u0161enie kontroly a zn\u00ed\u017eenie preklz\u00e1vania. Ryhovan\u00fd povrch poskytuje dobr\u00fd \u00fachop, aj pri nosen\u00ed taktick\u00fdch rukav\u00edc. Zlep\u0161ite manipul\u00e1ciu so zbra\u0148ou bez pridania nadmernej v\u00e1hy.<\/p>\n<p>In\u0161talujte jednoducho pomocou pribalen\u00fdch skrutiek a vylep\u0161ite v\u00fdkon va\u0161ej AK pu\u0161ky.<\/p>\n","protected":false},"excerpt":{"rendered":"<p>Hlin\u00edkov\u00e1 nab\u00edjacia rukov\u00e4\u0165 pre AK. Vroubkovan\u00e1 pre lep\u0161ie uchopenie. Jednoduch\u00e1 in\u0161tal\u00e1cia.<\/p>\n","protected":false},"featured_media":493929,"template":"","meta":{"_acf_changed":false},"product_brand":[11321],"product_cat":[13331,13397,13346],"product_tag":[],"class_list":{"0":"post-532924","1":"product","2":"type-product","3":"status-publish","4":"has-post-thumbnail","6":"product_brand-ftcs","7":"product_cat-ak-tuning","8":"product_cat-puska","9":"product_cat-rifle-tuning","11":"first","12":"instock","13":"taxable","14":"shipping-taxable","15":"purchasable","16":"product-type-variable","17":"wvs-archive-product-wrapper"},"acf":[],"_links":{"self":[{"href":"https:\/\/staging.nbg.eu\/sk\/wp-json\/wp\/v2\/product\/532924","targetHints":{"allow":["GET"]}}],"collection":[{"href":"https:\/\/staging.nbg.eu\/sk\/wp-json\/wp\/v2\/product"}],"about":[{"href":"https:\/\/staging.nbg.eu\/sk\/wp-json\/wp\/v2\/types\/product"}],"wp:featuredmedia":[{"embeddable":true,"href":"https:\/\/staging.nbg.eu\/sk\/wp-json\/wp\/v2\/media\/493929"}],"wp:attachment":[{"href":"https:\/\/staging.nbg.eu\/sk\/wp-json\/wp\/v2\/media?parent=532924"}],"wp:term":[{"taxonomy":"product_brand","embeddable":true,"href":"https:\/\/staging.nbg.eu\/sk\/wp-json\/wp\/v2\/product_brand?post=532924"},{"taxonomy":"product_cat","embeddable":true,"href":"https:\/\/staging.nbg.eu\/sk\/wp-json\/wp\/v2\/product_cat?post=532924"},{"taxonomy":"product_tag","embeddable":true,"href":"https:\/\/staging.nbg.eu\/sk\/wp-json\/wp\/v2\/product_tag?post=532924"}],"curies":[{"name":"wp","href":"https:\/\/api.w.org\/{rel}","templated":true}]}}