{"id":532766,"date":"2025-09-04T17:51:31","date_gmt":"2025-09-04T14:51:31","guid":{"rendered":"https:\/\/staging.nbg.eu\/product\/strike-industries-mass-driver-comp-for-glock-17-gen4\/"},"modified":"2025-09-29T09:50:10","modified_gmt":"2025-09-29T06:50:10","slug":"strike-industries-mass-driver-comp-pre-glock-17-gen4","status":"publish","type":"product","link":"https:\/\/staging.nbg.eu\/sk\/produkt\/strike-industries-mass-driver-comp-pre-glock-17-gen4\/","title":{"rendered":"Strike Industries &#8211; Mass Driver Comp pre Glock 17 Gen4"},"content":{"rendered":"<h2>Strike Industries &#8211; Kompenz\u00e1tor Mass Driver pre Glock 17 Gen4<\/h2>\n<p>Kompenz\u00e1tor Mass Driver (MDC) od Strike Industries pre Glock 17 Gen4 je nov\u00fd dizajn kompenz\u00e1tora. In\u0161pirovan\u00fd teoretick\u00fdmi motormi s hmotn\u00fdm pohonom v kozmickom cestovan\u00ed, tento kompenz\u00e1tor zni\u017euje mechanick\u00fd sp\u00e4tn\u00fd r\u00e1z bez ovplyvnenia spo\u013eahlivosti cyklovania.<\/p>\n<h2>Hlavn\u00e9 vlastnosti:<\/h2>\n<ul>\n<li>Odde\u013euje sa od opera\u010dn\u00fdch komponentov po zap\u00e1len\u00ed<\/li>\n<li>Udr\u017euje r\u00fdchlos\u0165 cyklovania bl\u00edzku p\u00f4vodnej<\/li>\n<li>Zni\u017euje recipro\u010dn\u00fa hmotnos\u0165<\/li>\n<li>Roz\u0161\u00edren\u00fd v\u00fdvrt na minimaliz\u00e1ciu n\u00e1razov priehradiek a keyholingu<\/li>\n<li>2,5 mm od\u013eah\u010dovac\u00ed rez na prevenciu po\u0161kodenia z\u00e1veru<\/li>\n<li>Kompatibiln\u00fd s v\u00e4\u010d\u0161inou z\u00e1vitov\u00fdch hlavn\u00ed od in\u00fdch v\u00fdrobcov<\/li>\n<li>Vhodn\u00fd pre z\u00e1very GLOCK\u2122 GEN3, GEN4 a GEN5 G17<\/li>\n<li>Funguje s v\u00e4\u010d\u0161inou otvoren\u00fdch puzdier<\/li>\n<\/ul>\n<p><strong>Pozn\u00e1mka:<\/strong> Odpor\u00fa\u010dan\u00fd kr\u00fatiaci moment pre maticu vodiacej ty\u010de: 25 lbs\/in. Pou\u017eitie mun\u00edcie +P a +P+ m\u00f4\u017ee sp\u00f4sobi\u0165 pred\u010dasn\u00e9 opotrebovanie.<\/p>\n","protected":false},"excerpt":{"rendered":"<p>Revolu\u010dn\u00fd dizajn kompenz\u00e1tora pre zn\u00ed\u017een\u00fd sp\u00e4tn\u00fd r\u00e1z a r\u00fdchlej\u0161ie cyklovanie.<\/p>\n","protected":false},"featured_media":493844,"template":"","meta":{"_acf_changed":false},"product_brand":[],"product_cat":[13398,13354],"product_tag":[],"class_list":{"0":"post-532766","1":"product","2":"type-product","3":"status-publish","4":"has-post-thumbnail","6":"product_cat-diely-na-pistole","7":"product_cat-pistol","9":"first","10":"instock","11":"taxable","12":"shipping-taxable","13":"purchasable","14":"product-type-simple"},"acf":[],"_links":{"self":[{"href":"https:\/\/staging.nbg.eu\/sk\/wp-json\/wp\/v2\/product\/532766","targetHints":{"allow":["GET"]}}],"collection":[{"href":"https:\/\/staging.nbg.eu\/sk\/wp-json\/wp\/v2\/product"}],"about":[{"href":"https:\/\/staging.nbg.eu\/sk\/wp-json\/wp\/v2\/types\/product"}],"wp:featuredmedia":[{"embeddable":true,"href":"https:\/\/staging.nbg.eu\/sk\/wp-json\/wp\/v2\/media\/493844"}],"wp:attachment":[{"href":"https:\/\/staging.nbg.eu\/sk\/wp-json\/wp\/v2\/media?parent=532766"}],"wp:term":[{"taxonomy":"product_brand","embeddable":true,"href":"https:\/\/staging.nbg.eu\/sk\/wp-json\/wp\/v2\/product_brand?post=532766"},{"taxonomy":"product_cat","embeddable":true,"href":"https:\/\/staging.nbg.eu\/sk\/wp-json\/wp\/v2\/product_cat?post=532766"},{"taxonomy":"product_tag","embeddable":true,"href":"https:\/\/staging.nbg.eu\/sk\/wp-json\/wp\/v2\/product_tag?post=532766"}],"curies":[{"name":"wp","href":"https:\/\/api.w.org\/{rel}","templated":true}]}}