{"id":532657,"date":"2025-09-04T17:51:31","date_gmt":"2025-09-04T14:51:31","guid":{"rendered":"https:\/\/staging.nbg.eu\/product\/strike-industries-mass-driver-comp-for-glock-17-gen5-black-si-g5-mdcomp-s\/"},"modified":"2025-09-29T09:41:45","modified_gmt":"2025-09-29T06:41:45","slug":"strike-industries-mass-driver-comp-pre-glock-17-gen5-cierny-si-g5-mdcomp-s","status":"publish","type":"product","link":"https:\/\/staging.nbg.eu\/sk\/produkt\/strike-industries-mass-driver-comp-pre-glock-17-gen5-cierny-si-g5-mdcomp-s\/","title":{"rendered":"Strike Industries &#8211; Mass Driver Comp pre Glock 17 Gen5 &#8211; \u010cierny &#8211; SI-G5-MDCOMP-S"},"content":{"rendered":"<h2>Kompenz\u00e1tor Strike Industries Mass Driver pre Glock 17 Gen5 &#8211; \u010cierny<\/h2>\n<p>Kompenz\u00e1tor Strike Industries Mass Driver (MDC) pre Glock 17 Gen5. Tento dizajn je in\u0161pirovan\u00fd teoretick\u00fdmi motormi s hmotnostn\u00fdm pohonom v kozmick\u00fdch cest\u00e1ch.<\/p>\n<ul>\n<li>Zni\u017euje mechanick\u00fd sp\u00e4tn\u00fd r\u00e1z bez ovplyvnenia r\u00fdchlosti cyklu<\/li>\n<li>Redukuje recipro\u010dn\u00fa hmotnos\u0165 pre zlep\u0161enie v\u00fdkonu<\/li>\n<li>Roz\u0161\u00edren\u00fd otvor na prevenciu z\u00e1sahov priehradky a keyholingu<\/li>\n<li>2,5 mm ochrann\u00fd z\u00e1rez na ochranu z\u00e1veru pi\u0161tole<\/li>\n<li>Kompatibiln\u00fd s v\u00e4\u010d\u0161inou z\u00e1vitov\u00fdch hlavn\u00ed od in\u00fdch v\u00fdrobcov<\/li>\n<li>Vhodn\u00fd pre z\u00e1very GLOCK\u2122 GEN3, GEN4 a GEN5 G19 a G17<\/li>\n<li>Funguje s v\u00e4\u010d\u0161inou otvoren\u00fdch puzdier, ktor\u00e9 umo\u017e\u0148uj\u00fa kompenz\u00e1tory<\/li>\n<\/ul>\n<p><strong>Pozn\u00e1mka:<\/strong> Odpor\u00fa\u010dan\u00fd kr\u00fatiaci moment pre maticu vodiacej ty\u010de: 25 lbs\/in. Pou\u017eitie s mun\u00edciou +P a +P+ m\u00f4\u017ee sp\u00f4sobi\u0165 pred\u010dasn\u00e9 opotrebovanie.<\/p>\n","protected":false},"excerpt":{"rendered":"<p>Strike Industries MDC: Revolu\u010dn\u00e1 redukcia sp\u00e4tn\u00e9ho r\u00e1zu pre Glock 17 Gen5.<\/p>\n","protected":false},"featured_media":493798,"template":"","meta":{"_acf_changed":false},"product_brand":[],"product_cat":[13398,13354],"product_tag":[],"class_list":{"0":"post-532657","1":"product","2":"type-product","3":"status-publish","4":"has-post-thumbnail","6":"product_cat-diely-na-pistole","7":"product_cat-pistol","9":"first","10":"instock","11":"taxable","12":"shipping-taxable","13":"purchasable","14":"product-type-simple"},"acf":[],"_links":{"self":[{"href":"https:\/\/staging.nbg.eu\/sk\/wp-json\/wp\/v2\/product\/532657","targetHints":{"allow":["GET"]}}],"collection":[{"href":"https:\/\/staging.nbg.eu\/sk\/wp-json\/wp\/v2\/product"}],"about":[{"href":"https:\/\/staging.nbg.eu\/sk\/wp-json\/wp\/v2\/types\/product"}],"wp:featuredmedia":[{"embeddable":true,"href":"https:\/\/staging.nbg.eu\/sk\/wp-json\/wp\/v2\/media\/493798"}],"wp:attachment":[{"href":"https:\/\/staging.nbg.eu\/sk\/wp-json\/wp\/v2\/media?parent=532657"}],"wp:term":[{"taxonomy":"product_brand","embeddable":true,"href":"https:\/\/staging.nbg.eu\/sk\/wp-json\/wp\/v2\/product_brand?post=532657"},{"taxonomy":"product_cat","embeddable":true,"href":"https:\/\/staging.nbg.eu\/sk\/wp-json\/wp\/v2\/product_cat?post=532657"},{"taxonomy":"product_tag","embeddable":true,"href":"https:\/\/staging.nbg.eu\/sk\/wp-json\/wp\/v2\/product_tag?post=532657"}],"curies":[{"name":"wp","href":"https:\/\/api.w.org\/{rel}","templated":true}]}}