{"id":531318,"date":"2025-09-04T17:51:30","date_gmt":"2025-09-04T14:51:30","guid":{"rendered":"https:\/\/staging.nbg.eu\/product\/strike-industries-mass-driver-comp-for-glock-19-gen4\/"},"modified":"2025-09-26T17:55:51","modified_gmt":"2025-09-26T14:55:51","slug":"strike-industries-mass-driver-comp-pre-glock-19-gen4","status":"publish","type":"product","link":"https:\/\/staging.nbg.eu\/sk\/produkt\/strike-industries-mass-driver-comp-pre-glock-19-gen4\/","title":{"rendered":"Strike Industries &#8211; Mass Driver Comp pre Glock 19 Gen4"},"content":{"rendered":"<h2>Kompenz\u00e1tor Strike Industries Mass Driver pre Glock 19 Gen4<\/h2>\n<p>Kompenz\u00e1tor Strike Industries Mass Driver (MDC) pre Glock 19 Gen4 pon\u00faka:<\/p>\n<ul>\n<li>Zn\u00ed\u017een\u00fd mechanick\u00fd sp\u00e4tn\u00fd r\u00e1z pomocou syst\u00e9mu protiz\u00e1va\u017eia<\/li>\n<li>Takmer \u0161tandardn\u00e9 r\u00fdchlosti cyklu pre spo\u013eahliv\u00fd v\u00fdkon<\/li>\n<li>Roz\u0161\u00edren\u00fd v\u00fdvrt na prevenciu z\u00e1sahov prep\u00e1\u017eky a nestabiln\u00e9ho letu strely<\/li>\n<li>2,5 mm od\u013eah\u010dovac\u00ed rez na ochranu \u010dela z\u00e1veru<\/li>\n<li>Kompatibilita s v\u00e4\u010d\u0161inou dodato\u010dn\u00fdch hlavn\u00ed so z\u00e1vitom<\/li>\n<li>Vhodn\u00fd pre z\u00e1very G19 a G17 gener\u00e1ci\u00ed Gen3, Gen4 a Gen5<\/li>\n<li>Funguje s puzdrami s otvoren\u00fdm koncom prisp\u00f4soben\u00fdmi pre kompenz\u00e1tory<\/li>\n<\/ul>\n<p>Pozn\u00e1mka: Odpor\u00fa\u010dan\u00fd kr\u00fatiaci moment pre maticu vodiacej ty\u010de je 25 libier\/palec. Pou\u017e\u00edvanie mun\u00edcie +P a +P+ m\u00f4\u017ee sp\u00f4sobi\u0165 pred\u010dasn\u00e9 opotrebovanie.<\/p>\n","protected":false},"excerpt":{"rendered":"<p>Revolu\u010dn\u00fd kompenz\u00e1tor pre Glock 19 Gen4. Zni\u017euje sp\u00e4tn\u00fd r\u00e1z a zdvih \u00fastia.<\/p>\n","protected":false},"featured_media":493682,"template":"","meta":{"_acf_changed":false},"product_brand":[],"product_cat":[13413],"product_tag":[],"class_list":{"0":"post-531318","1":"product","2":"type-product","3":"status-publish","4":"has-post-thumbnail","6":"product_cat-nezaradene","8":"first","9":"instock","10":"taxable","11":"shipping-taxable","12":"purchasable","13":"product-type-simple"},"acf":[],"_links":{"self":[{"href":"https:\/\/staging.nbg.eu\/sk\/wp-json\/wp\/v2\/product\/531318","targetHints":{"allow":["GET"]}}],"collection":[{"href":"https:\/\/staging.nbg.eu\/sk\/wp-json\/wp\/v2\/product"}],"about":[{"href":"https:\/\/staging.nbg.eu\/sk\/wp-json\/wp\/v2\/types\/product"}],"wp:featuredmedia":[{"embeddable":true,"href":"https:\/\/staging.nbg.eu\/sk\/wp-json\/wp\/v2\/media\/493682"}],"wp:attachment":[{"href":"https:\/\/staging.nbg.eu\/sk\/wp-json\/wp\/v2\/media?parent=531318"}],"wp:term":[{"taxonomy":"product_brand","embeddable":true,"href":"https:\/\/staging.nbg.eu\/sk\/wp-json\/wp\/v2\/product_brand?post=531318"},{"taxonomy":"product_cat","embeddable":true,"href":"https:\/\/staging.nbg.eu\/sk\/wp-json\/wp\/v2\/product_cat?post=531318"},{"taxonomy":"product_tag","embeddable":true,"href":"https:\/\/staging.nbg.eu\/sk\/wp-json\/wp\/v2\/product_tag?post=531318"}],"curies":[{"name":"wp","href":"https:\/\/api.w.org\/{rel}","templated":true}]}}