{"id":531095,"date":"2025-09-04T17:50:56","date_gmt":"2025-09-04T14:50:56","guid":{"rendered":"https:\/\/staging.nbg.eu\/product\/wbp-rogow-mounting-kit-for-enlarged-magazine-latch-ak-akm-ak-74\/"},"modified":"2025-09-26T16:31:08","modified_gmt":"2025-09-26T13:31:08","slug":"wbp-rogow-montazna-suprava-pre-zvaecsenu-zapadku-zasobnika-ak-akm-ak-74","status":"publish","type":"product","link":"https:\/\/staging.nbg.eu\/sk\/produkt\/wbp-rogow-montazna-suprava-pre-zvaecsenu-zapadku-zasobnika-ak-akm-ak-74\/","title":{"rendered":"WBP Rog\u00f3w &#8211; mont\u00e1\u017ena s\u00faprava pre zv\u00e4\u010d\u0161en\u00fa z\u00e1padku z\u00e1sobn\u00edka &#8211; AK \/ AKM \/ AK-74"},"content":{"rendered":"<h2>WBP Rog\u00f3w &#8211; Mont\u00e1\u017ena s\u00faprava pre zv\u00e4\u010d\u0161en\u00fa z\u00e1padku z\u00e1sobn\u00edka &#8211; AK \/ AKM \/ AK-74<\/h2>\n<p>Mont\u00e1\u017ena s\u00faprava zv\u00e4\u010d\u0161enej z\u00e1padky z\u00e1sobn\u00edka od WBP Rog\u00f3w pre pu\u0161ky platformy AK. Ur\u010den\u00e1 na r\u00fdchlu a jednoduch\u00fa in\u0161tal\u00e1ciu, t\u00e1to s\u00faprava pon\u00faka zlep\u0161en\u00fa funk\u010dnos\u0165 pre r\u00f4zne pu\u0161ky rodiny AK.<\/p>\n<h2>Hlavn\u00e9 vlastnosti:<\/h2>\n<ul>\n<li>Zv\u00e4\u010d\u0161en\u00e1 plocha pre jednoduch\u0161ie odpojenie z\u00e1sobn\u00edka<\/li>\n<li>Kompatibiln\u00e1 s modelmi AK, AKM a AK-74<\/li>\n<li>Umo\u017e\u0148uje r\u00fdchlej\u0161ie nab\u00edjanie<\/li>\n<li>Obsahuje pru\u017einu a \u010dap<\/li>\n<li>Vyroben\u00e1 z oxidovanej ocele<\/li>\n<li>\u010cierna povrchov\u00e1 \u00faprava<\/li>\n<\/ul>\n<p>Rozmery: 51 x 24 x 15 mm<br \/>\nHmotnos\u0165: 16 g<\/p>\n<p>S\u00faprava na vylep\u0161enie mechanizmu uvo\u013enenia z\u00e1sobn\u00edka va\u0161ej AK.<\/p>\n","protected":false},"excerpt":{"rendered":"<p>Roz\u0161\u00edren\u00e1 s\u00faprava z\u00e1padky z\u00e1sobn\u00edka AK. Jednoduch\u00e1 in\u0161tal\u00e1cia, vylep\u0161en\u00e1 ergon\u00f3mia. Oce\u013eov\u00e1, \u010dierna.<\/p>\n","protected":false},"featured_media":493613,"template":"","meta":{"_acf_changed":false},"product_brand":[],"product_cat":[13413],"product_tag":[],"class_list":{"0":"post-531095","1":"product","2":"type-product","3":"status-publish","4":"has-post-thumbnail","6":"product_cat-nezaradene","8":"first","9":"instock","10":"taxable","11":"shipping-taxable","12":"purchasable","13":"product-type-simple"},"acf":[],"_links":{"self":[{"href":"https:\/\/staging.nbg.eu\/sk\/wp-json\/wp\/v2\/product\/531095","targetHints":{"allow":["GET"]}}],"collection":[{"href":"https:\/\/staging.nbg.eu\/sk\/wp-json\/wp\/v2\/product"}],"about":[{"href":"https:\/\/staging.nbg.eu\/sk\/wp-json\/wp\/v2\/types\/product"}],"wp:featuredmedia":[{"embeddable":true,"href":"https:\/\/staging.nbg.eu\/sk\/wp-json\/wp\/v2\/media\/493613"}],"wp:attachment":[{"href":"https:\/\/staging.nbg.eu\/sk\/wp-json\/wp\/v2\/media?parent=531095"}],"wp:term":[{"taxonomy":"product_brand","embeddable":true,"href":"https:\/\/staging.nbg.eu\/sk\/wp-json\/wp\/v2\/product_brand?post=531095"},{"taxonomy":"product_cat","embeddable":true,"href":"https:\/\/staging.nbg.eu\/sk\/wp-json\/wp\/v2\/product_cat?post=531095"},{"taxonomy":"product_tag","embeddable":true,"href":"https:\/\/staging.nbg.eu\/sk\/wp-json\/wp\/v2\/product_tag?post=531095"}],"curies":[{"name":"wp","href":"https:\/\/api.w.org\/{rel}","templated":true}]}}