{"id":530973,"date":"2025-09-04T17:49:03","date_gmt":"2025-09-04T14:49:03","guid":{"rendered":"https:\/\/staging.nbg.eu\/product\/magpul-moe-sl-ak-grip-for-ak47-ak74-fde-mag682-fde\/"},"modified":"2025-09-26T16:16:29","modified_gmt":"2025-09-26T13:16:29","slug":"magpul-moe-sl-ak-rukovaet-pre-ak47ak74-fde-mag682-fde","status":"publish","type":"product","link":"https:\/\/staging.nbg.eu\/sk\/produkt\/magpul-moe-sl-ak-rukovaet-pre-ak47ak74-fde-mag682-fde\/","title":{"rendered":"Magpul &#8211; MOE SL AK rukov\u00e4\u0165 pre AK47\/AK74 &#8211; FDE &#8211; MAG682-FDE"},"content":{"rendered":"<div class=\"product-description\">\n<h2>Magpul MOE SL AK Pa\u017eba pre AK47\/AK74 &#8211; FDE (MAG682-FDE)<\/h2>\n<p>Pa\u017eba Magpul MOE SL AK v plochej tmavej zemi pre AK47\/AK74. T\u00e1to tenk\u00e1 pa\u017eba pon\u00faka vertik\u00e1lnej\u0161\u00ed uhol, optimalizovan\u00fd pre zbrane s krat\u0161ou d\u013a\u017ekou, \u010d\u00edm pribli\u017euje prim\u00e1rnu ruku k telu.<\/p>\n<ul>\n<li>Vyroben\u00e1 z odoln\u00e9ho polym\u00e9ru s text\u00farovan\u00fdm povrchom<\/li>\n<li>Vhodn\u00e1 pre fr\u00e9zovan\u00e9 aj lisovan\u00e9 z\u00e1sobn\u00edky, vr\u00e1tane t\u00fdch s v\u00fdstu\u017en\u00fdmi plat\u0148ami<\/li>\n<li>Obsahuje TSP (lichobe\u017en\u00edkov\u00e9 povrchov\u00e9 v\u00fdstupky) text\u00faru pre lep\u0161iu kontrolu zbrane<\/li>\n<li>20-stup\u0148ov\u00fd uhol pa\u017eby pre zlep\u0161en\u00fa ergon\u00f3miu<\/li>\n<li>Ten\u0161\u00ed profil v porovnan\u00ed s plnorozmern\u00fdmi pa\u017ebami<\/li>\n<li>Rozmery: 10,9 cm v\u00fd\u0161ka x 2,8 cm hr\u00fabka, v\u00e1ha len 73,7 g<\/li>\n<li>Vyroben\u00e9 v USA &#8211; po\u010d\u00edta sa ako jedna americk\u00e1 s\u00fa\u010diastka pre 922r<\/li>\n<\/ul>\n<p>Pa\u017eba Magpul MOE SL AK je navrhnut\u00e1 pre optim\u00e1lny v\u00fdkon vo v\u0161etk\u00fdch prostrediach.<\/p>\n<\/div>\n","protected":false},"excerpt":{"rendered":"<p>Magpul MOE SL AK rukov\u00e4\u0165: \u0160t\u00edhla, texturovan\u00e1 moderniz\u00e1cia pre AK47\/74 &#8211; pieskov\u00e1 farba<\/p>\n","protected":false},"featured_media":493589,"template":"","meta":{"_acf_changed":false},"product_brand":[],"product_cat":[13413],"product_tag":[],"class_list":{"0":"post-530973","1":"product","2":"type-product","3":"status-publish","4":"has-post-thumbnail","6":"product_cat-nezaradene","8":"first","9":"instock","10":"taxable","11":"shipping-taxable","12":"purchasable","13":"product-type-simple"},"acf":[],"_links":{"self":[{"href":"https:\/\/staging.nbg.eu\/sk\/wp-json\/wp\/v2\/product\/530973","targetHints":{"allow":["GET"]}}],"collection":[{"href":"https:\/\/staging.nbg.eu\/sk\/wp-json\/wp\/v2\/product"}],"about":[{"href":"https:\/\/staging.nbg.eu\/sk\/wp-json\/wp\/v2\/types\/product"}],"wp:featuredmedia":[{"embeddable":true,"href":"https:\/\/staging.nbg.eu\/sk\/wp-json\/wp\/v2\/media\/493589"}],"wp:attachment":[{"href":"https:\/\/staging.nbg.eu\/sk\/wp-json\/wp\/v2\/media?parent=530973"}],"wp:term":[{"taxonomy":"product_brand","embeddable":true,"href":"https:\/\/staging.nbg.eu\/sk\/wp-json\/wp\/v2\/product_brand?post=530973"},{"taxonomy":"product_cat","embeddable":true,"href":"https:\/\/staging.nbg.eu\/sk\/wp-json\/wp\/v2\/product_cat?post=530973"},{"taxonomy":"product_tag","embeddable":true,"href":"https:\/\/staging.nbg.eu\/sk\/wp-json\/wp\/v2\/product_tag?post=530973"}],"curies":[{"name":"wp","href":"https:\/\/api.w.org\/{rel}","templated":true}]}}