{"id":53082,"date":"2024-03-08T06:59:20","date_gmt":"2024-09-13T12:46:46","guid":{"rendered":"https:\/\/staging.nbg.eu\/product\/bore-tech-shotgun-blend\/"},"modified":"2024-09-13T12:47:50","modified_gmt":"2024-09-13T12:47:50","slug":"bore-tech-shotgun-zmes","status":"publish","type":"product","link":"https:\/\/staging.nbg.eu\/sk\/produkt\/bore-tech-shotgun-zmes\/","title":{"rendered":"Bore Tech Shotgun Zmes"},"content":{"rendered":"<p>\nShotgun Blend od spolo\u010dnosti Bore Tech je \u010distiaci prostriedok na hlave\u0148 bez obsahu amoniaku. T\u00e1to biologicky odb\u00farate\u013en\u00e1 formula odstra\u0148uje olovo, zvy\u0161ky prachu a plastov\u00e9 \u010dasti z hlavn\u00ed, prechodov\u00fdch ku\u017ee\u013eov a v\u00fdmenn\u00fdch zahrdlen\u00ed. Je bezpe\u010dn\u00fd, bez z\u00e1pachu a \u013eahko pou\u017eite\u013en\u00fd. V\u00fdsledky \u010distenia s\u00fa vidite\u013en\u00e9 na \u010distiacich handr\u00e1ch.<\/p>\n","protected":false},"excerpt":{"rendered":"<p>V\u00fdkonn\u00fd \u010disti\u010d v\u00fdvrtu bezpe\u010dne odstra\u0148uje oloven\u00e9, uhl\u00edkov\u00e9 a plastov\u00e9 zne\u010distenie.<\/p>\n","protected":false},"featured_media":53083,"template":"","meta":{"_acf_changed":false},"product_brand":[11161],"product_cat":[13378,13392],"product_tag":[],"class_list":{"0":"post-53082","1":"product","2":"type-product","3":"status-publish","4":"has-post-thumbnail","6":"product_brand-boretech","7":"product_cat-cistenie-zbrani","8":"product_cat-cistice","10":"first","11":"instock","12":"taxable","13":"shipping-taxable","14":"purchasable","15":"product-type-variable","16":"wvs-archive-product-wrapper"},"acf":[],"_links":{"self":[{"href":"https:\/\/staging.nbg.eu\/sk\/wp-json\/wp\/v2\/product\/53082","targetHints":{"allow":["GET"]}}],"collection":[{"href":"https:\/\/staging.nbg.eu\/sk\/wp-json\/wp\/v2\/product"}],"about":[{"href":"https:\/\/staging.nbg.eu\/sk\/wp-json\/wp\/v2\/types\/product"}],"wp:featuredmedia":[{"embeddable":true,"href":"https:\/\/staging.nbg.eu\/sk\/wp-json\/wp\/v2\/media\/53083"}],"wp:attachment":[{"href":"https:\/\/staging.nbg.eu\/sk\/wp-json\/wp\/v2\/media?parent=53082"}],"wp:term":[{"taxonomy":"product_brand","embeddable":true,"href":"https:\/\/staging.nbg.eu\/sk\/wp-json\/wp\/v2\/product_brand?post=53082"},{"taxonomy":"product_cat","embeddable":true,"href":"https:\/\/staging.nbg.eu\/sk\/wp-json\/wp\/v2\/product_cat?post=53082"},{"taxonomy":"product_tag","embeddable":true,"href":"https:\/\/staging.nbg.eu\/sk\/wp-json\/wp\/v2\/product_tag?post=53082"}],"curies":[{"name":"wp","href":"https:\/\/api.w.org\/{rel}","templated":true}]}}