{"id":530779,"date":"2025-09-04T17:31:53","date_gmt":"2025-09-04T14:31:53","guid":{"rendered":"https:\/\/staging.nbg.eu\/product\/pistoletna-drzhka-magpul-moe-k2-za-ak-fde-mag683-fde\/"},"modified":"2025-09-26T16:05:45","modified_gmt":"2025-09-26T13:05:45","slug":"pistoletna-drzhka-magpul-moe-k2-za-ak-fde-mag683-fde","status":"publish","type":"product","link":"https:\/\/staging.nbg.eu\/sk\/produkt\/pistoletna-drzhka-magpul-moe-k2-za-ak-fde-mag683-fde\/","title":{"rendered":"Pistoletna drzhka Magpul MOE-K2 za AK FDE MAG683-FDE"},"content":{"rendered":"<div class=\"product-description\">\n<h2>Magpul MOE-K2 AK Pa\u017eba &#8211; FDE (MAG683-FDE)<\/h2>\n<p>Pa\u017eba Magpul MOE-K2 AK v plochej tmavohnedej farbe pre pu\u0161ky AK47\/AK74 pon\u00faka:<\/p>\n<ul>\n<li>Zlep\u0161en\u00fa ergon\u00f3miu a ovl\u00e1danie<\/li>\n<li>Odoln\u00fa polym\u00e9rovu kon\u0161trukciu s text\u00farou<\/li>\n<li>Proti\u0161mykov\u00fd povrch<\/li>\n<li>Strm\u0161\u00ed uhol \u00fachopu pre modern\u00e9 streleck\u00e9 postoje<\/li>\n<li>Zn\u00ed\u017een\u00e1 \u00fanava z\u00e1p\u00e4stia pri dlhodobom pou\u017e\u00edvan\u00ed<\/li>\n<\/ul>\n<p>T\u00e1to pa\u017eba FDE je kompatibiln\u00e1 s r\u00f4znymi povrchmi AK. Vyroben\u00e1 spolo\u010dnos\u0165ou Magpul.<\/p>\n<p><strong>\u010c\u00edslo dielu v\u00fdrobcu:<\/strong> MAG683-FDE<\/p>\n<p><strong>UPC:<\/strong> 840815117117<\/p>\n<\/div>\n","protected":false},"excerpt":{"rendered":"<p>Rukov\u00e4\u0165 Magpul MOE-K2 AK: Ergonomick\u00e1, proti\u0161mykov\u00e1, so strm\u0161\u00edm uhlom pre pohodlie.<\/p>\n","protected":false},"featured_media":0,"template":"","meta":{"_acf_changed":false},"product_brand":[],"product_cat":[],"product_tag":[],"class_list":{"0":"post-530779","1":"product","2":"type-product","3":"status-publish","6":"first","7":"instock","8":"taxable","9":"shipping-taxable","10":"purchasable","11":"product-type-simple"},"acf":[],"_links":{"self":[{"href":"https:\/\/staging.nbg.eu\/sk\/wp-json\/wp\/v2\/product\/530779","targetHints":{"allow":["GET"]}}],"collection":[{"href":"https:\/\/staging.nbg.eu\/sk\/wp-json\/wp\/v2\/product"}],"about":[{"href":"https:\/\/staging.nbg.eu\/sk\/wp-json\/wp\/v2\/types\/product"}],"wp:attachment":[{"href":"https:\/\/staging.nbg.eu\/sk\/wp-json\/wp\/v2\/media?parent=530779"}],"wp:term":[{"taxonomy":"product_brand","embeddable":true,"href":"https:\/\/staging.nbg.eu\/sk\/wp-json\/wp\/v2\/product_brand?post=530779"},{"taxonomy":"product_cat","embeddable":true,"href":"https:\/\/staging.nbg.eu\/sk\/wp-json\/wp\/v2\/product_cat?post=530779"},{"taxonomy":"product_tag","embeddable":true,"href":"https:\/\/staging.nbg.eu\/sk\/wp-json\/wp\/v2\/product_tag?post=530779"}],"curies":[{"name":"wp","href":"https:\/\/api.w.org\/{rel}","templated":true}]}}