{"id":530124,"date":"2025-09-04T17:31:43","date_gmt":"2025-09-04T14:31:43","guid":{"rendered":"https:\/\/staging.nbg.eu\/product\/magpul-moe-m-lok-hand-guard-for-ar15-m4-mid-length-black\/"},"modified":"2025-09-26T15:15:57","modified_gmt":"2025-09-26T12:15:57","slug":"magpul-moe-m-lok-predpazbie-pre-ar15m4-stredna-dlzka-cierne","status":"publish","type":"product","link":"https:\/\/staging.nbg.eu\/sk\/produkt\/magpul-moe-m-lok-predpazbie-pre-ar15m4-stredna-dlzka-cierne\/","title":{"rendered":"Magpul &#8211; MOE\u00ae M-LOK\u00ae predpa\u017ebie pre AR15\/M4 &#8211; stredn\u00e1 d\u013a\u017eka &#8211; \u010dierne"},"content":{"rendered":"<div class=\"product-description\">\n<h2>Magpul MOE\u00ae M-LOK\u00ae Predpa\u017ebie pre AR15\/M4 &#8211; Stredn\u00e1 d\u013a\u017eka &#8211; \u010cierne<\/h2>\n<p>Predpa\u017ebie Magpul MOE M-LOK pre AR-15\/M4, navrhnut\u00e9 pre plynov\u00e9 syst\u00e9my strednej d\u013a\u017eky. Toto pr\u00edslu\u0161enstvo kombinuje polym\u00e9rov\u00fa kon\u0161trukciu s modul\u00e1rnou flexibilitou.<\/p>\n<ul>\n<li>M-LOK sloty v poz\u00edci\u00e1ch 2, 6 a 10 hod\u00edn na mont\u00e1\u017e pr\u00edslu\u0161enstva<\/li>\n<li>Zosilnen\u00e1, tepelne odoln\u00e1 polym\u00e9rov\u00e1 kon\u0161trukcia<\/li>\n<li>Kompatibiln\u00e9 s priamym \u00faderom a v\u00e4\u010d\u0161inou plynov\u00fdch syst\u00e9mov s piestom<\/li>\n<li>Jednoduch\u00e1 in\u0161tal\u00e1cia pomocou existuj\u00faceho delta kr\u00fa\u017eku a upev\u0148ovacej \u010diapo\u010dky predpa\u017ebia<\/li>\n<li>Integr\u00e1lny nitovan\u00fd hlin\u00edkov\u00fd tepeln\u00fd \u0161t\u00edt<\/li>\n<li>Predn\u00e9 pred\u013a\u017eenia a spodn\u00fd okraj na ochranu oper\u00e1tora<\/li>\n<\/ul>\n<p>S hmotnos\u0165ou 246,6 g a d\u013a\u017ekou 23,37 cm. Vyroben\u00e9 v USA, pre AR-15\/M4 platformu.<\/p>\n<\/div>\n","protected":false},"excerpt":{"rendered":"<p>\u013dahk\u00fd, modul\u00e1rny stredne dlh\u00fd chr\u00e1ni\u010d r\u00fak pre AR-15\/M4 s M-LOK slotmi.<\/p>\n","protected":false},"featured_media":493097,"template":"","meta":{"_acf_changed":false},"product_brand":[11555],"product_cat":[13345,13397,13346],"product_tag":[],"class_list":{"0":"post-530124","1":"product","2":"type-product","3":"status-publish","4":"has-post-thumbnail","6":"product_brand-magpul","7":"product_cat-listy","8":"product_cat-puska","9":"product_cat-rifle-tuning","11":"first","12":"instock","13":"taxable","14":"shipping-taxable","15":"purchasable","16":"product-type-simple"},"acf":[],"_links":{"self":[{"href":"https:\/\/staging.nbg.eu\/sk\/wp-json\/wp\/v2\/product\/530124","targetHints":{"allow":["GET"]}}],"collection":[{"href":"https:\/\/staging.nbg.eu\/sk\/wp-json\/wp\/v2\/product"}],"about":[{"href":"https:\/\/staging.nbg.eu\/sk\/wp-json\/wp\/v2\/types\/product"}],"wp:featuredmedia":[{"embeddable":true,"href":"https:\/\/staging.nbg.eu\/sk\/wp-json\/wp\/v2\/media\/493097"}],"wp:attachment":[{"href":"https:\/\/staging.nbg.eu\/sk\/wp-json\/wp\/v2\/media?parent=530124"}],"wp:term":[{"taxonomy":"product_brand","embeddable":true,"href":"https:\/\/staging.nbg.eu\/sk\/wp-json\/wp\/v2\/product_brand?post=530124"},{"taxonomy":"product_cat","embeddable":true,"href":"https:\/\/staging.nbg.eu\/sk\/wp-json\/wp\/v2\/product_cat?post=530124"},{"taxonomy":"product_tag","embeddable":true,"href":"https:\/\/staging.nbg.eu\/sk\/wp-json\/wp\/v2\/product_tag?post=530124"}],"curies":[{"name":"wp","href":"https:\/\/api.w.org\/{rel}","templated":true}]}}