{"id":529977,"date":"2025-09-02T20:30:44","date_gmt":"2025-09-02T17:30:44","guid":{"rendered":"https:\/\/staging.nbg.eu\/product\/predna-drzhka-magpul-zhukov-za-ak-47-ak-74-lilava-mag586-plm\/"},"modified":"2025-09-26T15:05:27","modified_gmt":"2025-09-26T12:05:27","slug":"predna-drzhka-magpul-zhukov-za-ak-47ak-74-lilava-mag586-plm","status":"publish","type":"product","link":"https:\/\/staging.nbg.eu\/sk\/produkt\/predna-drzhka-magpul-zhukov-za-ak-47ak-74-lilava-mag586-plm\/","title":{"rendered":"Predna drzhka Magpul ZHUKOV za AK-47\/AK-74 lilava MAG586 PLM"},"content":{"rendered":"<div class=\"product-description\">\n<h2>Magpul ZHUKOV predpa\u017ebie pre AK-47\/AK-74 &#8211; Slivkov\u00e9 (MAG586-PLM)<\/h2>\n<p>Predpa\u017ebie Magpul ZHUKOV pre AK-47 alebo AK-74 v slivkovej farbe. Toto pred\u013a\u017een\u00e9 predpa\u017ebie poskytuje ve\u013ek\u00fa plochu na uchopenie pre modern\u00e9 streleck\u00e9 techniky a dodato\u010dn\u00e9 mo\u017enosti mont\u00e1\u017ee pr\u00edslu\u0161enstva.<\/p>\n<ul>\n<li>Kompatibiln\u00e9 s v\u00e4\u010d\u0161inou pu\u0161iek AK-47\/AKM\/AK-74 (priemer hlavne 16,75-18,25 mm, d\u013a\u017eka &gt;13&#8243;)<\/li>\n<li>Celokovov\u00fd, tvrd\u00fd eloxovan\u00fd hlin\u00edkov\u00fd podvozok pre mont\u00e1\u017e bez oh\u00fdbania a tepeln\u00e9 tienenie<\/li>\n<li>Vonkaj\u0161\u00ed kryt z odoln\u00e9ho polym\u00e9ru s otvormi pre pr\u00edslu\u0161enstvo M-LOK<\/li>\n<li>Obsahuje n\u00e1hradn\u00fd polym\u00e9rov\u00fd horn\u00fd kryt<\/li>\n<li>Kompatibiln\u00e9 s optick\u00fdm mont\u00e1\u017enym syst\u00e9mom UltiMAK<\/li>\n<li>D\u013a\u017eka: 11,7 palcov<\/li>\n<\/ul>\n<p>Toto predpa\u017ebie je vhodn\u00e9 pre po\u013eovn\u00edkov a strelcov.<\/p>\n<\/div>\n","protected":false},"excerpt":{"rendered":"<p>Pred\u013a\u017een\u00e9 predpa\u017ebie Magpul ZHUKOV pre AK-47\/AK-74, slivkov\u00e1 farba, kompatibiln\u00e9 s M-LOK.<\/p>\n","protected":false},"featured_media":0,"template":"","meta":{"_acf_changed":false},"product_brand":[],"product_cat":[],"product_tag":[],"class_list":{"0":"post-529977","1":"product","2":"type-product","3":"status-publish","6":"first","7":"instock","8":"taxable","9":"shipping-taxable","10":"purchasable","11":"product-type-simple"},"acf":[],"_links":{"self":[{"href":"https:\/\/staging.nbg.eu\/sk\/wp-json\/wp\/v2\/product\/529977","targetHints":{"allow":["GET"]}}],"collection":[{"href":"https:\/\/staging.nbg.eu\/sk\/wp-json\/wp\/v2\/product"}],"about":[{"href":"https:\/\/staging.nbg.eu\/sk\/wp-json\/wp\/v2\/types\/product"}],"wp:attachment":[{"href":"https:\/\/staging.nbg.eu\/sk\/wp-json\/wp\/v2\/media?parent=529977"}],"wp:term":[{"taxonomy":"product_brand","embeddable":true,"href":"https:\/\/staging.nbg.eu\/sk\/wp-json\/wp\/v2\/product_brand?post=529977"},{"taxonomy":"product_cat","embeddable":true,"href":"https:\/\/staging.nbg.eu\/sk\/wp-json\/wp\/v2\/product_cat?post=529977"},{"taxonomy":"product_tag","embeddable":true,"href":"https:\/\/staging.nbg.eu\/sk\/wp-json\/wp\/v2\/product_tag?post=529977"}],"curies":[{"name":"wp","href":"https:\/\/api.w.org\/{rel}","templated":true}]}}