{"id":52960,"date":"2024-03-08T09:51:57","date_gmt":"2024-03-08T09:51:57","guid":{"rendered":"https:\/\/staging.nbg.eu\/product\/bronze-spiral-shotgun-brush\/"},"modified":"2024-09-13T12:45:27","modified_gmt":"2024-09-13T12:45:27","slug":"bronzova-spiralova-brokovnicova-kefa","status":"publish","type":"product","link":"https:\/\/staging.nbg.eu\/sk\/produkt\/bronzova-spiralova-brokovnicova-kefa\/","title":{"rendered":"Bronzov\u00e1 \u0160pir\u00e1lov\u00e1 Brokovnicov\u00e1 Kefa"},"content":{"rendered":"<p>Bronzov\u00e1 \u0161pir\u00e1lov\u00e1 kefa na brokovnicu od spolo\u010dnosti Bore Tech m\u00e1 \u0161tetiny v \u0161t\u00fdle slu\u010diek. Je vyroben\u00e1 z fosf\u00f3rov\u00e9ho bronzu, ktor\u00fd je bezpe\u010dn\u00fd pre hlave\u0148. Efekt\u00edvne odstra\u0148uje plastov\u00e9 zne\u010distenie a vydr\u017e\u00ed dlh\u0161ie ako \u0161tandardn\u00e9 dr\u00f4ten\u00e9 kefy. Dostupn\u00e1 pre kalibre 10 a\u017e .410, pasuje na \u0161tandardn\u00e9 ty\u010de so z\u00e1vitom 5\/16-27.<\/p>\n","protected":false},"excerpt":{"rendered":"<p>Inovat\u00edvna \u0161pir\u00e1lov\u00e1 kefa na d\u00f4kladn\u00e9 a bezpe\u010dn\u00e9 \u010distenie v\u00fdvrtu brokovnice.<\/p>\n","protected":false},"featured_media":52961,"template":"","meta":{"_acf_changed":false},"product_brand":[11161],"product_cat":[13378,13405],"product_tag":[],"class_list":{"0":"post-52960","1":"product","2":"type-product","3":"status-publish","4":"has-post-thumbnail","6":"product_brand-boretech","7":"product_cat-cistenie-zbrani","8":"product_cat-kefky","10":"first","11":"outofstock","12":"taxable","13":"shipping-taxable","14":"purchasable","15":"product-type-simple"},"acf":[],"_links":{"self":[{"href":"https:\/\/staging.nbg.eu\/sk\/wp-json\/wp\/v2\/product\/52960","targetHints":{"allow":["GET"]}}],"collection":[{"href":"https:\/\/staging.nbg.eu\/sk\/wp-json\/wp\/v2\/product"}],"about":[{"href":"https:\/\/staging.nbg.eu\/sk\/wp-json\/wp\/v2\/types\/product"}],"wp:featuredmedia":[{"embeddable":true,"href":"https:\/\/staging.nbg.eu\/sk\/wp-json\/wp\/v2\/media\/52961"}],"wp:attachment":[{"href":"https:\/\/staging.nbg.eu\/sk\/wp-json\/wp\/v2\/media?parent=52960"}],"wp:term":[{"taxonomy":"product_brand","embeddable":true,"href":"https:\/\/staging.nbg.eu\/sk\/wp-json\/wp\/v2\/product_brand?post=52960"},{"taxonomy":"product_cat","embeddable":true,"href":"https:\/\/staging.nbg.eu\/sk\/wp-json\/wp\/v2\/product_cat?post=52960"},{"taxonomy":"product_tag","embeddable":true,"href":"https:\/\/staging.nbg.eu\/sk\/wp-json\/wp\/v2\/product_tag?post=52960"}],"curies":[{"name":"wp","href":"https:\/\/api.w.org\/{rel}","templated":true}]}}