{"id":529481,"date":"2025-09-02T20:23:55","date_gmt":"2025-09-02T17:23:55","guid":{"rendered":"https:\/\/staging.nbg.eu\/product\/magpul-zhukov-s-stock-for-ak-47-ak-74-mag585\/"},"modified":"2025-09-26T12:42:33","modified_gmt":"2025-09-26T09:42:33","slug":"magpul-zhukov-s-pazba-pre-ak-47-ak-74-mag585","status":"publish","type":"product","link":"https:\/\/staging.nbg.eu\/sk\/produkt\/magpul-zhukov-s-pazba-pre-ak-47-ak-74-mag585\/","title":{"rendered":"Magpul &#8211; ZHUKOV-S\u00ae pa\u017eba pre AK-47 \/ AK-74 &#8211; MAG585"},"content":{"rendered":"<div class=\"product-description\">\n<h2>Magpul ZHUKOV-S\u00ae pa\u017eba pre AK-47 \/ AK-74 &#8211; MAG585<\/h2>\n<p>Pa\u017eba Magpul ZHUKOV-S\u00ae pre AK47\/AKM\/AK74 karab\u00edny pon\u00faka:<\/p>\n<ul>\n<li>5-polohov\u00e9 nastavenie pre prisp\u00f4sobenie d\u013a\u017eky ruky<\/li>\n<li>Sklopn\u00fd mechanizmus na pravej strane kompatibiln\u00fd s optikou na rybine<\/li>\n<li>Mo\u017enos\u0165 stre\u013eby a preb\u00edjania so sklopenou pa\u017ebou<\/li>\n<li>N\u00edzky profil<\/li>\n<li>Gumen\u00e1 p\u00e4tka absorbuj\u00faca sp\u00e4tn\u00fd r\u00e1z<\/li>\n<li>Otvor na popruh 1,25&#8243; a kompatibilita s QD portom<\/li>\n<\/ul>\n<p>V\u00e1\u017ei 425g a pon\u00faka d\u013a\u017eku 223,5-289,5mm. Vyroben\u00e9 v USA. Nie je kompatibiln\u00e1 s juhoslovansk\u00fdmi AK, Norinco Type 56S\/MAK-90 alebo fr\u00e9zovan\u00fdmi r\u00e1mami.<\/p>\n<\/div>\n","protected":false},"excerpt":{"rendered":"<p>Magpul ZHUKOV-S: Skladacia, nastavite\u013en\u00e1 pa\u017eba pre AK s QD portami.<\/p>\n","protected":false},"featured_media":491499,"template":"","meta":{"_acf_changed":false},"product_brand":[11555],"product_cat":[13331,13357,13397,13346],"product_tag":[],"class_list":{"0":"post-529481","1":"product","2":"type-product","3":"status-publish","4":"has-post-thumbnail","6":"product_brand-magpul","7":"product_cat-ak-tuning","8":"product_cat-pazby-pusiek","9":"product_cat-puska","10":"product_cat-rifle-tuning","12":"first","13":"instock","14":"taxable","15":"shipping-taxable","16":"purchasable","17":"product-type-variable","18":"wvs-archive-product-wrapper"},"acf":[],"_links":{"self":[{"href":"https:\/\/staging.nbg.eu\/sk\/wp-json\/wp\/v2\/product\/529481","targetHints":{"allow":["GET"]}}],"collection":[{"href":"https:\/\/staging.nbg.eu\/sk\/wp-json\/wp\/v2\/product"}],"about":[{"href":"https:\/\/staging.nbg.eu\/sk\/wp-json\/wp\/v2\/types\/product"}],"wp:featuredmedia":[{"embeddable":true,"href":"https:\/\/staging.nbg.eu\/sk\/wp-json\/wp\/v2\/media\/491499"}],"wp:attachment":[{"href":"https:\/\/staging.nbg.eu\/sk\/wp-json\/wp\/v2\/media?parent=529481"}],"wp:term":[{"taxonomy":"product_brand","embeddable":true,"href":"https:\/\/staging.nbg.eu\/sk\/wp-json\/wp\/v2\/product_brand?post=529481"},{"taxonomy":"product_cat","embeddable":true,"href":"https:\/\/staging.nbg.eu\/sk\/wp-json\/wp\/v2\/product_cat?post=529481"},{"taxonomy":"product_tag","embeddable":true,"href":"https:\/\/staging.nbg.eu\/sk\/wp-json\/wp\/v2\/product_tag?post=529481"}],"curies":[{"name":"wp","href":"https:\/\/api.w.org\/{rel}","templated":true}]}}