{"id":529319,"date":"2025-09-02T20:21:32","date_gmt":"2025-09-02T17:21:32","guid":{"rendered":"https:\/\/staging.nbg.eu\/product\/magpul-gl-enhanced-magazine-well-for-glock-19-gen-4-mag950\/"},"modified":"2025-09-26T12:32:23","modified_gmt":"2025-09-26T09:32:23","slug":"magpul-gl-rozsirena-sachta-zasobnika-pre-glock-19-gen-4-mag950","status":"publish","type":"product","link":"https:\/\/staging.nbg.eu\/sk\/produkt\/magpul-gl-rozsirena-sachta-zasobnika-pre-glock-19-gen-4-mag950\/","title":{"rendered":"Magpul &#8211; GL roz\u0161\u00edren\u00e1 \u0161achta z\u00e1sobn\u00edka pre GLOCK\u00ae 19 GEN 4 &#8211; MAG950"},"content":{"rendered":"<h2>Magpul GL Roz\u0161\u00edren\u00fd z\u00e1sobn\u00edkov\u00fd adapt\u00e9r pre GLOCK\u00ae 19 Gen4 &#8211; MAG950<\/h2>\n<p>Z\u00e1sobn\u00edkov\u00fd adapt\u00e9r Magpul pre GLOCK 19 Gen4. Navrhnut\u00fd pre r\u00fdchle vkladanie a vyberanie z\u00e1sobn\u00edka. Hlavn\u00e9 vlastnosti:<\/p>\n<ul>\n<li>Dizajn pre dobr\u00e9 ukrytie<\/li>\n<li>Optimalizovan\u00fd pre \u0161tandardn\u00e9 z\u00e1sobn\u00edky GLOCK a Magpul GL9\u00ae PMAGs\u00ae<\/li>\n<li>Hladk\u00e1 rampa a okraje pre jednoduch\u00e9 zaobch\u00e1dzanie so z\u00e1sobn\u00edkom<\/li>\n<li>Vyroben\u00e9 v USA<\/li>\n<\/ul>\n<p><strong>Pozn\u00e1mka:<\/strong> Nie je kompatibiln\u00fd s GLOCK modul\u00e1rnymi zadn\u00fdmi pa\u017ebami alebo niektor\u00fdmi z\u00e1sobn\u00edkmi so zn\u00ed\u017eenou kapacitou. Odpor\u00fa\u010da sa profesion\u00e1lna in\u0161tal\u00e1cia pre tesn\u00e9 uchytenie.<\/p>\n","protected":false},"excerpt":{"rendered":"<p>Vylep\u0161ite vkladanie z\u00e1sobn\u00edka do pi\u0161tole GLOCK 19 Gen4 pomocou elegantn\u00e9ho lievika na z\u00e1sobn\u00edk od spolo\u010dnosti Magpul.<\/p>\n","protected":false},"featured_media":491130,"template":"","meta":{"_acf_changed":false},"product_brand":[11416,11555],"product_cat":[13398,13354],"product_tag":[],"class_list":{"0":"post-529319","1":"product","2":"type-product","3":"status-publish","4":"has-post-thumbnail","6":"product_brand-glock","7":"product_brand-magpul","8":"product_cat-diely-na-pistole","9":"product_cat-pistol","11":"first","12":"instock","13":"taxable","14":"shipping-taxable","15":"purchasable","16":"product-type-simple"},"acf":[],"_links":{"self":[{"href":"https:\/\/staging.nbg.eu\/sk\/wp-json\/wp\/v2\/product\/529319","targetHints":{"allow":["GET"]}}],"collection":[{"href":"https:\/\/staging.nbg.eu\/sk\/wp-json\/wp\/v2\/product"}],"about":[{"href":"https:\/\/staging.nbg.eu\/sk\/wp-json\/wp\/v2\/types\/product"}],"wp:featuredmedia":[{"embeddable":true,"href":"https:\/\/staging.nbg.eu\/sk\/wp-json\/wp\/v2\/media\/491130"}],"wp:attachment":[{"href":"https:\/\/staging.nbg.eu\/sk\/wp-json\/wp\/v2\/media?parent=529319"}],"wp:term":[{"taxonomy":"product_brand","embeddable":true,"href":"https:\/\/staging.nbg.eu\/sk\/wp-json\/wp\/v2\/product_brand?post=529319"},{"taxonomy":"product_cat","embeddable":true,"href":"https:\/\/staging.nbg.eu\/sk\/wp-json\/wp\/v2\/product_cat?post=529319"},{"taxonomy":"product_tag","embeddable":true,"href":"https:\/\/staging.nbg.eu\/sk\/wp-json\/wp\/v2\/product_tag?post=529319"}],"curies":[{"name":"wp","href":"https:\/\/api.w.org\/{rel}","templated":true}]}}