{"id":52842,"date":"2024-03-11T05:07:53","date_gmt":"2024-03-11T05:07:53","guid":{"rendered":"https:\/\/staging.nbg.eu\/product\/bore-tech-alloy-shotgun-stix-36\/"},"modified":"2024-09-13T11:37:05","modified_gmt":"2024-09-13T11:37:05","slug":"bore-tech-alloy-shotgun-stix-36","status":"publish","type":"product","link":"https:\/\/staging.nbg.eu\/sk\/produkt\/bore-tech-alloy-shotgun-stix-36\/","title":{"rendered":"Bore Tech Alloy Shotgun Stix 36&#8243;"},"content":{"rendered":"<p>\nBore Tech Alloy Shotgun Stix 36&#8243; obsahuje:<\/p>\n<ul>\n<li>Ergonomick\u00fa rukov\u00e4\u0165 s ty\u010dou z leteckej zliatiny bezpe\u010dnou pre hlave\u0148<\/li>\n<li>Vysok\u00fa pevnos\u0165 pre brokovnice kalibru 410-10<\/li>\n<li>36&#8243; pracovn\u00fa d\u013a\u017eku (jednodielna konfigur\u00e1cia)<\/li>\n<li>Vn\u00fatorn\u00fd z\u00e1vit so \u0161tandardn\u00fdm 5\/16-27 z\u00e1vitom<\/li>\n<li>Kompatibilitu s \u010distiacimi klinmi a bronzov\u00fdmi kefkami na hlave\u0148<\/li>\n<\/ul>\n<p>T\u00e1to odoln\u00e1 a v\u0161estrann\u00e1 \u010distiaca ty\u010d poskytuje efekt\u00edvne \u010distenie.<\/p>\n","protected":false},"excerpt":{"rendered":"<p>Pevn\u00e1 91,5 cm zliatinov\u00e1 ty\u010d pre brokovnice kalibru 410-10. Ergonomick\u00e1 rukov\u00e4\u0165.<\/p>\n","protected":false},"featured_media":52843,"template":"","meta":{"_acf_changed":false},"product_brand":[],"product_cat":[13378,13403,13337],"product_tag":[],"class_list":{"0":"post-52842","1":"product","2":"type-product","3":"status-publish","4":"has-post-thumbnail","6":"product_cat-cistenie-zbrani","7":"product_cat-cistiace-hroty","8":"product_cat-cistiace-pruty","10":"first","11":"outofstock","12":"taxable","13":"shipping-taxable","14":"purchasable","15":"product-type-simple"},"acf":[],"_links":{"self":[{"href":"https:\/\/staging.nbg.eu\/sk\/wp-json\/wp\/v2\/product\/52842","targetHints":{"allow":["GET"]}}],"collection":[{"href":"https:\/\/staging.nbg.eu\/sk\/wp-json\/wp\/v2\/product"}],"about":[{"href":"https:\/\/staging.nbg.eu\/sk\/wp-json\/wp\/v2\/types\/product"}],"wp:featuredmedia":[{"embeddable":true,"href":"https:\/\/staging.nbg.eu\/sk\/wp-json\/wp\/v2\/media\/52843"}],"wp:attachment":[{"href":"https:\/\/staging.nbg.eu\/sk\/wp-json\/wp\/v2\/media?parent=52842"}],"wp:term":[{"taxonomy":"product_brand","embeddable":true,"href":"https:\/\/staging.nbg.eu\/sk\/wp-json\/wp\/v2\/product_brand?post=52842"},{"taxonomy":"product_cat","embeddable":true,"href":"https:\/\/staging.nbg.eu\/sk\/wp-json\/wp\/v2\/product_cat?post=52842"},{"taxonomy":"product_tag","embeddable":true,"href":"https:\/\/staging.nbg.eu\/sk\/wp-json\/wp\/v2\/product_tag?post=52842"}],"curies":[{"name":"wp","href":"https:\/\/api.w.org\/{rel}","templated":true}]}}