{"id":527743,"date":"2025-09-02T20:21:13","date_gmt":"2025-09-02T17:21:13","guid":{"rendered":"https:\/\/staging.nbg.eu\/product\/strike-industries-g4-magwell-for-glock-17-22-31-34-35-gen4-si-g4-magwell\/"},"modified":"2025-09-25T22:29:53","modified_gmt":"2025-09-25T19:29:53","slug":"strike-industries-g4-magwell-pre-glock-1722313435-gen4-si-g4-magwell","status":"publish","type":"product","link":"https:\/\/staging.nbg.eu\/sk\/produkt\/strike-industries-g4-magwell-pre-glock-1722313435-gen4-si-g4-magwell\/","title":{"rendered":"Strike Industries &#8211; G4 MagWell pre Glock 17\/22\/31\/34\/35 Gen4 &#8211; SI-G4-MAGWELL"},"content":{"rendered":"<div class=\"product-description\">\n<h2>Strike Industries G4 MagWell pre Glock 17\/22\/31\/34\/35 Gen4<\/h2>\n<p>Strike Industries GEN4 Magwell zlep\u0161uje v\u00fdkon v\u00e1\u0161ho Glocku. Je navrhnut\u00fd pre \u013eah\u0161ie nab\u00edjanie z\u00e1sobn\u00edkov pri zachovan\u00ed \u0161t\u00edhleho \u00fachopu pi\u0161tole. Tento magwell zvy\u0161uje konzistenciu a skracuje \u010das nab\u00edjania. Je kompatibiln\u00fd s v\u00e4\u010d\u0161inou aftermarketov\u00fdch z\u00e1kladn\u00ed a n\u00e1stavcov z\u00e1sobn\u00edkov.<\/p>\n<ul>\n<li>Roz\u0161\u00edren\u00fd magwell pre plynulej\u0161ie vkladanie z\u00e1sobn\u00edka<\/li>\n<li>Jednoduch\u00e1 in\u0161tal\u00e1cia s jedine\u010dn\u00fdm uzamykac\u00edm mechanizmom<\/li>\n<li>\u013dahk\u00e1 kon\u0161trukcia z vysoko pevn\u00e9ho polym\u00e9ru<\/li>\n<li>Kompatibiln\u00fd s modelmi Glock 17\/22\/31\/34\/35 GEN4<\/li>\n<li>Navrhnut\u00fd pre tov\u00e1rensk\u00fd +0 backstrap Glocku<\/li>\n<\/ul>\n<p><strong>Pozn\u00e1mka:<\/strong> Po\u010das in\u0161tal\u00e1cie neu\u0165ahujte nastavovaciu skrutku pr\u00edli\u0161 silno, aby ste predi\u0161li nespr\u00e1vnemu zarovnaniu alebo po\u0161kodeniu.<\/p>\n<p>Balenie obsahuje: G4 Magwell, nastavovaciu skrutku, M2 \u0161es\u0165hrann\u00fd k\u013e\u00fa\u010d a varovn\u00fa kartu.<\/p>\n<\/div>\n","protected":false},"excerpt":{"rendered":"<p>Vylep\u0161ite preb\u00edjanie Glock 17\/22\/31\/34\/35 Gen4 pomocou SI G4 MagWell.<\/p>\n","protected":false},"featured_media":491015,"template":"","meta":{"_acf_changed":false},"product_brand":[11416,11555],"product_cat":[13398,13354],"product_tag":[],"class_list":{"0":"post-527743","1":"product","2":"type-product","3":"status-publish","4":"has-post-thumbnail","6":"product_brand-glock","7":"product_brand-magpul","8":"product_cat-diely-na-pistole","9":"product_cat-pistol","11":"first","12":"instock","13":"taxable","14":"shipping-taxable","15":"purchasable","16":"product-type-simple"},"acf":[],"_links":{"self":[{"href":"https:\/\/staging.nbg.eu\/sk\/wp-json\/wp\/v2\/product\/527743","targetHints":{"allow":["GET"]}}],"collection":[{"href":"https:\/\/staging.nbg.eu\/sk\/wp-json\/wp\/v2\/product"}],"about":[{"href":"https:\/\/staging.nbg.eu\/sk\/wp-json\/wp\/v2\/types\/product"}],"wp:featuredmedia":[{"embeddable":true,"href":"https:\/\/staging.nbg.eu\/sk\/wp-json\/wp\/v2\/media\/491015"}],"wp:attachment":[{"href":"https:\/\/staging.nbg.eu\/sk\/wp-json\/wp\/v2\/media?parent=527743"}],"wp:term":[{"taxonomy":"product_brand","embeddable":true,"href":"https:\/\/staging.nbg.eu\/sk\/wp-json\/wp\/v2\/product_brand?post=527743"},{"taxonomy":"product_cat","embeddable":true,"href":"https:\/\/staging.nbg.eu\/sk\/wp-json\/wp\/v2\/product_cat?post=527743"},{"taxonomy":"product_tag","embeddable":true,"href":"https:\/\/staging.nbg.eu\/sk\/wp-json\/wp\/v2\/product_tag?post=527743"}],"curies":[{"name":"wp","href":"https:\/\/api.w.org\/{rel}","templated":true}]}}