{"id":527033,"date":"2025-08-25T00:18:45","date_gmt":"2025-08-24T21:18:45","guid":{"rendered":"https:\/\/staging.nbg.eu\/product\/ftcs-enlarged-magazine-catch-with-shelf-ak-platform-no-16\/"},"modified":"2025-09-25T22:06:08","modified_gmt":"2025-09-25T19:06:08","slug":"ftcs-zvaecsena-zapadka-zasobnika-s-polickou-platforma-ak-c16","status":"publish","type":"product","link":"https:\/\/staging.nbg.eu\/sk\/produkt\/ftcs-zvaecsena-zapadka-zasobnika-s-polickou-platforma-ak-c16\/","title":{"rendered":"FTCS &#8211; Zv\u00e4\u010d\u0161en\u00e1 z\u00e1padka z\u00e1sobn\u00edka s poli\u010dkou &#8211; platforma AK &#8211; \u010d.16"},"content":{"rendered":"<div class=\"product-description\">\n<h2>FTCS &#8211; Zv\u00e4\u010d\u0161en\u00e1 z\u00e1chytka z\u00e1sobn\u00edka s pl\u00f4\u0161kou &#8211; platforma AK &#8211; \u010d.16<\/h2>\n<p>Zv\u00e4\u010d\u0161en\u00e1 z\u00e1chytka z\u00e1sobn\u00edka s pl\u00f4\u0161kou pre r\u00fdchle uvo\u013enenie z\u00e1sobn\u00edka ukazov\u00e1kom. Vyroben\u00e1 z ocele s povrchovou \u00fapravou Cerakote Graphite Black H-146.<\/p>\n<h2>Hlavn\u00e9 vlastnosti:<\/h2>\n<ul>\n<li>Kompatibiln\u00e1 s v\u00e4\u010d\u0161inou zbran\u00ed typu AK\/AKM\/AK-74<\/li>\n<li>Oce\u013eov\u00e1 kon\u0161trukcia<\/li>\n<li>Zv\u00e4\u010d\u0161en\u00fd dizajn<\/li>\n<li>Dodato\u010dn\u00e1 pl\u00f4\u0161ka pre uvo\u013enenie z\u00e1sobn\u00edka ukazov\u00e1kom<\/li>\n<\/ul>\n<h2>Technick\u00e9 \u0161pecifik\u00e1cie:<\/h2>\n<ul>\n<li>Rozmery: 55 x 52 x 21 mm<\/li>\n<li>Hmotnos\u0165: 20 g<\/li>\n<li>Povrchov\u00e1 \u00faprava: Cerakote Graphite Black H-146<\/li>\n<\/ul>\n<p>FTCS Zv\u00e4\u010d\u0161en\u00e1 z\u00e1chytka z\u00e1sobn\u00edka s pl\u00f4\u0161kou &#8211; \u010d.16 pre platformu AK.<\/p>\n<\/div>\n","protected":false},"excerpt":{"rendered":"<p>Vylep\u0161en\u00e9 uvo\u013enenie z\u00e1sobn\u00edka pre platformu AK s prstovou poli\u010dkou. Oce\u013eov\u00e9, \u010dierne.<\/p>\n","protected":false},"featured_media":481352,"template":"","meta":{"_acf_changed":false},"product_brand":[11321],"product_cat":[13331,13397,13346],"product_tag":[],"class_list":{"0":"post-527033","1":"product","2":"type-product","3":"status-publish","4":"has-post-thumbnail","6":"product_brand-ftcs","7":"product_cat-ak-tuning","8":"product_cat-puska","9":"product_cat-rifle-tuning","11":"first","12":"instock","13":"taxable","14":"shipping-taxable","15":"purchasable","16":"product-type-simple"},"acf":[],"_links":{"self":[{"href":"https:\/\/staging.nbg.eu\/sk\/wp-json\/wp\/v2\/product\/527033","targetHints":{"allow":["GET"]}}],"collection":[{"href":"https:\/\/staging.nbg.eu\/sk\/wp-json\/wp\/v2\/product"}],"about":[{"href":"https:\/\/staging.nbg.eu\/sk\/wp-json\/wp\/v2\/types\/product"}],"wp:featuredmedia":[{"embeddable":true,"href":"https:\/\/staging.nbg.eu\/sk\/wp-json\/wp\/v2\/media\/481352"}],"wp:attachment":[{"href":"https:\/\/staging.nbg.eu\/sk\/wp-json\/wp\/v2\/media?parent=527033"}],"wp:term":[{"taxonomy":"product_brand","embeddable":true,"href":"https:\/\/staging.nbg.eu\/sk\/wp-json\/wp\/v2\/product_brand?post=527033"},{"taxonomy":"product_cat","embeddable":true,"href":"https:\/\/staging.nbg.eu\/sk\/wp-json\/wp\/v2\/product_cat?post=527033"},{"taxonomy":"product_tag","embeddable":true,"href":"https:\/\/staging.nbg.eu\/sk\/wp-json\/wp\/v2\/product_tag?post=527033"}],"curies":[{"name":"wp","href":"https:\/\/api.w.org\/{rel}","templated":true}]}}