{"id":52672,"date":"2024-03-12T18:05:32","date_gmt":"2024-09-13T11:33:36","guid":{"rendered":"https:\/\/staging.nbg.eu\/product\/bore-tech-x-count-patches-multiple-sizes\/"},"modified":"2024-09-13T11:34:49","modified_gmt":"2024-09-13T11:34:49","slug":"bore-tech-x-count-cistiace-zaplaty-viacero-velkosti","status":"publish","type":"product","link":"https:\/\/staging.nbg.eu\/sk\/produkt\/bore-tech-x-count-cistiace-zaplaty-viacero-velkosti\/","title":{"rendered":"Bore Tech X-Count \u010cistiace Z\u00e1platy (Viacero Ve\u013ekost\u00ed)"},"content":{"rendered":"<p>Bore Tech X-Count\u2122 \u010distiace z\u00e1platy: Vlastnosti:<\/p>\n<ul>\n<li>100% bavlnen\u00fd flanel<\/li>\n<li>Dvojito \u010desan\u00fd materi\u00e1l, ktor\u00fd sa netrepe<\/li>\n<li>\u00da\u010dinn\u00e1 \u010distiaca schopnos\u0165<\/li>\n<li>Dobr\u00e1 absorpcia rozp\u00fa\u0161\u0165adla<\/li>\n<li>Vyroben\u00e9 v USA<\/li>\n<li>Vhodn\u00e9 pre r\u00f4zne typy zbran\u00ed a kalibrov<\/li>\n<li>Dod\u00e1van\u00e9 v zavesite\u013enom, op\u00e4tovne uzatv\u00e1rate\u013enom balen\u00ed<\/li>\n<\/ul>\n","protected":false},"excerpt":{"rendered":"<p>Pr\u00e9miov\u00e9 bavlnen\u00e9 \u010distiace z\u00e1platy na zbrane, r\u00f4zne ve\u013ekosti. Vyroben\u00e9 v USA.<\/p>\n","protected":false},"featured_media":52673,"template":"","meta":{"_acf_changed":false},"product_brand":[11161],"product_cat":[13378,13404],"product_tag":[],"class_list":{"0":"post-52672","1":"product","2":"type-product","3":"status-publish","4":"has-post-thumbnail","6":"product_brand-boretech","7":"product_cat-cistenie-zbrani","8":"product_cat-cistiace-tampony","10":"first","11":"instock","12":"taxable","13":"shipping-taxable","14":"purchasable","15":"product-type-variable","16":"wvs-archive-product-wrapper"},"acf":[],"_links":{"self":[{"href":"https:\/\/staging.nbg.eu\/sk\/wp-json\/wp\/v2\/product\/52672","targetHints":{"allow":["GET"]}}],"collection":[{"href":"https:\/\/staging.nbg.eu\/sk\/wp-json\/wp\/v2\/product"}],"about":[{"href":"https:\/\/staging.nbg.eu\/sk\/wp-json\/wp\/v2\/types\/product"}],"wp:featuredmedia":[{"embeddable":true,"href":"https:\/\/staging.nbg.eu\/sk\/wp-json\/wp\/v2\/media\/52673"}],"wp:attachment":[{"href":"https:\/\/staging.nbg.eu\/sk\/wp-json\/wp\/v2\/media?parent=52672"}],"wp:term":[{"taxonomy":"product_brand","embeddable":true,"href":"https:\/\/staging.nbg.eu\/sk\/wp-json\/wp\/v2\/product_brand?post=52672"},{"taxonomy":"product_cat","embeddable":true,"href":"https:\/\/staging.nbg.eu\/sk\/wp-json\/wp\/v2\/product_cat?post=52672"},{"taxonomy":"product_tag","embeddable":true,"href":"https:\/\/staging.nbg.eu\/sk\/wp-json\/wp\/v2\/product_tag?post=52672"}],"curies":[{"name":"wp","href":"https:\/\/api.w.org\/{rel}","templated":true}]}}