{"id":52192,"date":"2024-03-12T19:00:56","date_gmt":"2024-09-13T11:30:10","guid":{"rendered":"https:\/\/staging.nbg.eu\/product\/bore-tech-rimfire-blend\/"},"modified":"2024-09-13T11:31:13","modified_gmt":"2024-09-13T11:31:13","slug":"bore-tech-rimfire-zmes","status":"publish","type":"product","link":"https:\/\/staging.nbg.eu\/sk\/produkt\/bore-tech-rimfire-zmes\/","title":{"rendered":"Bore Tech Rimfire Zmes"},"content":{"rendered":"<div class=\"product-description\">\n<h2>Bore Tech \u010distiaci prostriedok na malokalibrovky<\/h2>\n<p>Vyvinut\u00fd pre strelcov z malokalibroviek, tento \u010distiaci prostriedok odstra\u0148uje olovo, zvy\u0161ky prachu a vosk z n\u00e1bojov. Pou\u017e\u00edvan\u00fd profesion\u00e1lnymi strelcami a v\u00fdrobcami pu\u0161iek.<\/p>\n<ul>\n<li>Bez obsahu amoniaku a bez z\u00e1pachu<\/li>\n<li>100% biologicky rozlo\u017eite\u013en\u00fd<\/li>\n<li>Odstra\u0148uje vrstvy olova, vosku a uhl\u00edka<\/li>\n<li>Vy\u017eaduje minim\u00e1lne kefovanie<\/li>\n<li>Bezpe\u010dn\u00fd pre v\u0161etky typy hlavn\u00ed<\/li>\n<\/ul>\n<p>Vysk\u00fa\u0161ajte \u010distiacu technol\u00f3giu Bore Tech.<\/p>\n<\/div>\n","protected":false},"excerpt":{"rendered":"<p>\u00da\u010dinn\u00fd \u010disti\u010d na malor\u00e1\u017ene zbrane odstra\u0148uje olovo, vosk a karb\u00f3n. Neobsahuje amoniak.<\/p>\n","protected":false},"featured_media":52193,"template":"","meta":{"_acf_changed":false},"product_brand":[11161],"product_cat":[13378,13392],"product_tag":[],"class_list":{"0":"post-52192","1":"product","2":"type-product","3":"status-publish","4":"has-post-thumbnail","6":"product_brand-boretech","7":"product_cat-cistenie-zbrani","8":"product_cat-cistice","10":"first","11":"instock","12":"taxable","13":"shipping-taxable","14":"purchasable","15":"product-type-variable","16":"wvs-archive-product-wrapper"},"acf":[],"_links":{"self":[{"href":"https:\/\/staging.nbg.eu\/sk\/wp-json\/wp\/v2\/product\/52192","targetHints":{"allow":["GET"]}}],"collection":[{"href":"https:\/\/staging.nbg.eu\/sk\/wp-json\/wp\/v2\/product"}],"about":[{"href":"https:\/\/staging.nbg.eu\/sk\/wp-json\/wp\/v2\/types\/product"}],"wp:featuredmedia":[{"embeddable":true,"href":"https:\/\/staging.nbg.eu\/sk\/wp-json\/wp\/v2\/media\/52193"}],"wp:attachment":[{"href":"https:\/\/staging.nbg.eu\/sk\/wp-json\/wp\/v2\/media?parent=52192"}],"wp:term":[{"taxonomy":"product_brand","embeddable":true,"href":"https:\/\/staging.nbg.eu\/sk\/wp-json\/wp\/v2\/product_brand?post=52192"},{"taxonomy":"product_cat","embeddable":true,"href":"https:\/\/staging.nbg.eu\/sk\/wp-json\/wp\/v2\/product_cat?post=52192"},{"taxonomy":"product_tag","embeddable":true,"href":"https:\/\/staging.nbg.eu\/sk\/wp-json\/wp\/v2\/product_tag?post=52192"}],"curies":[{"name":"wp","href":"https:\/\/api.w.org\/{rel}","templated":true}]}}