{"id":52006,"date":"2024-03-12T19:14:59","date_gmt":"2024-09-13T11:27:38","guid":{"rendered":"https:\/\/staging.nbg.eu\/product\/bore-tech-cu2-copper-remover\/"},"modified":"2024-09-13T11:28:40","modified_gmt":"2024-09-13T11:28:40","slug":"bore-tech-cu2-odstranovac-medi","status":"publish","type":"product","link":"https:\/\/staging.nbg.eu\/sk\/produkt\/bore-tech-cu2-odstranovac-medi\/","title":{"rendered":"Bore Tech CU+2 Odstra\u0148ova\u010d Medi"},"content":{"rendered":"<div class=\"product-description\">\n<h2>Bore Tech CU+2 Odstra\u0148ova\u010d medi<\/h2>\n<p>Patentovan\u00fd Cu+2 Copper Remover\u2122 odstra\u0148uje meden\u00e9 zne\u010distenie. Tento roztok prekon\u00e1va tradi\u010dn\u00e9 rozp\u00fa\u0161\u0165adl\u00e1 na b\u00e1ze petro-amoniaku a pon\u00faka:<\/p>\n<ul>\n<li>100% bezpe\u010dn\u00fd pre hlave\u0148 a bez obsahu amoniaku<\/li>\n<li>Bez z\u00e1pachu a biologicky rozlo\u017eite\u013en\u00fd<\/li>\n<li>R\u00fdchle a \u00fapln\u00e9 odstr\u00e1nenie medi<\/li>\n<li>Dvojkrokov\u00fd proces \u010distenia<\/li>\n<li>Kr\u00e1tkodob\u00e1 ochrana proti hrdzaveniu<\/li>\n<\/ul>\n<p>Tento odstra\u0148ova\u010d medi je \u013eahko pou\u017eite\u013en\u00fd a nie je nebezpe\u010dn\u00fd.<\/p>\n<\/div>\n","protected":false},"excerpt":{"rendered":"<p>Patentovan\u00fd odstra\u0148ova\u010d medi bez obsahu amoniaku. R\u00fdchlo p\u00f4sobiaci, bezpe\u010dn\u00fd pre hlave\u0148 a bez z\u00e1pachu.<\/p>\n","protected":false},"featured_media":52007,"template":"","meta":{"_acf_changed":false},"product_brand":[11161],"product_cat":[13378,13392],"product_tag":[],"class_list":{"0":"post-52006","1":"product","2":"type-product","3":"status-publish","4":"has-post-thumbnail","6":"product_brand-boretech","7":"product_cat-cistenie-zbrani","8":"product_cat-cistice","10":"first","11":"instock","12":"taxable","13":"shipping-taxable","14":"purchasable","15":"product-type-variable","16":"wvs-archive-product-wrapper"},"acf":[],"_links":{"self":[{"href":"https:\/\/staging.nbg.eu\/sk\/wp-json\/wp\/v2\/product\/52006","targetHints":{"allow":["GET"]}}],"collection":[{"href":"https:\/\/staging.nbg.eu\/sk\/wp-json\/wp\/v2\/product"}],"about":[{"href":"https:\/\/staging.nbg.eu\/sk\/wp-json\/wp\/v2\/types\/product"}],"wp:featuredmedia":[{"embeddable":true,"href":"https:\/\/staging.nbg.eu\/sk\/wp-json\/wp\/v2\/media\/52007"}],"wp:attachment":[{"href":"https:\/\/staging.nbg.eu\/sk\/wp-json\/wp\/v2\/media?parent=52006"}],"wp:term":[{"taxonomy":"product_brand","embeddable":true,"href":"https:\/\/staging.nbg.eu\/sk\/wp-json\/wp\/v2\/product_brand?post=52006"},{"taxonomy":"product_cat","embeddable":true,"href":"https:\/\/staging.nbg.eu\/sk\/wp-json\/wp\/v2\/product_cat?post=52006"},{"taxonomy":"product_tag","embeddable":true,"href":"https:\/\/staging.nbg.eu\/sk\/wp-json\/wp\/v2\/product_tag?post=52006"}],"curies":[{"name":"wp","href":"https:\/\/api.w.org\/{rel}","templated":true}]}}