{"id":51832,"date":"2024-03-13T05:48:23","date_gmt":"2024-03-13T05:48:23","guid":{"rendered":"https:\/\/staging.nbg.eu\/product\/bore-tech-c4-carbon-remover-4-oz\/"},"modified":"2024-09-13T10:08:06","modified_gmt":"2024-09-13T10:08:06","slug":"bore-tech-c4-odstranovac-carbonu-4-oz","status":"publish","type":"product","link":"https:\/\/staging.nbg.eu\/sk\/produkt\/bore-tech-c4-odstranovac-carbonu-4-oz\/","title":{"rendered":"Bore Tech C4 Odstra\u0148ova\u010d Carbonu &#8211; 4 Oz"},"content":{"rendered":"<div class=\"product-description\">\n<h2>Bore Tech C4 Odstra\u0148ova\u010d uhl\u00edka &#8211; 118 ml<\/h2>\n<p>Bore Tech C4 Odstra\u0148ova\u010d uhl\u00edka je \u010distiaci prostriedok na odstr\u00e1nenie uhl\u00edkov\u00fdch usaden\u00edn. T\u00e1to formula odstra\u0148uje siln\u00e9 uhl\u00edkov\u00e9 zne\u010distenie bez nebezpe\u010denstva, toxicity alebo z\u00e1pachu. Je bezpe\u010dn\u00e1 pre hlavne, ne\u0161kodn\u00e1 a neobsahuje amoniak. Vhodn\u00e1 na \u010distenie hlavn\u00ed, nosi\u010dov z\u00e1verov a \u010fal\u0161\u00edch s\u00fa\u010dast\u00ed.<\/p>\n<\/div>\n","protected":false},"excerpt":{"rendered":"<p>V\u00fdkonn\u00fd, bezpe\u010dn\u00fd odstra\u0148ova\u010d karb\u00f3nu pre streln\u00e9 zbrane. R\u00fdchly a \u00fa\u010dinn\u00fd.<\/p>\n","protected":false},"featured_media":51833,"template":"","meta":{"_acf_changed":false},"product_brand":[11161],"product_cat":[13378,13392],"product_tag":[],"class_list":{"0":"post-51832","1":"product","2":"type-product","3":"status-publish","4":"has-post-thumbnail","6":"product_brand-boretech","7":"product_cat-cistenie-zbrani","8":"product_cat-cistice","10":"first","11":"instock","12":"taxable","13":"shipping-taxable","14":"purchasable","15":"product-type-variable","16":"wvs-archive-product-wrapper"},"acf":[],"_links":{"self":[{"href":"https:\/\/staging.nbg.eu\/sk\/wp-json\/wp\/v2\/product\/51832","targetHints":{"allow":["GET"]}}],"collection":[{"href":"https:\/\/staging.nbg.eu\/sk\/wp-json\/wp\/v2\/product"}],"about":[{"href":"https:\/\/staging.nbg.eu\/sk\/wp-json\/wp\/v2\/types\/product"}],"wp:featuredmedia":[{"embeddable":true,"href":"https:\/\/staging.nbg.eu\/sk\/wp-json\/wp\/v2\/media\/51833"}],"wp:attachment":[{"href":"https:\/\/staging.nbg.eu\/sk\/wp-json\/wp\/v2\/media?parent=51832"}],"wp:term":[{"taxonomy":"product_brand","embeddable":true,"href":"https:\/\/staging.nbg.eu\/sk\/wp-json\/wp\/v2\/product_brand?post=51832"},{"taxonomy":"product_cat","embeddable":true,"href":"https:\/\/staging.nbg.eu\/sk\/wp-json\/wp\/v2\/product_cat?post=51832"},{"taxonomy":"product_tag","embeddable":true,"href":"https:\/\/staging.nbg.eu\/sk\/wp-json\/wp\/v2\/product_tag?post=51832"}],"curies":[{"name":"wp","href":"https:\/\/api.w.org\/{rel}","templated":true}]}}