{"id":51738,"date":"2024-03-14T09:15:35","date_gmt":"2024-09-13T10:05:17","guid":{"rendered":"https:\/\/staging.nbg.eu\/product\/boretech-nylon-chamber-brush-multiple-calibers\/"},"modified":"2024-09-13T10:06:15","modified_gmt":"2024-09-13T10:06:15","slug":"boretech-nylonova-kefa-na-komoru-viacero-kalibrov","status":"publish","type":"product","link":"https:\/\/staging.nbg.eu\/sk\/produkt\/boretech-nylonova-kefa-na-komoru-viacero-kalibrov\/","title":{"rendered":"BoreTech Nylonov\u00e1 Kefa na Komoru (Viacero Kalibrov)"},"content":{"rendered":"<div class=\"product-description\">\n<h2>BoreTech nylonov\u00e1 kefa na komoru (r\u00f4zne kalibry)<\/h2>\n<p>Nylonov\u00e9 kefy na komoru od Bore Tech s\u00fa bezpe\u010dn\u00e9 a \u00fa\u010dinn\u00e9. Tieto kefy bezpe\u010dn\u00e9 pre komory maj\u00fa tieto vlastnosti:<\/p>\n<ul>\n<li>Kompatibilita s \u010distiacimi prostriedkami na r\u00fdchle odstr\u00e1nenie medi<\/li>\n<li>Zlep\u0161en\u00e9 \u010distenie v\u010faka extra vr\u00fabkovan\u00fdm nylonov\u00fdm \u0161tetin\u00e1m<\/li>\n<li>Priemery \u0161tet\u00edn prisp\u00f4soben\u00e9 ka\u017ed\u00e9mu kalibru<\/li>\n<li>Jadro kefy bez mosadze, dvojito vinut\u00e9 s uzavret\u00fdm koncom<\/li>\n<li>Hlin\u00edkov\u00e9 \u010dapy leteckej kvality pre odolnos\u0165<\/li>\n<\/ul>\n<p>Odstr\u00e1\u0148te falo\u0161n\u00e9 indik\u00e1cie zne\u010distenia me\u010fou a modr\u00e9 \u0161kvrny spojen\u00e9 s fosforov\u00fdmi bronzov\u00fdmi kefami. K dispoz\u00edcii v jednotliv\u00fdch baleniach pre .223\/5.56mm AR-15 a .308\/7.62mm AR-10.<\/p>\n<p>Bore Tech pon\u00faka r\u00fdchlej\u0161ie a \u00fa\u010dinnej\u0161ie \u010distenie komory bez po\u0161kodenia va\u0161ej zbrane.<\/p>\n<\/div>\n","protected":false},"excerpt":{"rendered":"<p>Bezpe\u010dn\u00e1, odoln\u00e1 nylonov\u00e1 komorov\u00e1 kefa na efekt\u00edvne \u010distenie streln\u00fdch zbran\u00ed.<\/p>\n","protected":false},"featured_media":51739,"template":"","meta":{"_acf_changed":false},"product_brand":[11161],"product_cat":[13378,13405],"product_tag":[],"class_list":{"0":"post-51738","1":"product","2":"type-product","3":"status-publish","4":"has-post-thumbnail","6":"product_brand-boretech","7":"product_cat-cistenie-zbrani","8":"product_cat-kefky","9":"pa_model-ar-10-sk","10":"pa_model-ar-15-sk","12":"first","13":"instock","14":"taxable","15":"shipping-taxable","16":"purchasable","17":"product-type-variable","18":"wvs-archive-product-wrapper"},"acf":[],"_links":{"self":[{"href":"https:\/\/staging.nbg.eu\/sk\/wp-json\/wp\/v2\/product\/51738","targetHints":{"allow":["GET"]}}],"collection":[{"href":"https:\/\/staging.nbg.eu\/sk\/wp-json\/wp\/v2\/product"}],"about":[{"href":"https:\/\/staging.nbg.eu\/sk\/wp-json\/wp\/v2\/types\/product"}],"wp:featuredmedia":[{"embeddable":true,"href":"https:\/\/staging.nbg.eu\/sk\/wp-json\/wp\/v2\/media\/51739"}],"wp:attachment":[{"href":"https:\/\/staging.nbg.eu\/sk\/wp-json\/wp\/v2\/media?parent=51738"}],"wp:term":[{"taxonomy":"product_brand","embeddable":true,"href":"https:\/\/staging.nbg.eu\/sk\/wp-json\/wp\/v2\/product_brand?post=51738"},{"taxonomy":"product_cat","embeddable":true,"href":"https:\/\/staging.nbg.eu\/sk\/wp-json\/wp\/v2\/product_cat?post=51738"},{"taxonomy":"product_tag","embeddable":true,"href":"https:\/\/staging.nbg.eu\/sk\/wp-json\/wp\/v2\/product_tag?post=51738"}],"curies":[{"name":"wp","href":"https:\/\/api.w.org\/{rel}","templated":true}]}}