{"id":51578,"date":"2024-03-15T05:39:44","date_gmt":"2024-09-13T09:59:33","guid":{"rendered":"https:\/\/staging.nbg.eu\/product\/bore-tech-bullet-knock-out-set\/"},"modified":"2024-09-13T10:00:29","modified_gmt":"2024-09-13T10:00:29","slug":"bore-tech-bullet-knock-out-sada","status":"publish","type":"product","link":"https:\/\/staging.nbg.eu\/sk\/produkt\/bore-tech-bullet-knock-out-sada\/","title":{"rendered":"Bore Tech Bullet Knock-out Sada"},"content":{"rendered":"<p><strong>S\u00faprava na vyrazenie n\u00e1bojov Bore Tech<\/strong> je n\u00e1stroj pre strelcov. T\u00e1to s\u00faprava obsahuje 4 mosadzn\u00e9 hroty na bezpe\u010dn\u00e9 odstr\u00e1nenie zaseknut\u00fdch n\u00e1bojov alebo n\u00e1bojn\u00edc bez po\u0161kodenia \u010distiacej ty\u010de. Je kompatibiln\u00e1 s pu\u0161kami a pi\u0161to\u013eami od kalibru .17 do .50.<\/p>\n","protected":false},"excerpt":{"rendered":"<p>Nevyhnutn\u00fd n\u00e1stroj na odstr\u00e1nenie uviaznut\u00fdch striel. 4 mosadzn\u00e9 hroty, kaliber .17-.50.<\/p>\n","protected":false},"featured_media":51579,"template":"","meta":{"_acf_changed":false},"product_brand":[11161],"product_cat":[13378,13405],"product_tag":[],"class_list":{"0":"post-51578","1":"product","2":"type-product","3":"status-publish","4":"has-post-thumbnail","6":"product_brand-boretech","7":"product_cat-cistenie-zbrani","8":"product_cat-kefky","10":"first","11":"instock","12":"taxable","13":"shipping-taxable","14":"purchasable","15":"product-type-simple"},"acf":[],"_links":{"self":[{"href":"https:\/\/staging.nbg.eu\/sk\/wp-json\/wp\/v2\/product\/51578","targetHints":{"allow":["GET"]}}],"collection":[{"href":"https:\/\/staging.nbg.eu\/sk\/wp-json\/wp\/v2\/product"}],"about":[{"href":"https:\/\/staging.nbg.eu\/sk\/wp-json\/wp\/v2\/types\/product"}],"wp:featuredmedia":[{"embeddable":true,"href":"https:\/\/staging.nbg.eu\/sk\/wp-json\/wp\/v2\/media\/51579"}],"wp:attachment":[{"href":"https:\/\/staging.nbg.eu\/sk\/wp-json\/wp\/v2\/media?parent=51578"}],"wp:term":[{"taxonomy":"product_brand","embeddable":true,"href":"https:\/\/staging.nbg.eu\/sk\/wp-json\/wp\/v2\/product_brand?post=51578"},{"taxonomy":"product_cat","embeddable":true,"href":"https:\/\/staging.nbg.eu\/sk\/wp-json\/wp\/v2\/product_cat?post=51578"},{"taxonomy":"product_tag","embeddable":true,"href":"https:\/\/staging.nbg.eu\/sk\/wp-json\/wp\/v2\/product_tag?post=51578"}],"curies":[{"name":"wp","href":"https:\/\/api.w.org\/{rel}","templated":true}]}}