{"id":51484,"date":"2024-03-15T06:18:52","date_gmt":"2024-09-13T09:57:15","guid":{"rendered":"https:\/\/staging.nbg.eu\/product\/bore-tech-chameleon-gel-2-oz-tube\/"},"modified":"2024-09-13T09:58:16","modified_gmt":"2024-09-13T09:58:16","slug":"bore-tech-chameleon-gel-2-oz-tuba","status":"publish","type":"product","link":"https:\/\/staging.nbg.eu\/sk\/produkt\/bore-tech-chameleon-gel-2-oz-tuba\/","title":{"rendered":"Bore Tech Chameleon g\u00e9l (2 Oz tuba)"},"content":{"rendered":"<h2>Bore Tech Chameleon Gel (2 uncov\u00fd tuba)<\/h2>\n<p>Bore Tech Chameleon Gel\u2122 je patentovan\u00fd \u010disti\u010d a le\u0161tidlo na streln\u00e9 zbrane. Tento g\u00e9l s farebnou indik\u00e1ciou odstra\u0148uje uhl\u00edk, me\u010f, olovo a molybd\u00e9n, zanech\u00e1vaj\u00fac hlave\u0148 \u010dist\u00fa.<\/p>\n<ul>\n<li>Bez z\u00e1pachu a biologicky odb\u00farate\u013en\u00fd<\/li>\n<li>Bezpe\u010dn\u00fd pre v\u0161etky typy hlavn\u00ed<\/li>\n<li>Nevy\u017eaduje mie\u0161anie<\/li>\n<li>G\u00e9lov\u00e1 formula<\/li>\n<li>Technol\u00f3gia farebnej indik\u00e1cie pre \u010distenie<\/li>\n<\/ul>\n<p>Farba g\u00e9lu sa men\u00ed pod\u013ea typu zne\u010distenia:<\/p>\n<p>Modr\u00e1\/Zelen\u00e1: Me\u010f<\/p>\n<p>\u010cierna: Uhl\u00edk<\/p>\n<p>Siv\u00e1: Olovo\/Molybd\u00e9n<\/p>\n<p>Biela: \u010cist\u00e1 hlave\u0148<\/p>\n<p>Udr\u017eujte v\u00fdkon va\u0161ej strelnej zbrane s t\u00fdmto \u010distiacim prostriedkom. K dispoz\u00edcii v 2 uncovej tube.<\/p>\n","protected":false},"excerpt":{"rendered":"<p>\u010cistiaci g\u00e9l meniaci farbu odstra\u0148uje zne\u010distenie z hlavn\u00ed zbran\u00ed.<\/p>\n","protected":false},"featured_media":51485,"template":"","meta":{"_acf_changed":false},"product_brand":[11161],"product_cat":[13378,13392],"product_tag":[],"class_list":{"0":"post-51484","1":"product","2":"type-product","3":"status-publish","4":"has-post-thumbnail","6":"product_brand-boretech","7":"product_cat-cistenie-zbrani","8":"product_cat-cistice","10":"first","11":"instock","12":"taxable","13":"shipping-taxable","14":"purchasable","15":"product-type-simple"},"acf":[],"_links":{"self":[{"href":"https:\/\/staging.nbg.eu\/sk\/wp-json\/wp\/v2\/product\/51484","targetHints":{"allow":["GET"]}}],"collection":[{"href":"https:\/\/staging.nbg.eu\/sk\/wp-json\/wp\/v2\/product"}],"about":[{"href":"https:\/\/staging.nbg.eu\/sk\/wp-json\/wp\/v2\/types\/product"}],"wp:featuredmedia":[{"embeddable":true,"href":"https:\/\/staging.nbg.eu\/sk\/wp-json\/wp\/v2\/media\/51485"}],"wp:attachment":[{"href":"https:\/\/staging.nbg.eu\/sk\/wp-json\/wp\/v2\/media?parent=51484"}],"wp:term":[{"taxonomy":"product_brand","embeddable":true,"href":"https:\/\/staging.nbg.eu\/sk\/wp-json\/wp\/v2\/product_brand?post=51484"},{"taxonomy":"product_cat","embeddable":true,"href":"https:\/\/staging.nbg.eu\/sk\/wp-json\/wp\/v2\/product_cat?post=51484"},{"taxonomy":"product_tag","embeddable":true,"href":"https:\/\/staging.nbg.eu\/sk\/wp-json\/wp\/v2\/product_tag?post=51484"}],"curies":[{"name":"wp","href":"https:\/\/api.w.org\/{rel}","templated":true}]}}