{"id":51430,"date":"2024-03-15T07:11:12","date_gmt":"2024-09-13T09:53:30","guid":{"rendered":"https:\/\/staging.nbg.eu\/product\/bore-tech-shield-xp-rust-preventive\/"},"modified":"2024-09-13T09:54:32","modified_gmt":"2024-09-13T09:54:32","slug":"bore-tech-shield-xp-ochrana-proti-hrdzi","status":"publish","type":"product","link":"https:\/\/staging.nbg.eu\/sk\/produkt\/bore-tech-shield-xp-ochrana-proti-hrdzi\/","title":{"rendered":"Bore Tech Shield XP ochrana proti hrdzi"},"content":{"rendered":"<h2>Bore Tech Shield XP ochrana proti hrdzi<\/h2>\n<p>Chr\u00e1\u0148te svoje streln\u00e9 zbrane pomocou Bore Tech Shield XP, pr\u00edpravku na ochranu proti hrdzi. T\u00e1to formula chr\u00e1ni pred hrdzou a kor\u00f3ziou. Tento roztok prenikne hlboko, vytla\u010d\u00ed vlhkos\u0165 a neutralizuje koroz\u00edvne l\u00e1tky, pri\u010dom zanech\u00e1 nevidite\u013en\u00fa bari\u00e9ru, ktor\u00e1 nepri\u0165ahuje ne\u010distoty.<\/p>\n<ul>\n<li>Vhodn\u00e9 pre dlhodob\u00e9 skladovanie<\/li>\n<li>Bezpe\u010dn\u00e9 pre v\u0161etky kovy<\/li>\n<li>Vydr\u017e\u00ed viac ako 500 hod\u00edn v ASTM teste vlhkosti<\/li>\n<li>Kokosov\u00e1 v\u00f4\u0148a<\/li>\n<li>F\u013ea\u0161a s pumpi\u010dkou<\/li>\n<\/ul>\n<h3>Pokyny:<\/h3>\n<ol>\n<li>Vybitie zbrane a odmastenie povrchov<\/li>\n<li>Nastriekanie alebo nanesenie Shield XP na kovov\u00e9 povrchy<\/li>\n<li>Po\u010dkajte 15 min\u00fat, v pr\u00edpade potreby naneste druh\u00fa vrstvu<\/li>\n<li>Pred pou\u017eit\u00edm pretiahnite such\u00fd tamp\u00f3n cez hlave\u0148<\/li>\n<\/ol>\n<p>Shield XP: Ochrana proti hrdzi a kor\u00f3zii pre va\u0161e streln\u00e9 zbrane.<\/p>\n","protected":false},"excerpt":{"rendered":"<p>Dlhotrvaj\u00faca ochrana proti kor\u00f3zii pre streln\u00e9 zbrane.<\/p>\n","protected":false},"featured_media":51392,"template":"","meta":{"_acf_changed":false},"product_brand":[11161],"product_cat":[13378,13366],"product_tag":[],"class_list":{"0":"post-51430","1":"product","2":"type-product","3":"status-publish","4":"has-post-thumbnail","6":"product_brand-boretech","7":"product_cat-cistenie-zbrani","8":"product_cat-maziva","10":"first","11":"instock","12":"taxable","13":"shipping-taxable","14":"purchasable","15":"product-type-simple"},"acf":[],"_links":{"self":[{"href":"https:\/\/staging.nbg.eu\/sk\/wp-json\/wp\/v2\/product\/51430","targetHints":{"allow":["GET"]}}],"collection":[{"href":"https:\/\/staging.nbg.eu\/sk\/wp-json\/wp\/v2\/product"}],"about":[{"href":"https:\/\/staging.nbg.eu\/sk\/wp-json\/wp\/v2\/types\/product"}],"wp:featuredmedia":[{"embeddable":true,"href":"https:\/\/staging.nbg.eu\/sk\/wp-json\/wp\/v2\/media\/51392"}],"wp:attachment":[{"href":"https:\/\/staging.nbg.eu\/sk\/wp-json\/wp\/v2\/media?parent=51430"}],"wp:term":[{"taxonomy":"product_brand","embeddable":true,"href":"https:\/\/staging.nbg.eu\/sk\/wp-json\/wp\/v2\/product_brand?post=51430"},{"taxonomy":"product_cat","embeddable":true,"href":"https:\/\/staging.nbg.eu\/sk\/wp-json\/wp\/v2\/product_cat?post=51430"},{"taxonomy":"product_tag","embeddable":true,"href":"https:\/\/staging.nbg.eu\/sk\/wp-json\/wp\/v2\/product_tag?post=51430"}],"curies":[{"name":"wp","href":"https:\/\/api.w.org\/{rel}","templated":true}]}}