{"id":51391,"date":"2024-03-15T07:47:20","date_gmt":"2024-09-13T09:50:06","guid":{"rendered":"https:\/\/staging.nbg.eu\/product\/boretech-eliminator-4-oz\/"},"modified":"2024-09-13T09:51:09","modified_gmt":"2024-09-13T09:51:09","slug":"boretech-eliminator-4-oz","status":"publish","type":"product","link":"https:\/\/staging.nbg.eu\/sk\/produkt\/boretech-eliminator-4-oz\/","title":{"rendered":"BoreTech Eliminator &#8211; 4 Oz"},"content":{"rendered":"<div class=\"product-description\">\n<h2>BoreTech Eliminator &#8211; 118 ml<\/h2>\n<p>BoreTech Eliminator\u2122 je \u010disti\u010d hlavne. Tento patentovan\u00fd, r\u00fdchlo p\u00f4sobiaci a pre hlave\u0148 bezpe\u010dn\u00fd pr\u00edpravok m\u00e1 nasleduj\u00face vlastnosti:<\/p>\n<ul>\n<li>100% bezpe\u010dn\u00fd pre hlave\u0148 a biologicky odb\u00farate\u013en\u00fd<\/li>\n<li>Neobsahuje amoniak a je bez z\u00e1pachu<\/li>\n<li>Odstra\u0148uje uhl\u00edk, me\u010f, olovo a koroz\u00edvne zvy\u0161ky<\/li>\n<li>Nie je nebezpe\u010dn\u00fd a je u\u017e\u00edvate\u013esky pr\u00edvetiv\u00fd<\/li>\n<\/ul>\n<p>Eliminator obsahuje zmes chemick\u00fdch povrchovo akt\u00edvnych l\u00e1tok, ktor\u00e9 uvo\u013e\u0148uj\u00fa uhl\u00edkov\u00e9 usadeniny a z\u00e1rove\u0148 oxiduj\u00fa a suspenduj\u00fa meden\u00e9 zne\u010distenie. Toto zabra\u0148uje op\u00e4tovn\u00e9mu usadzovaniu a zabezpe\u010duje d\u00f4kladn\u00e9 \u010distenie.<\/p>\n<h3>N\u00e1vod na pou\u017eitie:<\/h3>\n<ol>\n<li>Namo\u010dte 3-4 z\u00e1platy Eliminatorom a pretla\u010dte ich hlav\u0148ou v jednom smere<\/li>\n<li>Urobte 10-15 prechodov namo\u010denou nylonovou kefkou<\/li>\n<li>Zopakujte krok 1 a nechajte p\u00f4sobi\u0165 3-5 min\u00fat<\/li>\n<li>Pretla\u010dte such\u00e9 z\u00e1platy, k\u00fdm nie s\u00fa \u010dist\u00e9<\/li>\n<li>V pr\u00edpade potreby opakujte<\/li>\n<li>Na skladovanie aplikujte olej Bore Tech Friction Guard XP Gun Oil<\/li>\n<li>Pred pou\u017eit\u00edm pretla\u010dte such\u00fa z\u00e1platu<\/li>\n<\/ol>\n<p>BoreTech Eliminator je ur\u010den\u00fd na \u010distenie a ochranu hlavne.<\/p>\n<\/div>\n","protected":false},"excerpt":{"rendered":"<p>BoreTech Eliminator: Bezpe\u010dn\u00fd, \u00fa\u010dinn\u00fd \u010disti\u010d hlavn\u00ed. Odstra\u0148uje zne\u010distenie.<\/p>\n","protected":false},"featured_media":70987,"template":"","meta":{"_acf_changed":false},"product_brand":[11161],"product_cat":[13378,13392],"product_tag":[],"class_list":{"0":"post-51391","1":"product","2":"type-product","3":"status-publish","4":"has-post-thumbnail","6":"product_brand-boretech","7":"product_cat-cistenie-zbrani","8":"product_cat-cistice","10":"first","11":"instock","12":"taxable","13":"shipping-taxable","14":"purchasable","15":"product-type-variable","16":"wvs-archive-product-wrapper"},"acf":[],"_links":{"self":[{"href":"https:\/\/staging.nbg.eu\/sk\/wp-json\/wp\/v2\/product\/51391","targetHints":{"allow":["GET"]}}],"collection":[{"href":"https:\/\/staging.nbg.eu\/sk\/wp-json\/wp\/v2\/product"}],"about":[{"href":"https:\/\/staging.nbg.eu\/sk\/wp-json\/wp\/v2\/types\/product"}],"wp:featuredmedia":[{"embeddable":true,"href":"https:\/\/staging.nbg.eu\/sk\/wp-json\/wp\/v2\/media\/70987"}],"wp:attachment":[{"href":"https:\/\/staging.nbg.eu\/sk\/wp-json\/wp\/v2\/media?parent=51391"}],"wp:term":[{"taxonomy":"product_brand","embeddable":true,"href":"https:\/\/staging.nbg.eu\/sk\/wp-json\/wp\/v2\/product_brand?post=51391"},{"taxonomy":"product_cat","embeddable":true,"href":"https:\/\/staging.nbg.eu\/sk\/wp-json\/wp\/v2\/product_cat?post=51391"},{"taxonomy":"product_tag","embeddable":true,"href":"https:\/\/staging.nbg.eu\/sk\/wp-json\/wp\/v2\/product_tag?post=51391"}],"curies":[{"name":"wp","href":"https:\/\/api.w.org\/{rel}","templated":true}]}}