{"id":51285,"date":"2024-03-15T17:11:28","date_gmt":"2024-03-15T17:11:28","guid":{"rendered":"https:\/\/staging.nbg.eu\/product\/bore-tech-bore-guide-bolt-action-centerfire-8mm-416-cal\/"},"modified":"2024-09-13T09:48:15","modified_gmt":"2024-09-13T09:48:15","slug":"bore-tech-vodidlo-hlavne-gulovnica-8mm416-cal","status":"publish","type":"product","link":"https:\/\/staging.nbg.eu\/sk\/produkt\/bore-tech-vodidlo-hlavne-gulovnica-8mm416-cal\/","title":{"rendered":"Bore Tech vodidlo hlavne &#8211; gu\u013eovnica (8mm\/.416 Cal)"},"content":{"rendered":"<div class=\"product-description\">\n<h2>Bore Tech vodiaci n\u00e1stroj &#8211; Pre opakovacie stredov\u00e9 pu\u0161ky (8mm\/.416 Cal)<\/h2>\n<p>Bore Tech vodiaci n\u00e1stroj pre opakovacie stredov\u00e9 pu\u0161ky zabezpe\u010duje:<\/p>\n<ul>\n<li>Presn\u00e9 zarovnanie \u010distiacich ty\u010d\u00ed s v\u00fdvrtom hlavne<\/li>\n<li>Ochranu zbrane a \u010distiacej ty\u010de pred po\u0161koden\u00edm<\/li>\n<li>Tesnenie s gumen\u00fdmi ku\u017ee\u013emi odoln\u00fdmi vo\u010di rozp\u00fa\u0161\u0165adl\u00e1m<\/li>\n<li>Zabra\u0148uje \u00faniku \u010distiaceho prostriedku do n\u00e1bojovej komory a z\u00e1veru<\/li>\n<\/ul>\n<p>Vlastnosti:<\/p>\n<ul>\n<li>Komponenty vyroben\u00e9 CNC obr\u00e1ban\u00edm a vstrekovan\u00edm<\/li>\n<li>Zelen\u00e9 farebn\u00e9 ozna\u010denie pre kalibry od 8mm do .416<\/li>\n<li>Vhodn\u00fd pre v\u00e4\u010d\u0161inu opakovac\u00edch pu\u0161iek<\/li>\n<li>Roz\u0161\u00edren\u00e9 otvory na aplik\u00e1ciu rozp\u00fa\u0161\u0165adla<\/li>\n<li>Nastavite\u013en\u00fd l\u00edmec z\u00e1veru pre kr\u00e1tke a dlh\u00e9 akcie<\/li>\n<\/ul>\n<p>Bore Tech vodiaci n\u00e1stroj je ur\u010den\u00fd na \u00fadr\u017ebu streln\u00fdch zbran\u00ed.<\/p>\n<\/div>\n","protected":false},"excerpt":{"rendered":"<p>Presn\u00fd \u010distiaci n\u00e1stroj pre opakovacie pu\u0161ky s kalibrom 8 mm a\u017e .416. Zabra\u0148uje po\u0161kodeniu.<\/p>\n","protected":false},"featured_media":51286,"template":"","meta":{"_acf_changed":false},"product_brand":[11161],"product_cat":[13378,13337],"product_tag":[],"class_list":{"0":"post-51285","1":"product","2":"type-product","3":"status-publish","4":"has-post-thumbnail","6":"product_brand-boretech","7":"product_cat-cistenie-zbrani","8":"product_cat-cistiace-pruty","10":"first","11":"instock","12":"taxable","13":"shipping-taxable","14":"purchasable","15":"product-type-variable","16":"wvs-archive-product-wrapper"},"acf":[],"_links":{"self":[{"href":"https:\/\/staging.nbg.eu\/sk\/wp-json\/wp\/v2\/product\/51285","targetHints":{"allow":["GET"]}}],"collection":[{"href":"https:\/\/staging.nbg.eu\/sk\/wp-json\/wp\/v2\/product"}],"about":[{"href":"https:\/\/staging.nbg.eu\/sk\/wp-json\/wp\/v2\/types\/product"}],"wp:featuredmedia":[{"embeddable":true,"href":"https:\/\/staging.nbg.eu\/sk\/wp-json\/wp\/v2\/media\/51286"}],"wp:attachment":[{"href":"https:\/\/staging.nbg.eu\/sk\/wp-json\/wp\/v2\/media?parent=51285"}],"wp:term":[{"taxonomy":"product_brand","embeddable":true,"href":"https:\/\/staging.nbg.eu\/sk\/wp-json\/wp\/v2\/product_brand?post=51285"},{"taxonomy":"product_cat","embeddable":true,"href":"https:\/\/staging.nbg.eu\/sk\/wp-json\/wp\/v2\/product_cat?post=51285"},{"taxonomy":"product_tag","embeddable":true,"href":"https:\/\/staging.nbg.eu\/sk\/wp-json\/wp\/v2\/product_tag?post=51285"}],"curies":[{"name":"wp","href":"https:\/\/api.w.org\/{rel}","templated":true}]}}