{"id":51171,"date":"2024-03-16T18:40:45","date_gmt":"2024-09-13T09:25:30","guid":{"rendered":"https:\/\/staging.nbg.eu\/product\/bore-tech-bronze-stainless-chamber-brush\/"},"modified":"2024-09-13T09:26:28","modified_gmt":"2024-09-13T09:26:28","slug":"bore-tech-bronzovanerezova-kefa-na-komoru","status":"publish","type":"product","link":"https:\/\/staging.nbg.eu\/sk\/produkt\/bore-tech-bronzovanerezova-kefa-na-komoru\/","title":{"rendered":"Bore Tech bronzov\u00e1\/nerezov\u00e1 kefa na komoru"},"content":{"rendered":"<h2>Kefka na komoru Bore Tech z bronzu\/nehrdzavej\u00facej ocele<\/h2>\n<p>Kefky na komoru Bore Tech z bronzu\/nehrdzavej\u00facej ocele s\u00fa bezpe\u010dn\u00e9 pre komoru. Tieto kefky maj\u00fa robustn\u00fa kon\u0161trukciu a technick\u00e9 vlastnosti.<\/p>\n<ul>\n<li>Kombin\u00e1cia extra tuh\u00fdch bronzov\u00fdch a nerezov\u00fdch \u0161tet\u00edn<\/li>\n<li>Dvojit\u00e1 \u010distiaca akcia<\/li>\n<li>Dvojito vinut\u00e9 jadro kefy s uzavret\u00fdmi koncami<\/li>\n<li>Hlin\u00edkov\u00e9 hroty leteckej kvality<\/li>\n<li>Dostupn\u00e9 pre .223\/5.56mm AR-15 a .308\/7.62mm AR-10<\/li>\n<\/ul>\n<p>Kefky Bore Tech s\u00fa navrhnut\u00e9 pre \u010distenie komory.<\/p>\n<h3>Pokyny:<\/h3>\n<ol>\n<li>Naskrutkujte kefku na ty\u010d<\/li>\n<li>Navlh\u010dite kefku \u010distiacim prostriedkom (odpor\u00fa\u010da sa C4 Carbon Remover alebo Eliminator Bore Cleaner)<\/li>\n<li>Vlo\u017ete do komory a oto\u010dte 6-12 kr\u00e1t<\/li>\n<li>Znovu aplikujte rozp\u00fa\u0161\u0165adlo a pokra\u010dujte v \u010disten\u00ed pod\u013ea potreby<\/li>\n<li>Utrite komoru \u010distou handri\u010dkou alebo mopom<\/li>\n<li>Pred uskladnen\u00edm kefky vy\u010distite<\/li>\n<\/ol>\n","protected":false},"excerpt":{"rendered":"<p>Efekt\u00edvna kefa s dvojitou \u0161tetinovou komorou pre pu\u0161ky AR-15 a AR-10.<\/p>\n","protected":false},"featured_media":51172,"template":"","meta":{"_acf_changed":false},"product_brand":[11161],"product_cat":[13378,13405],"product_tag":[],"class_list":{"0":"post-51171","1":"product","2":"type-product","3":"status-publish","4":"has-post-thumbnail","6":"product_brand-boretech","7":"product_cat-cistenie-zbrani","8":"product_cat-kefky","9":"pa_model-ar-10-sk","10":"pa_model-ar-15-sk","12":"first","13":"instock","14":"taxable","15":"shipping-taxable","16":"purchasable","17":"product-type-variable","18":"wvs-archive-product-wrapper"},"acf":[],"_links":{"self":[{"href":"https:\/\/staging.nbg.eu\/sk\/wp-json\/wp\/v2\/product\/51171","targetHints":{"allow":["GET"]}}],"collection":[{"href":"https:\/\/staging.nbg.eu\/sk\/wp-json\/wp\/v2\/product"}],"about":[{"href":"https:\/\/staging.nbg.eu\/sk\/wp-json\/wp\/v2\/types\/product"}],"wp:featuredmedia":[{"embeddable":true,"href":"https:\/\/staging.nbg.eu\/sk\/wp-json\/wp\/v2\/media\/51172"}],"wp:attachment":[{"href":"https:\/\/staging.nbg.eu\/sk\/wp-json\/wp\/v2\/media?parent=51171"}],"wp:term":[{"taxonomy":"product_brand","embeddable":true,"href":"https:\/\/staging.nbg.eu\/sk\/wp-json\/wp\/v2\/product_brand?post=51171"},{"taxonomy":"product_cat","embeddable":true,"href":"https:\/\/staging.nbg.eu\/sk\/wp-json\/wp\/v2\/product_cat?post=51171"},{"taxonomy":"product_tag","embeddable":true,"href":"https:\/\/staging.nbg.eu\/sk\/wp-json\/wp\/v2\/product_tag?post=51171"}],"curies":[{"name":"wp","href":"https:\/\/api.w.org\/{rel}","templated":true}]}}