{"id":51008,"date":"2024-01-30T18:05:11","date_gmt":"2024-09-13T09:12:26","guid":{"rendered":"https:\/\/staging.nbg.eu\/product\/blue-force-gear-vickers-padded-sling\/"},"modified":"2024-10-30T09:10:01","modified_gmt":"2024-10-30T09:10:01","slug":"blue-force-gear-vickers-vankusovany-popruh","status":"publish","type":"product","link":"https:\/\/staging.nbg.eu\/sk\/produkt\/blue-force-gear-vickers-vankusovany-popruh\/","title":{"rendered":"Blue Force Gear Vickers vank\u00fa\u0161ovan\u00fd popruh"},"content":{"rendered":"<h2>Blue Force Gear Vickers Polstrovan\u00fd Popruh<\/h2>\n<p>Patentovan\u00fd Vickers Polstrovan\u00fd Bojov\u00fd Aplika\u010dn\u00fd Popruh\u2122. Vyvinut\u00fd v spolupr\u00e1ci s Larrym Vickersom, b\u00fdval\u00fdm \u010dlenom 1. SFOD-Delta. Tento r\u00fdchlo nastavite\u013en\u00fd taktick\u00fd popruh pou\u017e\u00edva arm\u00e1da USA.<\/p>\n<h2>Hlavn\u00e9 vlastnosti:<\/h2>\n<ul>\n<li>5 cm vlo\u017een\u00e1 v\u00fdstu\u017e pre v\u00e4\u010d\u0161ie pohodlie<\/li>\n<li>Kon\u0161trukcia z peny s uzavret\u00fdmi bunkami<\/li>\n<li>R\u00fdchly nastavova\u010d pre okam\u017eit\u00e9 zmeny d\u013a\u017eky<\/li>\n<li>Plynul\u00fd prechod z nosenia do bojovej pohotovosti<\/li>\n<li>Vyroben\u00e9 v USA z kvalitn\u00fdch materi\u00e1lov<\/li>\n<\/ul>\n<p>Vickers Polstrovan\u00fd Popruh kombinuje pohodlie a funk\u010dnos\u0165.<\/p>\n","protected":false},"excerpt":{"rendered":"<p>R\u00fdchlo nastavite\u013en\u00fd taktick\u00fd popruh s polstrovan\u00fdm komfortom pre pu\u0161ky.<\/p>\n","protected":false},"featured_media":50834,"template":"","meta":{"_acf_changed":false},"product_brand":[11144],"product_cat":[13360,13364],"product_tag":[],"class_list":{"0":"post-51008","1":"product","2":"type-product","3":"status-publish","4":"has-post-thumbnail","6":"product_brand-blue-force-gear","7":"product_cat-remene","8":"product_cat-vystroj","10":"first","11":"instock","12":"taxable","13":"shipping-taxable","14":"purchasable","15":"product-type-variable","16":"wvs-archive-product-wrapper"},"acf":[],"_links":{"self":[{"href":"https:\/\/staging.nbg.eu\/sk\/wp-json\/wp\/v2\/product\/51008","targetHints":{"allow":["GET"]}}],"collection":[{"href":"https:\/\/staging.nbg.eu\/sk\/wp-json\/wp\/v2\/product"}],"about":[{"href":"https:\/\/staging.nbg.eu\/sk\/wp-json\/wp\/v2\/types\/product"}],"wp:featuredmedia":[{"embeddable":true,"href":"https:\/\/staging.nbg.eu\/sk\/wp-json\/wp\/v2\/media\/50834"}],"wp:attachment":[{"href":"https:\/\/staging.nbg.eu\/sk\/wp-json\/wp\/v2\/media?parent=51008"}],"wp:term":[{"taxonomy":"product_brand","embeddable":true,"href":"https:\/\/staging.nbg.eu\/sk\/wp-json\/wp\/v2\/product_brand?post=51008"},{"taxonomy":"product_cat","embeddable":true,"href":"https:\/\/staging.nbg.eu\/sk\/wp-json\/wp\/v2\/product_cat?post=51008"},{"taxonomy":"product_tag","embeddable":true,"href":"https:\/\/staging.nbg.eu\/sk\/wp-json\/wp\/v2\/product_tag?post=51008"}],"curies":[{"name":"wp","href":"https:\/\/api.w.org\/{rel}","templated":true}]}}