{"id":50833,"date":"2024-04-18T08:10:02","date_gmt":"2024-09-13T09:08:24","guid":{"rendered":"https:\/\/staging.nbg.eu\/product\/blue-force-gear-hunting-sling\/"},"modified":"2024-09-13T09:09:23","modified_gmt":"2024-09-13T09:09:23","slug":"blue-force-gear-polovnicky-popruh","status":"publish","type":"product","link":"https:\/\/staging.nbg.eu\/sk\/produkt\/blue-force-gear-polovnicky-popruh\/","title":{"rendered":"Blue Force Gear po\u013eovn\u00edcky popruh"},"content":{"rendered":"<h2>Po\u013eovn\u00edcky reme\u0148 Blue Force Gear<\/h2>\n<p>Po\u013eovn\u00edcky reme\u0148 Blue Force Gear je ur\u010den\u00fd pre pu\u0161ky a brokovnice. Tento v\u0161estrann\u00fd reme\u0148 sp\u00e1ja overen\u00fa kvalitu s jednoduch\u00fdm pou\u017eit\u00edm a je vhodn\u00fd pre tradi\u010dn\u00e9 z\u00e1vesy reme\u0148ov.<\/p>\n<h2>Hlavn\u00e9 vlastnosti:<\/h2>\n<ul>\n<li>Vojensk\u00e1 tkanina INVISTA\u2122 CORDURA\u00ae farben\u00e1 v roztoku<\/li>\n<li>R\u00fdchla nastavite\u013enos\u0165 od 66 cm do 117 cm<\/li>\n<li>S\u00fa\u010das\u0165ou s\u00fa oto\u010dn\u00e9 z\u00e1vesy s bo\u010dn\u00fdm uvo\u013enen\u00edm<\/li>\n<li>Odoln\u00fd vo\u010di vyblednutiu, zvlneniu, praskaniu alebo tvrdnutiu<\/li>\n<li>Vhodn\u00fd pre dlh\u00e9 t\u00fary a lezenie na posedy<\/li>\n<\/ul>\n<p>Tento reme\u0148 pon\u00faka vysok\u00fa odolnos\u0165 a funk\u010dnos\u0165 a umo\u017e\u0148uje plynul\u00fd prechod z polohy nosenia do polohy stre\u013eby. Umo\u017e\u0148uje bezpe\u010dne pripevni\u0165 zbra\u0148 k telu alebo ju uvo\u013eni\u0165 pre r\u00fdchle zamierenie a stre\u013ebu.<\/p>\n","protected":false},"excerpt":{"rendered":"<p>Odoln\u00fd, nastavite\u013en\u00fd reme\u0148 pre pu\u0161ky a brokovnice. Jednoduch\u00e9 pou\u017eitie.<\/p>\n","protected":false},"featured_media":50834,"template":"","meta":{"_acf_changed":false},"product_brand":[11144],"product_cat":[13360,13364],"product_tag":[],"class_list":{"0":"post-50833","1":"product","2":"type-product","3":"status-publish","4":"has-post-thumbnail","6":"product_brand-blue-force-gear","7":"product_cat-remene","8":"product_cat-vystroj","10":"first","11":"instock","12":"taxable","13":"shipping-taxable","14":"purchasable","15":"product-type-variable","16":"wvs-archive-product-wrapper"},"acf":[],"_links":{"self":[{"href":"https:\/\/staging.nbg.eu\/sk\/wp-json\/wp\/v2\/product\/50833","targetHints":{"allow":["GET"]}}],"collection":[{"href":"https:\/\/staging.nbg.eu\/sk\/wp-json\/wp\/v2\/product"}],"about":[{"href":"https:\/\/staging.nbg.eu\/sk\/wp-json\/wp\/v2\/types\/product"}],"wp:featuredmedia":[{"embeddable":true,"href":"https:\/\/staging.nbg.eu\/sk\/wp-json\/wp\/v2\/media\/50834"}],"wp:attachment":[{"href":"https:\/\/staging.nbg.eu\/sk\/wp-json\/wp\/v2\/media?parent=50833"}],"wp:term":[{"taxonomy":"product_brand","embeddable":true,"href":"https:\/\/staging.nbg.eu\/sk\/wp-json\/wp\/v2\/product_brand?post=50833"},{"taxonomy":"product_cat","embeddable":true,"href":"https:\/\/staging.nbg.eu\/sk\/wp-json\/wp\/v2\/product_cat?post=50833"},{"taxonomy":"product_tag","embeddable":true,"href":"https:\/\/staging.nbg.eu\/sk\/wp-json\/wp\/v2\/product_tag?post=50833"}],"curies":[{"name":"wp","href":"https:\/\/api.w.org\/{rel}","templated":true}]}}