{"id":50489,"date":"2024-04-18T10:53:56","date_gmt":"2024-09-13T08:59:34","guid":{"rendered":"https:\/\/staging.nbg.eu\/product\/blue-force-gear-gmt-sling\/"},"modified":"2024-09-13T09:00:33","modified_gmt":"2024-09-13T09:00:33","slug":"blue-force-gear-gmt-popruh","status":"publish","type":"product","link":"https:\/\/staging.nbg.eu\/sk\/produkt\/blue-force-gear-gmt-popruh\/","title":{"rendered":"Blue Force Gear GMT popruh"},"content":{"rendered":"<h2>Blue Force Gear GMT Popruh<\/h2>\n<p>Blue Force Gear GMT Popruh rie\u0161i nedostatky star\u0161\u00edch popruhovych syst\u00e9mov a pon\u00faka pohodlie a funk\u010dnos\u0165.<\/p>\n<h2>Hlavn\u00e9 vlastnosti:<\/h2>\n<ul>\n<li>Vlastn\u00e1 dvojit\u00e1 uzamykacia pracka vyroben\u00e1 z odoln\u00e9ho, nehrdzavej\u00faceho nylonu vystu\u017een\u00e9ho sklen\u00fdmi vl\u00e1knami<\/li>\n<li>Vlastn\u00fd popruh z nylonu CORDURA\u00ae farben\u00e9ho roztokom pre pohodlie a zn\u00ed\u017eenie zachyt\u00e1vania<\/li>\n<li>Jednoduch\u00e1 \u00faprava: Potiahnut\u00edm chvosta na utiahnutie, uchopen\u00edm gu\u013eovit\u00e9ho uvo\u013e\u0148ovacieho gomb\u00edka na uvo\u013enenie<\/li>\n<li>V\u0161it\u00e1 zar\u00e1\u017eka na konci chvosta zabra\u0148uje n\u00e1hodn\u00e9mu uvo\u013eneniu zbrane<\/li>\n<\/ul>\n<h2>\u0160pecifik\u00e1cie:<\/h2>\n<ul>\n<li>K dispoz\u00edcii v \u0161\u00edrkach popruhu 1&#8243; a 1,25&#8243;<\/li>\n<li>Kompatibiln\u00fd s r\u00f4znymi streln\u00fdmi zbra\u0148ami, od ultra\u013eahk\u00fdch pu\u0161iek po brokovnice<\/li>\n<li>D\u013a\u017eka: 34&#8243; &#8211; 64&#8243;<\/li>\n<li>Kovanie: Nylon DuPont Zytel\u00ae vystu\u017een\u00fd sklen\u00fdmi vl\u00e1knami<\/li>\n<\/ul>\n<p>GMT Popruh predstavuje \u010fal\u0161\u00ed v\u00fdvoj v dizajne taktick\u00fdch popruhov.<\/p>\n","protected":false},"excerpt":{"rendered":"<p>Inovat\u00edvny taktick\u00fd popruh s nehrdzavej\u00facim nastavovac\u00edm prvkom a pohodln\u00fdm popruhom.<\/p>\n","protected":false},"featured_media":50490,"template":"","meta":{"_acf_changed":false},"product_brand":[11144],"product_cat":[13360,13364],"product_tag":[],"class_list":{"0":"post-50489","1":"product","2":"type-product","3":"status-publish","4":"has-post-thumbnail","6":"product_brand-blue-force-gear","7":"product_cat-remene","8":"product_cat-vystroj","10":"first","11":"instock","12":"taxable","13":"shipping-taxable","14":"purchasable","15":"product-type-variable","16":"wvs-archive-product-wrapper"},"acf":[],"_links":{"self":[{"href":"https:\/\/staging.nbg.eu\/sk\/wp-json\/wp\/v2\/product\/50489","targetHints":{"allow":["GET"]}}],"collection":[{"href":"https:\/\/staging.nbg.eu\/sk\/wp-json\/wp\/v2\/product"}],"about":[{"href":"https:\/\/staging.nbg.eu\/sk\/wp-json\/wp\/v2\/types\/product"}],"wp:featuredmedia":[{"embeddable":true,"href":"https:\/\/staging.nbg.eu\/sk\/wp-json\/wp\/v2\/media\/50490"}],"wp:attachment":[{"href":"https:\/\/staging.nbg.eu\/sk\/wp-json\/wp\/v2\/media?parent=50489"}],"wp:term":[{"taxonomy":"product_brand","embeddable":true,"href":"https:\/\/staging.nbg.eu\/sk\/wp-json\/wp\/v2\/product_brand?post=50489"},{"taxonomy":"product_cat","embeddable":true,"href":"https:\/\/staging.nbg.eu\/sk\/wp-json\/wp\/v2\/product_cat?post=50489"},{"taxonomy":"product_tag","embeddable":true,"href":"https:\/\/staging.nbg.eu\/sk\/wp-json\/wp\/v2\/product_tag?post=50489"}],"curies":[{"name":"wp","href":"https:\/\/api.w.org\/{rel}","templated":true}]}}