{"id":50209,"date":"2024-04-21T18:34:24","date_gmt":"2024-09-13T08:44:33","guid":{"rendered":"https:\/\/staging.nbg.eu\/product\/blue-force-gear-molded-uwl-black\/"},"modified":"2024-09-13T08:45:27","modified_gmt":"2024-09-13T08:45:27","slug":"blue-force-gear-tvarovany-uwl-cierny","status":"publish","type":"product","link":"https:\/\/staging.nbg.eu\/sk\/produkt\/blue-force-gear-tvarovany-uwl-cierny\/","title":{"rendered":"Blue Force Gear tvarovan\u00fd UWL &#8211; \u010dierny"},"content":{"rendered":"<div class=\"product-description\">\n<h2>Blue Force Gear Tvarovan\u00e1 UWL &#8211; \u010cierna<\/h2>\n<p>Tvarovan\u00e1 univerz\u00e1lna dr\u00f4ten\u00e1 slu\u010dka (UWL) umo\u017e\u0148uje pripevnenie popruhov k r\u00f4znym bodom uchytenia zbrane. Je ur\u010den\u00e1 pre popruhy so \u0161\u00edrkou do 3,2 cm, vr\u00e1tane popruhu Vickers. Toto rie\u0161enie je vhodn\u00e9 pre o\u010dk\u00e1, \u0161trbiny a otvory na ko\u013eajniciach.<\/p>\n<h3>Hlavn\u00e9 vlastnosti:<\/h3>\n<ul>\n<li>Nyl\u00f3nom potiahnut\u00fd oce\u013eov\u00fd k\u00e1bel leteckej kvality<\/li>\n<li>Telo z odoln\u00e9ho nylonu 6-6<\/li>\n<li>Dr\u00f4ten\u00e1 slu\u010dka 6,5 cm od z\u00e1kladne po vrch<\/li>\n<li>3,2 cm slu\u010dka na popruh kompatibiln\u00e1 s popruhmi Vickers Combat Applications<\/li>\n<li>Tla\u010didlov\u00e1 z\u00e1suvka pre \u0161tandardn\u00e9 oto\u010dn\u00e9 z\u00e1vesy popruhov<\/li>\n<li>Konce s gu\u013eov\u00fdm driekom priamo pripevnen\u00e9 k dr\u00f4tu pre zv\u00fd\u0161en\u00fa pevnos\u0165<\/li>\n<\/ul>\n<p>Blue Force Gear Tvarovan\u00e1 UWL &#8211; \u010cierna umo\u017e\u0148uje pripevnenie popruhov r\u00f4znymi sp\u00f4sobmi.<\/p>\n<\/div>\n","protected":false},"excerpt":{"rendered":"<p>Univerz\u00e1lny \u00fachyt na popruhy so \u0161\u00edrkou 1,25&#8243;. Odoln\u00fd a \u013eahk\u00fd dizajn.<\/p>\n","protected":false},"featured_media":50210,"template":"","meta":{"_acf_changed":false},"product_brand":[11144],"product_cat":[13360,13364],"product_tag":[],"class_list":{"0":"post-50209","1":"product","2":"type-product","3":"status-publish","4":"has-post-thumbnail","6":"product_brand-blue-force-gear","7":"product_cat-remene","8":"product_cat-vystroj","10":"first","11":"instock","12":"taxable","13":"shipping-taxable","14":"purchasable","15":"product-type-simple"},"acf":[],"_links":{"self":[{"href":"https:\/\/staging.nbg.eu\/sk\/wp-json\/wp\/v2\/product\/50209","targetHints":{"allow":["GET"]}}],"collection":[{"href":"https:\/\/staging.nbg.eu\/sk\/wp-json\/wp\/v2\/product"}],"about":[{"href":"https:\/\/staging.nbg.eu\/sk\/wp-json\/wp\/v2\/types\/product"}],"wp:featuredmedia":[{"embeddable":true,"href":"https:\/\/staging.nbg.eu\/sk\/wp-json\/wp\/v2\/media\/50210"}],"wp:attachment":[{"href":"https:\/\/staging.nbg.eu\/sk\/wp-json\/wp\/v2\/media?parent=50209"}],"wp:term":[{"taxonomy":"product_brand","embeddable":true,"href":"https:\/\/staging.nbg.eu\/sk\/wp-json\/wp\/v2\/product_brand?post=50209"},{"taxonomy":"product_cat","embeddable":true,"href":"https:\/\/staging.nbg.eu\/sk\/wp-json\/wp\/v2\/product_cat?post=50209"},{"taxonomy":"product_tag","embeddable":true,"href":"https:\/\/staging.nbg.eu\/sk\/wp-json\/wp\/v2\/product_tag?post=50209"}],"curies":[{"name":"wp","href":"https:\/\/api.w.org\/{rel}","templated":true}]}}