{"id":49975,"date":"2024-05-23T19:46:21","date_gmt":"2024-09-13T08:37:43","guid":{"rendered":"https:\/\/staging.nbg.eu\/product\/blue-force-gear-micro-trauma-kit-now\/"},"modified":"2024-09-13T08:38:41","modified_gmt":"2024-09-13T08:38:41","slug":"blue-force-gear-micro-traumatologicka-suprava-now","status":"publish","type":"product","link":"https:\/\/staging.nbg.eu\/sk\/produkt\/blue-force-gear-micro-traumatologicka-suprava-now\/","title":{"rendered":"Blue Force Gear Micro traumatologick\u00e1 s\u00faprava NOW!"},"content":{"rendered":"<div class=\"product-description\">\n<h2>Blue Force Gear Micro Trauma Kit NOW!<\/h2>\n<p>Micro Trauma Kit NOW! (Micro TKN) je kompaktn\u00e9 rie\u0161enie na ka\u017edodenn\u00e9 nosenie z\u00e1kladn\u00fdch zdravotn\u00edckych potrieb. Je ur\u010den\u00fd pre profesion\u00e1lov v oblasti presadzovania pr\u00e1va, pripraven\u00fdch ob\u010danov a lovcov. Tento kit pripevnen\u00fd na opasok zabezpe\u010duje r\u00fdchly pr\u00edstup k d\u00f4le\u017eit\u00fdm polo\u017ek\u00e1m prvej pomoci.<\/p>\n<h2>Hlavn\u00e9 vlastnosti:<\/h2>\n<ul>\n<li>Kompaktn\u00e1 ve\u013ekos\u0165 pre pohodln\u00e9 ka\u017edodenn\u00e9 nosenie<\/li>\n<li>Mo\u017enos\u0165 vytiahnutia jednou rukou z oboch str\u00e1n<\/li>\n<li>Mo\u017enosti pripojenia MOLLE alebo na opasok<\/li>\n<li>Technol\u00f3gia Ten-Speed pre bezpe\u010dn\u00e9 ulo\u017eenie<\/li>\n<li>Vyberate\u013en\u00e1 vlo\u017eka pre organizovan\u00e9 ulo\u017eenie z\u00e1sob<\/li>\n<li>Nastavite\u013en\u00e9 \u00fachyty na such\u00fd zips vhodn\u00e9 pre v\u00e4\u010d\u0161inu opaskov<\/li>\n<\/ul>\n<p>Bu\u010fte pripraven\u00ed na n\u00fadzov\u00e9 situ\u00e1cie s Micro TKN &#8211; va\u0161im prenosn\u00fdm z\u00e1chrann\u00fdm prostriedkom, ke\u010f z\u00e1le\u017e\u00ed na ka\u017edej sekunde.<\/p>\n<\/div>\n","protected":false},"excerpt":{"rendered":"<p>Kompaktn\u00e1, \u017eivot zachra\u0148uj\u00faca traumatick\u00e1 s\u00faprava na ka\u017edodenn\u00e9 nosenie na opasku.<\/p>\n","protected":false},"featured_media":49976,"template":"","meta":{"_acf_changed":false},"product_brand":[11144],"product_cat":[13364,13399],"product_tag":[],"class_list":{"0":"post-49975","1":"product","2":"type-product","3":"status-publish","4":"has-post-thumbnail","6":"product_brand-blue-force-gear","7":"product_cat-vystroj","8":"product_cat-zdravotnicke","10":"first","11":"instock","12":"taxable","13":"shipping-taxable","14":"purchasable","15":"product-type-variable","16":"wvs-archive-product-wrapper"},"acf":[],"_links":{"self":[{"href":"https:\/\/staging.nbg.eu\/sk\/wp-json\/wp\/v2\/product\/49975","targetHints":{"allow":["GET"]}}],"collection":[{"href":"https:\/\/staging.nbg.eu\/sk\/wp-json\/wp\/v2\/product"}],"about":[{"href":"https:\/\/staging.nbg.eu\/sk\/wp-json\/wp\/v2\/types\/product"}],"wp:featuredmedia":[{"embeddable":true,"href":"https:\/\/staging.nbg.eu\/sk\/wp-json\/wp\/v2\/media\/49976"}],"wp:attachment":[{"href":"https:\/\/staging.nbg.eu\/sk\/wp-json\/wp\/v2\/media?parent=49975"}],"wp:term":[{"taxonomy":"product_brand","embeddable":true,"href":"https:\/\/staging.nbg.eu\/sk\/wp-json\/wp\/v2\/product_brand?post=49975"},{"taxonomy":"product_cat","embeddable":true,"href":"https:\/\/staging.nbg.eu\/sk\/wp-json\/wp\/v2\/product_cat?post=49975"},{"taxonomy":"product_tag","embeddable":true,"href":"https:\/\/staging.nbg.eu\/sk\/wp-json\/wp\/v2\/product_tag?post=49975"}],"curies":[{"name":"wp","href":"https:\/\/api.w.org\/{rel}","templated":true}]}}