{"id":49611,"date":"2024-07-29T13:10:43","date_gmt":"2024-09-12T16:17:37","guid":{"rendered":"https:\/\/staging.nbg.eu\/product\/cobra-buckle-conversion-kit\/"},"modified":"2024-09-12T16:18:35","modified_gmt":"2024-09-12T16:18:35","slug":"cobra-prestavbova-sada-pracky","status":"publish","type":"product","link":"https:\/\/staging.nbg.eu\/sk\/produkt\/cobra-prestavbova-sada-pracky\/","title":{"rendered":"COBRA\u00ae Prestavbov\u00e1 sada pracky"},"content":{"rendered":"<div class=\"product-description\">\n<h2>COBRA\u00ae Sada na konverziu pracky pre GRID\u2122 opasok<\/h2>\n<p>Vylep\u0161ite svoj GRID\u2122 opasok na\u0161ou sadou na konverziu pracky COBRA\u00ae, ktor\u00e1 obsahuje patentovan\u00fa pracku COBRA\u00ae ProStyle novej gener\u00e1cie. T\u00e1to sada prid\u00e1va funkcionalitu r\u00fdchleho uvo\u013enenia a odoln\u00fd vzh\u013ead v\u00e1\u0161ho opasku.<\/p>\n<h3>Hlavn\u00e9 vlastnosti:<\/h3>\n<ul>\n<li>Upraven\u00fd stabiliza\u010dn\u00fd z\u00e1mok pre plynul\u00e9 zamykanie a zabr\u00e1nenie n\u00e1hodn\u00e9mu otvoreniu<\/li>\n<li>Sp\u013a\u0148a normy ANSI a CSA<\/li>\n<li>Certifikovan\u00fd na odolnos\u0165 vo\u010di so\u013enej hmle a viejaciemu piesku<\/li>\n<li>Funkcionalita r\u00fdchleho uvo\u013enenia pre zv\u00fd\u0161en\u00fa praktickos\u0165<\/li>\n<\/ul>\n<p><strong>Pozn\u00e1mka:<\/strong> T\u00e1to vylep\u0161ovacia sada neprid\u00e1va GRID opasku schopnos\u0165 nies\u0165 z\u00e1\u0165a\u017e. Pre mo\u017enosti s hodnoten\u00edm z\u00e1\u0165a\u017ee zv\u00e1\u017ete n\u00e1\u0161 CHLK opasok.<\/p>\n<\/div>\n","protected":false},"excerpt":{"rendered":"<p>Sada pracky COBRA\u00ae: R\u00fdchloodop\u00ednacia moderniz\u00e1cia pre opasok GRID\u2122. Bezpe\u010dn\u00e1 a \u0161t\u00fdlov\u00e1.<\/p>\n","protected":false},"featured_media":49614,"template":"","meta":{"_acf_changed":false},"product_brand":[],"product_cat":[13383,13364],"product_tag":[],"class_list":{"0":"post-49611","1":"product","2":"type-product","3":"status-publish","4":"has-post-thumbnail","6":"product_cat-takticke-opasky","7":"product_cat-vystroj","9":"first","10":"instock","11":"taxable","12":"shipping-taxable","13":"purchasable","14":"product-type-variable","15":"wvs-archive-product-wrapper"},"acf":[],"_links":{"self":[{"href":"https:\/\/staging.nbg.eu\/sk\/wp-json\/wp\/v2\/product\/49611","targetHints":{"allow":["GET"]}}],"collection":[{"href":"https:\/\/staging.nbg.eu\/sk\/wp-json\/wp\/v2\/product"}],"about":[{"href":"https:\/\/staging.nbg.eu\/sk\/wp-json\/wp\/v2\/types\/product"}],"wp:featuredmedia":[{"embeddable":true,"href":"https:\/\/staging.nbg.eu\/sk\/wp-json\/wp\/v2\/media\/49614"}],"wp:attachment":[{"href":"https:\/\/staging.nbg.eu\/sk\/wp-json\/wp\/v2\/media?parent=49611"}],"wp:term":[{"taxonomy":"product_brand","embeddable":true,"href":"https:\/\/staging.nbg.eu\/sk\/wp-json\/wp\/v2\/product_brand?post=49611"},{"taxonomy":"product_cat","embeddable":true,"href":"https:\/\/staging.nbg.eu\/sk\/wp-json\/wp\/v2\/product_cat?post=49611"},{"taxonomy":"product_tag","embeddable":true,"href":"https:\/\/staging.nbg.eu\/sk\/wp-json\/wp\/v2\/product_tag?post=49611"}],"curies":[{"name":"wp","href":"https:\/\/api.w.org\/{rel}","templated":true}]}}