{"id":49501,"date":"2024-07-29T18:42:30","date_gmt":"2024-09-12T16:13:24","guid":{"rendered":"https:\/\/staging.nbg.eu\/product\/large-utility-dapper-pouch\/"},"modified":"2024-09-12T16:14:24","modified_gmt":"2024-09-12T16:14:24","slug":"velke-univerzalne-puzdro-dapper","status":"publish","type":"product","link":"https:\/\/staging.nbg.eu\/sk\/produkt\/velke-univerzalne-puzdro-dapper\/","title":{"rendered":"Ve\u013ek\u00e9 univerz\u00e1lne puzdro Dapper"},"content":{"rendered":"<div class=\"product-description\">\n<h2>Ve\u013ek\u00e9 \u00fa\u017eitkov\u00e9 puzdro<\/h2>\n<p>Toto puzdro je navrhnut\u00e9 na uchov\u00e1vanie v\u00e4\u010d\u0161iny ka\u017edodenn\u00fdch predmetov a vybavenia. Je vhodn\u00e9 pre nab\u00edja\u010dky, po\u010d\u00edta\u010dov\u00e9 pr\u00edslu\u0161enstvo, zdravotn\u00edcke potreby a n\u00e1stroje.<\/p>\n<ul>\n<li>R\u00fdchla in\u0161tal\u00e1cia a odstr\u00e1nenie na akomko\u013evek slu\u010dkovom poli<\/li>\n<li>Dva modr\u00e9 zipsy pre \u013eahk\u00fd pr\u00edstup<\/li>\n<li>Gumov\u00e1 rukov\u00e4\u0165 na vrchu pre pohodln\u00e9 pren\u00e1\u0161anie<\/li>\n<li>Prieh\u013eadn\u00e1 horn\u00e1 \u010das\u0165 pre r\u00fdchly preh\u013ead obsahu<\/li>\n<li>Vn\u00fatorn\u00e9 slu\u010dkov\u00e9 pole pre \u010fal\u0161ie mo\u017enosti organiz\u00e1cie<\/li>\n<li>H\u00e1\u010diky na zadnej strane pre upevnenie na r\u00f4zne povrchy<\/li>\n<\/ul>\n<p>Vhodn\u00e9 na pou\u017eitie s Blue Force Gear batohmi, Dapper vlo\u017ekami alebo vlastn\u00fdmi aplik\u00e1ciami.<\/p>\n<\/div>\n","protected":false},"excerpt":{"rendered":"<p>V\u0161estrann\u00e9, odn\u00edmate\u013en\u00e9 puzdro na ka\u017edodenn\u00e9 vybavenie a nevyhnutnosti pre misie.<\/p>\n","protected":false},"featured_media":49505,"template":"","meta":{"_acf_changed":false},"product_brand":[11144],"product_cat":[13355,13364],"product_tag":[],"class_list":{"0":"post-49501","1":"product","2":"type-product","3":"status-publish","4":"has-post-thumbnail","6":"product_brand-blue-force-gear","7":"product_cat-vrecka","8":"product_cat-vystroj","10":"first","11":"instock","12":"taxable","13":"shipping-taxable","14":"purchasable","15":"product-type-simple"},"acf":[],"_links":{"self":[{"href":"https:\/\/staging.nbg.eu\/sk\/wp-json\/wp\/v2\/product\/49501","targetHints":{"allow":["GET"]}}],"collection":[{"href":"https:\/\/staging.nbg.eu\/sk\/wp-json\/wp\/v2\/product"}],"about":[{"href":"https:\/\/staging.nbg.eu\/sk\/wp-json\/wp\/v2\/types\/product"}],"wp:featuredmedia":[{"embeddable":true,"href":"https:\/\/staging.nbg.eu\/sk\/wp-json\/wp\/v2\/media\/49505"}],"wp:attachment":[{"href":"https:\/\/staging.nbg.eu\/sk\/wp-json\/wp\/v2\/media?parent=49501"}],"wp:term":[{"taxonomy":"product_brand","embeddable":true,"href":"https:\/\/staging.nbg.eu\/sk\/wp-json\/wp\/v2\/product_brand?post=49501"},{"taxonomy":"product_cat","embeddable":true,"href":"https:\/\/staging.nbg.eu\/sk\/wp-json\/wp\/v2\/product_cat?post=49501"},{"taxonomy":"product_tag","embeddable":true,"href":"https:\/\/staging.nbg.eu\/sk\/wp-json\/wp\/v2\/product_tag?post=49501"}],"curies":[{"name":"wp","href":"https:\/\/api.w.org\/{rel}","templated":true}]}}