{"id":49275,"date":"2024-07-29T18:45:25","date_gmt":"2024-09-12T16:09:08","guid":{"rendered":"https:\/\/staging.nbg.eu\/product\/ten-speed-single-m4-mag-pouch\/"},"modified":"2024-09-12T16:10:18","modified_gmt":"2024-09-12T16:10:18","slug":"ten-speed-puzdro-na-jeden-zasobnik-m4","status":"publish","type":"product","link":"https:\/\/staging.nbg.eu\/sk\/produkt\/ten-speed-puzdro-na-jeden-zasobnik-m4\/","title":{"rendered":"Ten-Speed\u00ae Puzdro na jeden z\u00e1sobn\u00edk M4"},"content":{"rendered":"<div class=\"product-description\">\n<h2>Puzdro na jeden z\u00e1sobn\u00edk M4<\/h2>\n<p>Toto \u013eahk\u00e9 puzdro dr\u017e\u00ed jeden z\u00e1sobn\u00edk M4 alebo podobn\u00e9 predmety. Vyroben\u00e9 z elastick\u00e9ho materi\u00e1lu a ULTRAcomp\u2122, le\u017e\u00ed naplocho, ke\u010f je pr\u00e1zdne.<\/p>\n<h3>Hlavn\u00e9 vlastnosti:<\/h3>\n<ul>\n<li>Patentovan\u00fd upev\u0148ovac\u00ed syst\u00e9m Helium Whisper\u00ae<\/li>\n<li>Kompatibiln\u00e9 s MOLLE<\/li>\n<li>O 60% \u013eah\u0161ie ako tradi\u010dn\u00e9 puzdr\u00e1<\/li>\n<li>Odoln\u00fd lamin\u00e1t<\/li>\n<li>Optimalizovan\u00e9 zadr\u017eiavanie a trvanlivos\u0165<\/li>\n<\/ul>\n<h3>\u0160pecifik\u00e1cie:<\/h3>\n<ul>\n<li>Rozmery: 0,32 cm x 7,62 cm x 15,24 cm<\/li>\n<li>MOLLE pole: 3 x 2<\/li>\n<li>Materi\u00e1ly: Ten-Speed\u00ae elastick\u00fd materi\u00e1l, ULTRAcomp\u2122 lamin\u00e1t<\/li>\n<\/ul>\n<p>Toto puzdro je vhodn\u00e9 pre vojensk\u00e9, policajn\u00e9 a taktick\u00e9 pou\u017eitie.<\/p>\n<\/div>\n","protected":false},"excerpt":{"rendered":"<p>\u013dahk\u00e9, bezpe\u010dn\u00e9 puzdro na z\u00e1sobn\u00edk M4. R\u00fdchly pr\u00edstup, ploch\u00fd profil.<\/p>\n","protected":false},"featured_media":49284,"template":"","meta":{"_acf_changed":false},"product_brand":[11144],"product_cat":[13340,13355,13364],"product_tag":[],"class_list":{"0":"post-49275","1":"product","2":"type-product","3":"status-publish","4":"has-post-thumbnail","6":"product_brand-blue-force-gear","7":"product_cat-drziaky-na-zasobniky","8":"product_cat-vrecka","9":"product_cat-vystroj","11":"first","12":"instock","13":"taxable","14":"shipping-taxable","15":"purchasable","16":"product-type-variable","17":"wvs-archive-product-wrapper"},"acf":[],"_links":{"self":[{"href":"https:\/\/staging.nbg.eu\/sk\/wp-json\/wp\/v2\/product\/49275","targetHints":{"allow":["GET"]}}],"collection":[{"href":"https:\/\/staging.nbg.eu\/sk\/wp-json\/wp\/v2\/product"}],"about":[{"href":"https:\/\/staging.nbg.eu\/sk\/wp-json\/wp\/v2\/types\/product"}],"wp:featuredmedia":[{"embeddable":true,"href":"https:\/\/staging.nbg.eu\/sk\/wp-json\/wp\/v2\/media\/49284"}],"wp:attachment":[{"href":"https:\/\/staging.nbg.eu\/sk\/wp-json\/wp\/v2\/media?parent=49275"}],"wp:term":[{"taxonomy":"product_brand","embeddable":true,"href":"https:\/\/staging.nbg.eu\/sk\/wp-json\/wp\/v2\/product_brand?post=49275"},{"taxonomy":"product_cat","embeddable":true,"href":"https:\/\/staging.nbg.eu\/sk\/wp-json\/wp\/v2\/product_cat?post=49275"},{"taxonomy":"product_tag","embeddable":true,"href":"https:\/\/staging.nbg.eu\/sk\/wp-json\/wp\/v2\/product_tag?post=49275"}],"curies":[{"name":"wp","href":"https:\/\/api.w.org\/{rel}","templated":true}]}}