{"id":49045,"date":"2024-07-29T18:46:44","date_gmt":"2024-09-12T16:04:45","guid":{"rendered":"https:\/\/staging.nbg.eu\/product\/horizontal-ten-speed-single-m4-mag-pouch\/"},"modified":"2024-09-12T16:05:48","modified_gmt":"2024-09-12T16:05:48","slug":"horizontalne-ten-speed-puzdro-na-jeden-zasobnik-m4","status":"publish","type":"product","link":"https:\/\/staging.nbg.eu\/sk\/produkt\/horizontalne-ten-speed-puzdro-na-jeden-zasobnik-m4\/","title":{"rendered":"Horizont\u00e1lne Ten-Speed\u00ae Puzdro na jeden z\u00e1sobn\u00edk M4"},"content":{"rendered":"<h2>Horizont\u00e1lne puzdro na jeden z\u00e1sobn\u00edk M4 Ten-Speed\u00ae<\/h2>\n<p>Horizont\u00e1lne puzdro Ten-Speed\u00ae M4 na z\u00e1sobn\u00edk pon\u00faka rie\u0161enie pre nosenie mun\u00edcie. Puzdro s elastickou kon\u0161trukciou je navrhnut\u00e9 na upevnenie na nevyu\u017eit\u00e9 sekcie MOLLE syst\u00e9mu na nosi\u010doch platn\u00ed, vest\u00e1ch alebo opaskoch.<\/p>\n<ul>\n<li>Kompatibiln\u00e9 s 30-n\u00e1bojov\u00fdmi z\u00e1sobn\u00edkmi STANAG M4 a v\u00e4\u010d\u0161inou z\u00e1sobn\u00edkov kalibru 5,56<\/li>\n<li>Vhodn\u00e9 pre v\u00e4\u010d\u0161ie z\u00e1sobn\u00edky SMG (UMP, CZ Scorpion, P90) a niektor\u00e9 z\u00e1sobn\u00edky AK-74<\/li>\n<li>Mo\u017enosti ulo\u017eenia: n\u00e1boje hore\/dole, dopredu\/dozadu<\/li>\n<li>Dostupn\u00e9 vo verzi\u00e1ch kompatibiln\u00fdch s MOLLE Helium Whisper a mont\u00e1\u017eou na opasok<\/li>\n<li>Verzia na opasok je vhodn\u00e1 pre opasky do \u0161\u00edrky 5 cm s nastavite\u013en\u00fdmi such\u00fdmi zipsami<\/li>\n<\/ul>\n<p>Horizont\u00e1lne puzdro Ten-Speed\u00ae na jeden z\u00e1sobn\u00edk M4 je rie\u0161enie pre efekt\u00edvne usporiadanie mun\u00edcie.<\/p>\n","protected":false},"excerpt":{"rendered":"<p>V\u0161estrann\u00e9 horizont\u00e1lne puzdro na z\u00e1sobn\u00edky pre M4\/5,56 mm. Mo\u017enos\u0165 pripevnenia na syst\u00e9m MOLLE alebo opasok.<\/p>\n","protected":false},"featured_media":49052,"template":"","meta":{"_acf_changed":false},"product_brand":[11144],"product_cat":[13340,13355,13364],"product_tag":[],"class_list":{"0":"post-49045","1":"product","2":"type-product","3":"status-publish","4":"has-post-thumbnail","6":"product_brand-blue-force-gear","7":"product_cat-drziaky-na-zasobniky","8":"product_cat-vrecka","9":"product_cat-vystroj","11":"first","12":"instock","13":"taxable","14":"shipping-taxable","15":"purchasable","16":"product-type-simple"},"acf":[],"_links":{"self":[{"href":"https:\/\/staging.nbg.eu\/sk\/wp-json\/wp\/v2\/product\/49045","targetHints":{"allow":["GET"]}}],"collection":[{"href":"https:\/\/staging.nbg.eu\/sk\/wp-json\/wp\/v2\/product"}],"about":[{"href":"https:\/\/staging.nbg.eu\/sk\/wp-json\/wp\/v2\/types\/product"}],"wp:featuredmedia":[{"embeddable":true,"href":"https:\/\/staging.nbg.eu\/sk\/wp-json\/wp\/v2\/media\/49052"}],"wp:attachment":[{"href":"https:\/\/staging.nbg.eu\/sk\/wp-json\/wp\/v2\/media?parent=49045"}],"wp:term":[{"taxonomy":"product_brand","embeddable":true,"href":"https:\/\/staging.nbg.eu\/sk\/wp-json\/wp\/v2\/product_brand?post=49045"},{"taxonomy":"product_cat","embeddable":true,"href":"https:\/\/staging.nbg.eu\/sk\/wp-json\/wp\/v2\/product_cat?post=49045"},{"taxonomy":"product_tag","embeddable":true,"href":"https:\/\/staging.nbg.eu\/sk\/wp-json\/wp\/v2\/product_tag?post=49045"}],"curies":[{"name":"wp","href":"https:\/\/api.w.org\/{rel}","templated":true}]}}