{"id":48871,"date":"2024-07-29T18:47:29","date_gmt":"2024-09-12T15:58:05","guid":{"rendered":"https:\/\/staging.nbg.eu\/product\/ten-speed-triple-m4-mag-pouch\/"},"modified":"2024-09-12T15:59:07","modified_gmt":"2024-09-12T15:59:07","slug":"ten-speed-puzdro-na-tri-zasobniky-m4","status":"publish","type":"product","link":"https:\/\/staging.nbg.eu\/sk\/produkt\/ten-speed-puzdro-na-tri-zasobniky-m4\/","title":{"rendered":"Ten-Speed\u00ae Puzdro na tri z\u00e1sobn\u00edky M4"},"content":{"rendered":"<div class=\"product-description\">\n<h2>Ten-Speed\u00ae Trojit\u00fd M4 z\u00e1sobn\u00edkov\u00e9 puzdro od BFG<\/h2>\n<p>Toto \u013eahk\u00e9 puzdro dr\u017e\u00ed tri z\u00e1sobn\u00edky AR\/M4 alebo M16. Obsahuje elastick\u00fd materi\u00e1l vojenskej kvality a ULTRAcomp\u00ae lamin\u00e1t, le\u017e\u00ed naplocho, ke\u010f je pr\u00e1zdne.<\/p>\n<ul>\n<li>Dr\u017e\u00ed polym\u00e9rov\u00e9 alebo kovov\u00e9 z\u00e1sobn\u00edky<\/li>\n<li>Viac\u00fa\u010delov\u00fd dizajn pre zdravotn\u00edcke potreby, z\u00e1bleskov\u00e9 gran\u00e1ty at\u010f.<\/li>\n<li>Kompatibiln\u00e9 s MOLLE syst\u00e9mom s Helium Whisper\u00ae upevnen\u00edm<\/li>\n<li>Rozmery: 0,3175 cm x 22,86 cm x 15,24 cm<\/li>\n<li>Vy\u017eaduje 3 x 6 MOLLE pole<\/li>\n<\/ul>\n<p>Ten-Speed\u00ae technol\u00f3gia v kompaktnom balen\u00ed. Vhodn\u00e9 pre vojensk\u00e9, policajn\u00e9 a taktick\u00e9 pou\u017eitie.<\/p>\n<\/div>\n","protected":false},"excerpt":{"rendered":"<p>\u013dahk\u00e9, flexibiln\u00e9 puzdro MOLLE pre 3 z\u00e1sobn\u00edky AR\/M4 alebo podobn\u00e9 predmety.<\/p>\n","protected":false},"featured_media":48881,"template":"","meta":{"_acf_changed":false},"product_brand":[11144],"product_cat":[13340,13355,13364],"product_tag":[],"class_list":{"0":"post-48871","1":"product","2":"type-product","3":"status-publish","4":"has-post-thumbnail","6":"product_brand-blue-force-gear","7":"product_cat-drziaky-na-zasobniky","8":"product_cat-vrecka","9":"product_cat-vystroj","11":"first","12":"instock","13":"taxable","14":"shipping-taxable","15":"purchasable","16":"product-type-simple"},"acf":[],"_links":{"self":[{"href":"https:\/\/staging.nbg.eu\/sk\/wp-json\/wp\/v2\/product\/48871","targetHints":{"allow":["GET"]}}],"collection":[{"href":"https:\/\/staging.nbg.eu\/sk\/wp-json\/wp\/v2\/product"}],"about":[{"href":"https:\/\/staging.nbg.eu\/sk\/wp-json\/wp\/v2\/types\/product"}],"wp:featuredmedia":[{"embeddable":true,"href":"https:\/\/staging.nbg.eu\/sk\/wp-json\/wp\/v2\/media\/48881"}],"wp:attachment":[{"href":"https:\/\/staging.nbg.eu\/sk\/wp-json\/wp\/v2\/media?parent=48871"}],"wp:term":[{"taxonomy":"product_brand","embeddable":true,"href":"https:\/\/staging.nbg.eu\/sk\/wp-json\/wp\/v2\/product_brand?post=48871"},{"taxonomy":"product_cat","embeddable":true,"href":"https:\/\/staging.nbg.eu\/sk\/wp-json\/wp\/v2\/product_cat?post=48871"},{"taxonomy":"product_tag","embeddable":true,"href":"https:\/\/staging.nbg.eu\/sk\/wp-json\/wp\/v2\/product_tag?post=48871"}],"curies":[{"name":"wp","href":"https:\/\/api.w.org\/{rel}","templated":true}]}}